{"id":775506,"date":"2025-09-10T13:25:36","date_gmt":"2025-09-10T10:25:36","guid":{"rendered":"https:\/\/roveyayinevi.com.tr\/index.php\/urun\/dunyayi-sarsan-olaylar\/"},"modified":"2026-04-15T03:41:45","modified_gmt":"2026-04-15T00:41:45","slug":"dunyayi-sarsan-olaylar","status":"publish","type":"product","link":"https:\/\/roveyayinevi.com.tr\/index.php\/urun\/dunyayi-sarsan-olaylar\/","title":{"rendered":"D\u00fcnyay\u0131 Sarsan Olaylar"},"content":{"rendered":"<p>Biz insanlar, gezegen \u00fczerindeki h\u00e2kimiyetimize kesin g\u00f6z\u00fcyle bakar\u0131z ancak kimi zaman do\u011fa bize bunun bir yan\u0131lsama oldu\u011funu hat\u0131rlat\u0131r. Tektonik hareketler yery\u00fcz\u00fcn\u00fc par\u00e7alar, devasa dalgalar sahil kasabalar\u0131n\u0131 sular alt\u0131nda b\u0131rak\u0131r, yanarda\u011flardan lavlar f\u0131\u015fk\u0131r\u0131r ve kas\u0131rgalar geni\u015f arazileri yerle bir eder. Bu kitap arac\u0131l\u0131\u011f\u0131yla depremlerin, tsunamilerin, yanarda\u011flar\u0131n, \u00e7\u0131\u011flar\u0131n, tropikal siklonlar\u0131n, hortumlar\u0131n, tipilerin, dolu f\u0131rt\u0131nalar\u0131n\u0131n ve orman yang\u0131nlar\u0131n\u0131n ard\u0131ndaki bilimi ke\u015ffedecek, do\u011fan\u0131n en y\u0131k\u0131c\u0131 anlar\u0131na tan\u0131kl\u0131k edip g\u00fcc\u00fc kar\u015f\u0131s\u0131nda b\u00fcy\u00fcleneceksiniz!<\/p>\n","protected":false},"excerpt":{"rendered":"<p>Biz insanlar, gezegen \u00fczerindeki h\u00e2kimiyetimize kesin g\u00f6z\u00fcyle bakar\u0131z ancak kimi zaman do\u011fa bize bunun bir yan\u0131lsama oldu\u011funu hat\u0131rlat\u0131r. Tektonik hareketler yery\u00fcz\u00fcn\u00fc par\u00e7alar, devasa dalgalar sahil kasabalar\u0131n\u0131<span class=\"excerpt-hellip\"> [\u2026]<\/span><\/p>\n","protected":false},"featured_media":0,"template":"","meta":{"_monsterinsights_skip_tracking":false,"_monsterinsights_sitenote_active":false,"_monsterinsights_sitenote_note":"","_monsterinsights_sitenote_category":0},"product_brand":[],"product_cat":[12689,12274],"product_tag":[],"class_list":{"0":"post-775506","1":"product","2":"type-product","3":"status-publish","5":"product_cat-cizgi-roman-cocuk-ve-genclik-kitaplari","6":"product_cat-cocuk-ve-genclik-kitaplari","7":"pa_cilt-ciltsiz","8":"pa_tur-kitap","9":"pa_yayinevi-hep-kitap","10":"pa_yazar-robin-jacobs","12":"first","13":"instock","14":"sale","15":"shipping-taxable","16":"purchasable","17":"product-type-simple"},"_links":{"self":[{"href":"https:\/\/roveyayinevi.com.tr\/index.php\/wp-json\/wp\/v2\/product\/775506","targetHints":{"allow":["GET"]}}],"collection":[{"href":"https:\/\/roveyayinevi.com.tr\/index.php\/wp-json\/wp\/v2\/product"}],"about":[{"href":"https:\/\/roveyayinevi.com.tr\/index.php\/wp-json\/wp\/v2\/types\/product"}],"wp:attachment":[{"href":"https:\/\/roveyayinevi.com.tr\/index.php\/wp-json\/wp\/v2\/media?parent=775506"}],"wp:term":[{"taxonomy":"product_brand","embeddable":true,"href":"https:\/\/roveyayinevi.com.tr\/index.php\/wp-json\/wp\/v2\/product_brand?post=775506"},{"taxonomy":"product_cat","embeddable":true,"href":"https:\/\/roveyayinevi.com.tr\/index.php\/wp-json\/wp\/v2\/product_cat?post=775506"},{"taxonomy":"product_tag","embeddable":true,"href":"https:\/\/roveyayinevi.com.tr\/index.php\/wp-json\/wp\/v2\/product_tag?post=775506"}],"curies":[{"name":"wp","href":"https:\/\/api.w.org\/{rel}","templated":true}]}}