{"id":775505,"date":"2025-09-10T13:25:34","date_gmt":"2025-09-10T10:25:34","guid":{"rendered":"https:\/\/roveyayinevi.com.tr\/index.php\/urun\/endiseyi-birak-mutlu-olmaya-bak\/"},"modified":"2026-04-15T03:41:45","modified_gmt":"2026-04-15T00:41:45","slug":"endiseyi-birak-mutlu-olmaya-bak","status":"publish","type":"product","link":"https:\/\/roveyayinevi.com.tr\/index.php\/urun\/endiseyi-birak-mutlu-olmaya-bak\/","title":{"rendered":"Endi\u015feyi B\u0131rak, Mutlu Olmaya Bak"},"content":{"rendered":"<p>\u00c7ocu\u011funuz s\u0131k s\u0131k endi\u015feli mi g\u00f6r\u00fcn\u00fcyor? \u2022 S\u00fcrekli hastalan\u0131yor mu? Sinirli, a\u011flamakl\u0131, \u00f6fkeli veya i\u00e7ine kapan\u0131k m\u0131? \u2022 Odaklanmakta sorun mu ya\u015f\u0131yor? Her zamanki ilgi alanlar\u0131na kar\u015f\u0131 isteksizlik mi g\u00f6steriyor? Bunlarin hepsi \u00e7ocu\u011funuzun kayg\u0131yla m\u00fccadele etti\u011finin i\u015faretleri olabilir. Bu kullan\u0131\u015fl\u0131 rehber, okullarda \u00e7ocuk psikologlar\u0131 taraf\u0131ndan kullan\u0131lan kan\u0131tlanm\u0131\u015f bili\u015fsel-davran\u0131\u015f\u00e7\u0131 terapi y\u00f6ntemlerini, \u00e7ocu\u011funuzun kayg\u0131y\u0131 yenmesine yard\u0131mc\u0131 olacak basit etkinliklerle bir araya getiriyor. Bu kitap 7-11 ya\u015f aral\u0131\u011f\u0131ndaki \u00e7ocuklara y\u00f6neliktir \u00e7\u00fcnk\u00fc bu ya\u015flarda, \u00e7ocu\u011fun duygusal sa\u011fl\u0131\u011f\u0131n\u0131 sadece o d\u00f6nemde de\u011fil gelecekte de etkileyebilecek bir\u00e7ok \u015fey olur. Ebeveynler i\u00e7in faydal\u0131 p\u00fcf noktalar\u0131, ilham verici s\u00f6zler ve kullan\u0131\u015fl\u0131 bilgilerle dolu bu kitap sayesinde \u00e7ocu\u011funuz, arkada\u015f canl\u0131s\u0131 Mavi\u2019nin rehberli\u011finde, e\u011flenceli ve merak uyand\u0131r\u0131c\u0131 etkinlikler arac\u0131l\u0131\u011f\u0131yla kayg\u0131yla ba\u015f etmenin yollar\u0131n\u0131 \u00f6\u011frenecek.<\/p>\n","protected":false},"excerpt":{"rendered":"<p>\u00c7ocu\u011funuz s\u0131k s\u0131k endi\u015feli mi g\u00f6r\u00fcn\u00fcyor? \u2022 S\u00fcrekli hastalan\u0131yor mu? Sinirli, a\u011flamakl\u0131, \u00f6fkeli veya i\u00e7ine kapan\u0131k m\u0131? \u2022 Odaklanmakta sorun mu ya\u015f\u0131yor? Her zamanki ilgi alanlar\u0131na<span class=\"excerpt-hellip\"> [\u2026]<\/span><\/p>\n","protected":false},"featured_media":0,"template":"","meta":{"_monsterinsights_skip_tracking":false,"_monsterinsights_sitenote_active":false,"_monsterinsights_sitenote_note":"","_monsterinsights_sitenote_category":0},"product_brand":[],"product_cat":[12274,14573],"product_tag":[],"class_list":{"0":"post-775505","1":"product","2":"type-product","3":"status-publish","5":"product_cat-cocuk-ve-genclik-kitaplari","6":"product_cat-referans-kitaplar-cocuk-ve-genclik-kitaplari","7":"pa_cilt-ciltsiz","8":"pa_tur-kitap","9":"pa_yayinevi-hep-kitap","10":"pa_yazar-poppy-oneill","12":"first","13":"instock","14":"sale","15":"shipping-taxable","16":"purchasable","17":"product-type-simple"},"_links":{"self":[{"href":"https:\/\/roveyayinevi.com.tr\/index.php\/wp-json\/wp\/v2\/product\/775505","targetHints":{"allow":["GET"]}}],"collection":[{"href":"https:\/\/roveyayinevi.com.tr\/index.php\/wp-json\/wp\/v2\/product"}],"about":[{"href":"https:\/\/roveyayinevi.com.tr\/index.php\/wp-json\/wp\/v2\/types\/product"}],"wp:attachment":[{"href":"https:\/\/roveyayinevi.com.tr\/index.php\/wp-json\/wp\/v2\/media?parent=775505"}],"wp:term":[{"taxonomy":"product_brand","embeddable":true,"href":"https:\/\/roveyayinevi.com.tr\/index.php\/wp-json\/wp\/v2\/product_brand?post=775505"},{"taxonomy":"product_cat","embeddable":true,"href":"https:\/\/roveyayinevi.com.tr\/index.php\/wp-json\/wp\/v2\/product_cat?post=775505"},{"taxonomy":"product_tag","embeddable":true,"href":"https:\/\/roveyayinevi.com.tr\/index.php\/wp-json\/wp\/v2\/product_tag?post=775505"}],"curies":[{"name":"wp","href":"https:\/\/api.w.org\/{rel}","templated":true}]}}