{"id":775501,"date":"2025-09-10T13:13:02","date_gmt":"2025-09-10T10:13:02","guid":{"rendered":"https:\/\/roveyayinevi.com.tr\/index.php\/urun\/dalgalandim-da-duruldum\/"},"modified":"2026-04-15T03:38:50","modified_gmt":"2026-04-15T00:38:50","slug":"dalgalandim-da-duruldum","status":"publish","type":"product","link":"https:\/\/roveyayinevi.com.tr\/index.php\/urun\/dalgalandim-da-duruldum\/","title":{"rendered":"Dalgaland\u0131m da Duruldum"},"content":{"rendered":"<p>Yaln\u0131zca bipolar bozuklukla ya\u015fayanlar ve yak\u0131nlar\u0131 i\u00e7in de\u011fil; ayn\u0131 zamanda n\u00f6robilim, t\u0131p, psikoloji, sosyoloji ve genetik gibi, ya\u015fam ve toplum bilimleriyle ili\u015fkili pek \u00e7ok disiplinde \u00e7al\u0131\u015fan, bu alanlarda e\u011fitim g\u00f6ren \u00f6\u011frenciler; merak eden, okuyan, ara\u015ft\u0131ran, farkl\u0131l\u0131\u011fa ve \u00e7e\u015fitlili\u011fe duyarl\u0131 herkes i\u00e7in bir k\u0131lavuz.   Elinizde tuttu\u011funuz kitap bilimsel titizlikle yaz\u0131lm\u0131\u015f, derin bir insan sevgisinin ve y\u0131llara dayanan bir klinik deneyimin \u00fcr\u00fcn\u00fcd\u00fcr. Prof. Dr. Sibel \u00c7ak\u0131r, duygudurum bozukluklar\u0131n\u0131n n\u00f6robiyolojik do\u011fas\u0131n\u0131 i\u00e7tenlikle kavrayan, hastay\u0131 sadece tan\u0131s\u0131yla de\u011fil, t\u00fcm insani boyutlar\u0131yla g\u00f6ren bir hekim olarak bu eserde alan\u0131nda \u00e7\u0131\u011f\u0131r a\u00e7\u0131yor.   Bir beyinbilimci olarak, bu kitab\u0131n, hem uzmanlara hem de hastalara rehberlik edecek bir pusula oldu\u011funu g\u00f6n\u00fcl rahatl\u0131\u011f\u0131yla s\u00f6yleyebilirim. Bireyin yaln\u0131zca semptomlar\u0131yla de\u011fil, ya\u015fam ba\u011flam\u0131 i\u00e7inde anla\u015f\u0131lmas\u0131n\u0131n \u00f6nemini vurgulayan bu \u00e7al\u0131\u015fma, etik duyarl\u0131l\u0131\u011f\u0131 ve bilimsel yetkinli\u011fiyle \u00f6rnek niteli\u011finde. Prof. \u00c7ak\u0131r\u2019\u0131n yakla\u015f\u0131m\u0131, hem t\u0131p d\u00fcnyas\u0131na hem de topluma umut ve denge sunuyor. Bu kitab\u0131 yaln\u0131zca okumak de\u011fil, \u00fczerinde d\u00fc\u015f\u00fcnmek ve ya\u015fama ge\u00e7irmek de gerekir.                Prof. Dr. T\u00fcrker K\u0131l\u0131\u00e7       Nihayet bipolar bozuklu\u011fun ne oldu\u011funu, insan ya\u015fam\u0131n\u0131 nas\u0131l etkiledi\u011fini \u00f6\u011frenmek ve anlamak isteyenler i\u00e7in sade, bilimsel ve i\u00e7ten yakla\u015f\u0131m\u0131 harmanlam\u0131\u015f bir kitap. Okuyup bitirdi\u011finizde, yazar\u0131n benzetisiyle, durulmayan bir zihinle ve \u201cbuzla ate\u015f aras\u0131nda\u201d ya\u015faman\u0131n yollar\u0131 \u00fczerine konunun uzman\u0131 bir hekimle beraber d\u00fc\u015f\u00fcnm\u00fc\u015f oluyorsunuz.                Prof. Dr. Yank\u0131 Yazgan   Bipolar bozukluk alan\u0131n\u0131n \u00e7al\u0131\u015fkan akademisyeni Prof. Dr. Sibel \u00c7ak\u0131r bu g\u00fczel eserle bipolar bozuklu\u011fu olan hastalar\u0131n g\u00fcndelik ya\u015famlar\u0131na katk\u0131da bulunuyor, onlar\u0131n bilgi ve fark\u0131ndal\u0131klar\u0131n\u0131 art\u0131rmaya \u00e7al\u0131\u015f\u0131yor, m\u00fcthi\u015f bir kaynak kitap sunuyor.                Prof. Dr. \u00d6mer Aydemir <\/p>\n","protected":false},"excerpt":{"rendered":"<p>Yaln\u0131zca bipolar bozuklukla ya\u015fayanlar ve yak\u0131nlar\u0131 i\u00e7in de\u011fil; ayn\u0131 zamanda n\u00f6robilim, t\u0131p, psikoloji, sosyoloji ve genetik gibi, ya\u015fam ve toplum bilimleriyle ili\u015fkili pek \u00e7ok disiplinde \u00e7al\u0131\u015fan,<span class=\"excerpt-hellip\"> [\u2026]<\/span><\/p>\n","protected":false},"featured_media":0,"template":"","meta":{"_monsterinsights_skip_tracking":false,"_monsterinsights_sitenote_active":false,"_monsterinsights_sitenote_note":"","_monsterinsights_sitenote_category":0},"product_brand":[],"product_cat":[12357],"product_tag":[],"class_list":{"0":"post-775501","1":"product","2":"type-product","3":"status-publish","5":"product_cat-psikoloji","6":"pa_cilt-ciltsiz","7":"pa_tur-kitap","8":"pa_yayinevi-dogan-kitap","9":"pa_yazar-sibel-cakir","11":"first","12":"instock","13":"sale","14":"shipping-taxable","15":"purchasable","16":"product-type-simple"},"_links":{"self":[{"href":"https:\/\/roveyayinevi.com.tr\/index.php\/wp-json\/wp\/v2\/product\/775501","targetHints":{"allow":["GET"]}}],"collection":[{"href":"https:\/\/roveyayinevi.com.tr\/index.php\/wp-json\/wp\/v2\/product"}],"about":[{"href":"https:\/\/roveyayinevi.com.tr\/index.php\/wp-json\/wp\/v2\/types\/product"}],"wp:attachment":[{"href":"https:\/\/roveyayinevi.com.tr\/index.php\/wp-json\/wp\/v2\/media?parent=775501"}],"wp:term":[{"taxonomy":"product_brand","embeddable":true,"href":"https:\/\/roveyayinevi.com.tr\/index.php\/wp-json\/wp\/v2\/product_brand?post=775501"},{"taxonomy":"product_cat","embeddable":true,"href":"https:\/\/roveyayinevi.com.tr\/index.php\/wp-json\/wp\/v2\/product_cat?post=775501"},{"taxonomy":"product_tag","embeddable":true,"href":"https:\/\/roveyayinevi.com.tr\/index.php\/wp-json\/wp\/v2\/product_tag?post=775501"}],"curies":[{"name":"wp","href":"https:\/\/api.w.org\/{rel}","templated":true}]}}