{"id":775500,"date":"2025-09-10T13:01:38","date_gmt":"2025-09-10T10:01:38","guid":{"rendered":"https:\/\/roveyayinevi.com.tr\/index.php\/urun\/seneca-ile-kahvalti\/"},"modified":"2025-11-21T11:39:44","modified_gmt":"2025-11-21T08:39:44","slug":"seneca-ile-kahvalti","status":"publish","type":"product","link":"https:\/\/roveyayinevi.com.tr\/index.php\/urun\/seneca-ile-kahvalti\/","title":{"rendered":"Seneca ile Kahvalt\u0131"},"content":{"rendered":"<p>Zihin kendini iyile\u015ftirmektense, kendini e\u011flendirmeyi tercih eder, felsefeyi ger\u00e7ekten bir tedaviyken bir oyalanmaya d\u00f6n\u00fc\u015ft\u00fcr\u00fcr. Roma \u0130mparatorlu\u011fu\u2019nun en etkili felsefesi olan Stoac\u0131l\u0131k, \u00f6ng\u00f6r\u00fclemeyen bir d\u00fcnya kar\u015f\u0131s\u0131nda, karakterimizi g\u00fc\u00e7lendirmek i\u00e7in canland\u0131r\u0131c\u0131 ve halen ge\u00e7erlili\u011fini koruyan etkili yollar sunar. Stoa gelene\u011finin en yetenekli ve insanc\u0131l yazar\u0131 olarak geni\u015f \u00e7apta tan\u0131nan Seneca, \u00f6zg\u00fcrl\u00fck ve bizim i\u00e7in anlaml\u0131 olan bir ama\u00e7la ya\u015famay\u0131 \u00f6\u011fretiyor. Yak\u0131n bir arkada\u015f\u0131na yazd\u0131\u011f\u0131 y\u00fczden fazla mektubu i\u00e7eren en kal\u0131c\u0131 \u00e7al\u0131\u015fmas\u0131, zorluklarla nas\u0131l ba\u015fa \u00e7\u0131k\u0131laca\u011f\u0131n\u0131n yol haritas\u0131n\u0131, \u201ckeder, kayg\u0131 ve \u00f6fkenin \u00fcstesinden nas\u0131l gelinece\u011fi, aksiliklerin nas\u0131l b\u00fcy\u00fcme f\u0131rsatlar\u0131na d\u00f6n\u00fc\u015ft\u00fcr\u00fclece\u011fi ve arkada\u015fl\u0131\u011f\u0131n ger\u00e7ek do\u011fas\u0131n\u0131 tan\u0131man\u0131n hayat\u0131m\u0131za kataca\u011f\u0131 zenginliklerin neler oldu\u011fu\u201d sorular\u0131na derin bir \u00f6ng\u00f6r\u00fc ile verdi\u011fi zamans\u0131z cevaplar\u0131yla \u00e7iziyor. Seneca ile Kahvalt\u0131 kitab\u0131nda filozof David Fideler, Seneca\u2019n\u0131n eserlerini, hayat\u0131n i\u00e7inden pratiklerle inceliyor ve fikirlerini a\u015f\u0131r\u0131 basitle\u015ftirmeden ka\u00e7\u0131narak, anla\u015f\u0131l\u0131r bir \u015fekilde a\u00e7\u0131kl\u0131yor. Stoac\u0131 felsefenin izinde, g\u00fcnl\u00fck rit\u00fcellerin keyifli yanlar\u0131n\u0131 ke\u015ffetti\u011finizde, hayat\u0131n\u0131z\u0131n nas\u0131l de\u011fi\u015fti\u011fine inanamayacaks\u0131n\u0131z.<\/p>\n","protected":false},"excerpt":{"rendered":"<p>Zihin kendini iyile\u015ftirmektense, kendini e\u011flendirmeyi tercih eder, felsefeyi ger\u00e7ekten bir tedaviyken bir oyalanmaya d\u00f6n\u00fc\u015ft\u00fcr\u00fcr. Roma \u0130mparatorlu\u011fu\u2019nun en etkili felsefesi olan Stoac\u0131l\u0131k, \u00f6ng\u00f6r\u00fclemeyen bir d\u00fcnya kar\u015f\u0131s\u0131nda, karakterimizi<span class=\"excerpt-hellip\"> [\u2026]<\/span><\/p>\n","protected":false},"featured_media":0,"template":"","meta":{"_monsterinsights_skip_tracking":false,"_monsterinsights_sitenote_active":false,"_monsterinsights_sitenote_note":"","_monsterinsights_sitenote_category":0},"product_brand":[],"product_cat":[12389,12388],"product_tag":[],"class_list":{"0":"post-775500","1":"product","2":"type-product","3":"status-publish","5":"product_cat-diger-felsefe","6":"product_cat-felsefe","7":"pa_cilt-ciltsiz","8":"pa_tur-kitap","9":"pa_yayinevi-serenad-yayinevi","10":"pa_yazar-david-fideler","12":"first","13":"instock","14":"sale","15":"shipping-taxable","16":"purchasable","17":"product-type-simple"},"_links":{"self":[{"href":"https:\/\/roveyayinevi.com.tr\/index.php\/wp-json\/wp\/v2\/product\/775500","targetHints":{"allow":["GET"]}}],"collection":[{"href":"https:\/\/roveyayinevi.com.tr\/index.php\/wp-json\/wp\/v2\/product"}],"about":[{"href":"https:\/\/roveyayinevi.com.tr\/index.php\/wp-json\/wp\/v2\/types\/product"}],"wp:attachment":[{"href":"https:\/\/roveyayinevi.com.tr\/index.php\/wp-json\/wp\/v2\/media?parent=775500"}],"wp:term":[{"taxonomy":"product_brand","embeddable":true,"href":"https:\/\/roveyayinevi.com.tr\/index.php\/wp-json\/wp\/v2\/product_brand?post=775500"},{"taxonomy":"product_cat","embeddable":true,"href":"https:\/\/roveyayinevi.com.tr\/index.php\/wp-json\/wp\/v2\/product_cat?post=775500"},{"taxonomy":"product_tag","embeddable":true,"href":"https:\/\/roveyayinevi.com.tr\/index.php\/wp-json\/wp\/v2\/product_tag?post=775500"}],"curies":[{"name":"wp","href":"https:\/\/api.w.org\/{rel}","templated":true}]}}