{"id":775499,"date":"2025-09-10T12:58:35","date_gmt":"2025-09-10T09:58:35","guid":{"rendered":"https:\/\/roveyayinevi.com.tr\/index.php\/urun\/gokten-dusen-kopek\/"},"modified":"2026-04-15T03:37:02","modified_gmt":"2026-04-15T00:37:02","slug":"gokten-dusen-kopek","status":"publish","type":"product","link":"https:\/\/roveyayinevi.com.tr\/index.php\/urun\/gokten-dusen-kopek\/","title":{"rendered":"G\u00f6kten D\u00fc\u015fen K\u00f6pek"},"content":{"rendered":"<p>Bek\u00e7i k\u00f6pe\u011fi de\u011filim, arama kurtarma k\u00f6pe\u011fi de de\u011filim. Ben sadece\u2026 sevgi dolu bir k\u00f6pe\u011fim!   Alberto\u2019nun ya\u015fad\u0131\u011f\u0131 evde hayvan beslemek yasak. Yolda y\u00fcr\u00fcrken g\u00f6ky\u00fcz\u00fcnden kafan\u0131za d\u00fc\u015fen k\u00f6pekler i\u00e7in istisna yapacaklar\u0131n\u0131 d\u00fc\u015f\u00fcnebilirsiniz ama hay\u0131r, yasak. Zaten kimin kafas\u0131na g\u00f6kten k\u00f6pek d\u00fc\u015fer ki demeyin, Alberto\u2019nunkine d\u00fc\u015ft\u00fc\u2026 ve Alberto onu \u00f6ylece sokakta b\u0131rak\u0131p gidemezdi. \u015eimdi Sardunya\u2019y\u0131 (evet, k\u00f6pe\u011fe ger\u00e7ekten de bu ismi koydu!) huysuz ev sahibine kabul ettirmek zorunda ve bunun tek bir yolu var: Onun \u00f6zel yetenekli bir k\u00f6pek oldu\u011funu kan\u0131tlamak. Tabii \u00f6yle bir yetene\u011fi varsa!   Kitaplar\u0131 Uluslararas\u0131 \u00c7ocuk Kitaplar\u0131 Kurulu tavsiye listesine de\u011fer g\u00f6r\u00fclen Fabrizio Altieri\u2019den dostluk ve hayvan sevgisi \u00fczerine kalpleri \u0131s\u0131tacak soluksuz bir macera.   Disleksili ve okumaya isteksiz \u00e7ocuklar da g\u00f6zetilerek \u00f6zel font ve sayfa tasar\u0131m\u0131 kullan\u0131lan bu kitap, \u00e7ocuklara hem heyecan dolu bir ser\u00fcven ya\u015fat\u0131yor hem de okuma al\u0131\u015fkanl\u0131\u011f\u0131 kazanmalar\u0131na yard\u0131mc\u0131 oluyor.  <\/p>\n","protected":false},"excerpt":{"rendered":"<p>Bek\u00e7i k\u00f6pe\u011fi de\u011filim, arama kurtarma k\u00f6pe\u011fi de de\u011filim. Ben sadece\u2026 sevgi dolu bir k\u00f6pe\u011fim! Alberto\u2019nun ya\u015fad\u0131\u011f\u0131 evde hayvan beslemek yasak. Yolda y\u00fcr\u00fcrken g\u00f6ky\u00fcz\u00fcnden kafan\u0131za d\u00fc\u015fen k\u00f6pekler<span class=\"excerpt-hellip\"> [\u2026]<\/span><\/p>\n","protected":false},"featured_media":0,"template":"","meta":{"_monsterinsights_skip_tracking":false,"_monsterinsights_sitenote_active":false,"_monsterinsights_sitenote_note":"","_monsterinsights_sitenote_category":0},"product_brand":[],"product_cat":[12274,12284],"product_tag":[],"class_list":{"0":"post-775499","1":"product","2":"type-product","3":"status-publish","5":"product_cat-cocuk-ve-genclik-kitaplari","6":"product_cat-hikayeler","7":"pa_cilt-ciltsiz","8":"pa_tur-kitap","9":"pa_yayinevi-domingo-yayinevi","10":"pa_yazar-fabrizio-altieri-sara-gavioli","12":"first","13":"instock","14":"sale","15":"shipping-taxable","16":"purchasable","17":"product-type-simple"},"_links":{"self":[{"href":"https:\/\/roveyayinevi.com.tr\/index.php\/wp-json\/wp\/v2\/product\/775499","targetHints":{"allow":["GET"]}}],"collection":[{"href":"https:\/\/roveyayinevi.com.tr\/index.php\/wp-json\/wp\/v2\/product"}],"about":[{"href":"https:\/\/roveyayinevi.com.tr\/index.php\/wp-json\/wp\/v2\/types\/product"}],"wp:attachment":[{"href":"https:\/\/roveyayinevi.com.tr\/index.php\/wp-json\/wp\/v2\/media?parent=775499"}],"wp:term":[{"taxonomy":"product_brand","embeddable":true,"href":"https:\/\/roveyayinevi.com.tr\/index.php\/wp-json\/wp\/v2\/product_brand?post=775499"},{"taxonomy":"product_cat","embeddable":true,"href":"https:\/\/roveyayinevi.com.tr\/index.php\/wp-json\/wp\/v2\/product_cat?post=775499"},{"taxonomy":"product_tag","embeddable":true,"href":"https:\/\/roveyayinevi.com.tr\/index.php\/wp-json\/wp\/v2\/product_tag?post=775499"}],"curies":[{"name":"wp","href":"https:\/\/api.w.org\/{rel}","templated":true}]}}