{"id":775498,"date":"2025-09-10T12:51:31","date_gmt":"2025-09-10T09:51:31","guid":{"rendered":"https:\/\/roveyayinevi.com.tr\/index.php\/urun\/sifa-kendinle-baslar\/"},"modified":"2026-03-11T03:51:36","modified_gmt":"2026-03-11T00:51:36","slug":"sifa-kendinle-baslar","status":"publish","type":"product","link":"https:\/\/roveyayinevi.com.tr\/index.php\/urun\/sifa-kendinle-baslar\/","title":{"rendered":"\u015eifa Kendinle Ba\u015flar"},"content":{"rendered":"<p>\u201cBir \u00e7ocu\u011fu b\u00fcy\u00fctmek i\u00e7in nas\u0131l bir s\u00fcr\u00fc ki\u015finin ilgisi gerekiyorsa, iyile\u015fmek i\u00e7in de bolca sevgi gerekir. Yine de as\u0131l ger\u00e7ek \u015fu ki, ihtiyac\u0131n\u0131z olan tek sevgi kendinize duydu\u011funuz sevgidir. \u0130yile\u015fmek bazen zor ve korkutucudur ama unutmay\u0131n, siz cesur do\u011fdunuz. Buna haz\u0131rs\u0131n\u0131z.\u201d   \u015eifa bir yolculuktur ve bu yolculu\u011fun en \u00f6nemli ad\u0131m\u0131 kendinize inanmakla ba\u015flar. \u015eifa Kendinle Ba\u015flar, fiziksel hastal\u0131klar, stres ve duygusal y\u00fcklerle ba\u015fa \u00e7\u0131kman\u0131n yollar\u0131n\u0131 g\u00f6steren, bilim ve enerji terapilerini harmanlayan bir rehber.   Amy B. Scher, bilin\u00e7alt\u0131n\u0131zdaki blokajlar\u0131 nas\u0131l temizleyece\u011finizi, stresle olan ili\u015fkinizi nas\u0131l de\u011fi\u015ftirece\u011finizi ve kendi kendinizi iyile\u015ftirme s\u00fcrecinde hangi ad\u0131mlar\u0131 atman\u0131z gerekti\u011fini kendi deneyimlerinden ve dan\u0131\u015fanlar\u0131n\u0131n hik\u00e2yelerinden ilham alarak anlat\u0131yor. Kitapta yer alan pratik egzersizler ve teknikler sayesinde, hayat\u0131n\u0131zda olumlu de\u011fi\u015fimler yaratabilir, bedeninizin do\u011fal iyile\u015fme g\u00fcc\u00fcn\u00fc harekete ge\u00e7irebilirsiniz.   Kendinize ve bedeninize kulak verin. \u0130yile\u015fmenin tam da \u015fu an, sizinle ba\u015flad\u0131\u011f\u0131n\u0131 unutmay\u0131n!   &#8220;Amy Scher, yaln\u0131zca iyile\u015fmenin bizim elimizde oldu\u011funu g\u00f6stermiyor, ayn\u0131 zamanda bunun ger\u00e7ekten m\u00fcmk\u00fcn oldu\u011funu bizzat kan\u0131tl\u0131yor.&#8221; \u2013Pam Grout, E2 &#8211; Sen Yeter ki \u0130ste kitab\u0131n\u0131n yazar\u0131 <\/p>\n","protected":false},"excerpt":{"rendered":"<p>\u201cBir \u00e7ocu\u011fu b\u00fcy\u00fctmek i\u00e7in nas\u0131l bir s\u00fcr\u00fc ki\u015finin ilgisi gerekiyorsa, iyile\u015fmek i\u00e7in de bolca sevgi gerekir. Yine de as\u0131l ger\u00e7ek \u015fu ki, ihtiyac\u0131n\u0131z olan tek sevgi<span class=\"excerpt-hellip\"> [\u2026]<\/span><\/p>\n","protected":false},"featured_media":0,"template":"","meta":{"_monsterinsights_skip_tracking":false,"_monsterinsights_sitenote_active":false,"_monsterinsights_sitenote_note":"","_monsterinsights_sitenote_category":0},"product_brand":[],"product_cat":[12364,12376],"product_tag":[],"class_list":{"0":"post-775498","1":"product","2":"type-product","3":"status-publish","5":"product_cat-genel-konular","6":"product_cat-kisisel-gelisim","7":"pa_cilt-ciltsiz","8":"pa_tur-kitap","9":"pa_yayinevi-dogan-novus","10":"pa_yazar-amy-b-scher","12":"first","13":"instock","14":"sale","15":"shipping-taxable","16":"purchasable","17":"product-type-simple"},"_links":{"self":[{"href":"https:\/\/roveyayinevi.com.tr\/index.php\/wp-json\/wp\/v2\/product\/775498","targetHints":{"allow":["GET"]}}],"collection":[{"href":"https:\/\/roveyayinevi.com.tr\/index.php\/wp-json\/wp\/v2\/product"}],"about":[{"href":"https:\/\/roveyayinevi.com.tr\/index.php\/wp-json\/wp\/v2\/types\/product"}],"wp:attachment":[{"href":"https:\/\/roveyayinevi.com.tr\/index.php\/wp-json\/wp\/v2\/media?parent=775498"}],"wp:term":[{"taxonomy":"product_brand","embeddable":true,"href":"https:\/\/roveyayinevi.com.tr\/index.php\/wp-json\/wp\/v2\/product_brand?post=775498"},{"taxonomy":"product_cat","embeddable":true,"href":"https:\/\/roveyayinevi.com.tr\/index.php\/wp-json\/wp\/v2\/product_cat?post=775498"},{"taxonomy":"product_tag","embeddable":true,"href":"https:\/\/roveyayinevi.com.tr\/index.php\/wp-json\/wp\/v2\/product_tag?post=775498"}],"curies":[{"name":"wp","href":"https:\/\/api.w.org\/{rel}","templated":true}]}}