{"id":775497,"date":"2025-09-10T12:35:07","date_gmt":"2025-09-10T09:35:07","guid":{"rendered":"https:\/\/roveyayinevi.com.tr\/index.php\/urun\/zengin-babanin-rehberi-istifa-etmeden-once\/"},"modified":"2025-09-11T16:28:41","modified_gmt":"2025-09-11T13:28:41","slug":"zengin-babanin-rehberi-istifa-etmeden-once","status":"publish","type":"product","link":"https:\/\/roveyayinevi.com.tr\/index.php\/urun\/zengin-babanin-rehberi-istifa-etmeden-once\/","title":{"rendered":"Zengin Baba\u2019n\u0131n Rehberi \u0130stifa Etmeden \u00d6nce"},"content":{"rendered":"<p>\u2022              Milyon dolarl\u0131k bir fikriniz mi var? \u2022              Ba\u015far\u0131s\u0131z olmaktan m\u0131 korkuyorsunuz? \u2022              Ba\u015fka insanlar\u0131 zengin etmekten b\u0131kt\u0131n\u0131z m\u0131? \u2022              Peki ya patronunuzdan emir almaktan? \u2022              \u00c7ok \u00e7al\u0131\u015f\u0131p kar\u015f\u0131l\u0131\u011f\u0131nda hi\u00e7bir \u015fey alamamaktan yoruldunuz mu? \u2022              Kendi ayaklar\u0131n\u0131z\u0131n \u00fcst\u00fcnde durmaya haz\u0131r m\u0131s\u0131n\u0131z? \u2026O halde bu kitap tam size g\u00f6re! Zengin Baba\u2019n\u0131n Rehberi: \u0130stifa Etmeden \u00d6nce kitab\u0131nda Kiyosaki ba\u015far\u0131lar\u0131n\u0131, ama ondan da \u00f6nemlisi ba\u015far\u0131s\u0131zl\u0131klar\u0131n\u0131 ve ba\u015far\u0131s\u0131zl\u0131klar\u0131ndan \u00e7\u0131kard\u0131\u011f\u0131 dersleri anlat\u0131yor. Bu kitap, ba\u015far\u0131l\u0131 bir giri\u015fimci olma yolunda size seviye atlatacak.   Robert Kiyosaki d\u00fcnya genelinde milyonlarca insan\u0131n parayla ilgili d\u00fc\u015f\u00fcnme \u015fekillerine meydan okudu ve onlar\u0131 de\u011fi\u015ftirdi. Genel inan\u0131\u015fa ters d\u00fc\u015fen bak\u0131\u015f a\u00e7\u0131s\u0131yla Kiyosaki, dobra konu\u015fmas\u0131 ve cesaretiyle \u00fcn kazand\u0131. D\u00fcnya \u00e7ap\u0131nda finansal e\u011fitimin s\u0131k\u0131 destek\u00e7isi olarak kabul edildi. <\/p>\n","protected":false},"excerpt":{"rendered":"<p>\u2022 Milyon dolarl\u0131k bir fikriniz mi var? \u2022 Ba\u015far\u0131s\u0131z olmaktan m\u0131 korkuyorsunuz? \u2022 Ba\u015fka insanlar\u0131 zengin etmekten b\u0131kt\u0131n\u0131z m\u0131? \u2022 Peki ya patronunuzdan emir almaktan? \u2022<span class=\"excerpt-hellip\"> [\u2026]<\/span><\/p>\n","protected":false},"featured_media":0,"template":"","meta":{"_monsterinsights_skip_tracking":false,"_monsterinsights_sitenote_active":false,"_monsterinsights_sitenote_note":"","_monsterinsights_sitenote_category":0},"product_brand":[],"product_cat":[17249,13043],"product_tag":[],"class_list":{"0":"post-775497","1":"product","2":"type-product","3":"status-publish","5":"product_cat-borsa-finans","6":"product_cat-ekonomi","7":"pa_cilt-ciltsiz","8":"pa_tur-kitap","9":"pa_yayinevi-alfa-yayinlari","10":"pa_yazar-robert-t-kiyosaki","12":"first","13":"instock","14":"sale","15":"shipping-taxable","16":"purchasable","17":"product-type-simple"},"_links":{"self":[{"href":"https:\/\/roveyayinevi.com.tr\/index.php\/wp-json\/wp\/v2\/product\/775497","targetHints":{"allow":["GET"]}}],"collection":[{"href":"https:\/\/roveyayinevi.com.tr\/index.php\/wp-json\/wp\/v2\/product"}],"about":[{"href":"https:\/\/roveyayinevi.com.tr\/index.php\/wp-json\/wp\/v2\/types\/product"}],"wp:attachment":[{"href":"https:\/\/roveyayinevi.com.tr\/index.php\/wp-json\/wp\/v2\/media?parent=775497"}],"wp:term":[{"taxonomy":"product_brand","embeddable":true,"href":"https:\/\/roveyayinevi.com.tr\/index.php\/wp-json\/wp\/v2\/product_brand?post=775497"},{"taxonomy":"product_cat","embeddable":true,"href":"https:\/\/roveyayinevi.com.tr\/index.php\/wp-json\/wp\/v2\/product_cat?post=775497"},{"taxonomy":"product_tag","embeddable":true,"href":"https:\/\/roveyayinevi.com.tr\/index.php\/wp-json\/wp\/v2\/product_tag?post=775497"}],"curies":[{"name":"wp","href":"https:\/\/api.w.org\/{rel}","templated":true}]}}