{"id":775496,"date":"2025-09-10T12:07:16","date_gmt":"2025-09-10T09:07:16","guid":{"rendered":"https:\/\/roveyayinevi.com.tr\/index.php\/urun\/usul-u-cezaiyye\/"},"modified":"2025-11-21T10:40:20","modified_gmt":"2025-11-21T07:40:20","slug":"usul-u-cezaiyye","status":"publish","type":"product","link":"https:\/\/roveyayinevi.com.tr\/index.php\/urun\/usul-u-cezaiyye\/","title":{"rendered":"Usul-\u00fc Cezaiyye"},"content":{"rendered":"<p>Elinizde tutmu\u015f oldu\u011funuz bu eser, \u0130stanbul Dar\u00fclf\u00fcnun-u Osman\u00ee Hukuk \u015eubesi m\u00fcd\u00fcr\u00fc (dekan) ve m\u00fcderrisi Kevakib\u00eez\u00e2de Abd\u00fclhal\u0131k Midh\u00e2t Efendi taraf\u0131ndan devrin hukuk talebelerine okutulmak \u00fczere kaleme al\u0131nm\u0131\u015ft\u0131r. Bu eserin sayfalar\u0131 aras\u0131nda gezinirken s\u0131kl\u0131kla tes\u00e2d\u00fcf olunacak huk\u00fbk-u um\u00fbm\u00eeyye davas\u0131, huk\u00fbk-u \u015fahs\u00eeyye davas\u0131, m\u00fcdde\u00ee-i um\u00fbm\u00eelik, m\u00fcstantikler, hane der\u00fbnunda taharriy\u00e2t (ev aramas\u0131), istim\u00e2\u2019\u0131 \u015fuh\u00fbd (tan\u0131klar\u0131n dinlenmesi), ehl-i hibre (bilirki\u015filik), isticv\u00e2b-\u0131 mazn\u00fbn (san\u0131\u011f\u0131n sorgusu), mes\u2019ul bi\u2019l m\u00e2l (m\u00e2len sorumlu), c\u00fcrm-\u00fc me\u015fh\u00fbd (su\u00e7\u00fcst\u00fc h\u00e2li), nef\u2019an li\u2019l kan\u00fbn nakz (kanun yarar\u0131na bozma), i\u00e2de-i muhakeme gibi hukuk\u00ee m\u00fcesseseler ve bu m\u00fcesseselere d\u00f6nemin idr\u00e2k ve tatb\u00eek\u00e2t\u0131 perspektifinden getirilen iz\u00e2h\u00e2t, konuya alaka duyan herkesin nazar-\u0131 dikkatini celbedecek mahiyettedir. \u0130lk ne\u015frinden bir as\u0131r sonra bu eseri Osmanl\u0131ca asl\u0131ndan Latinize etmek s\u00fbretiyle yeniden g\u00fcn y\u00fcz\u00fcne \u00e7\u0131karman\u0131n mutlulu\u011fu i\u00e7erisindeyiz. \u0130stif\u00e2deye med\u00e2r olmas\u0131 temennisiyle\u2026 <\/p>\n","protected":false},"excerpt":{"rendered":"<p>Elinizde tutmu\u015f oldu\u011funuz bu eser, \u0130stanbul Dar\u00fclf\u00fcnun-u Osman\u00ee Hukuk \u015eubesi m\u00fcd\u00fcr\u00fc (dekan) ve m\u00fcderrisi Kevakib\u00eez\u00e2de Abd\u00fclhal\u0131k Midh\u00e2t Efendi taraf\u0131ndan devrin hukuk talebelerine okutulmak \u00fczere kaleme al\u0131nm\u0131\u015ft\u0131r.<span class=\"excerpt-hellip\"> [\u2026]<\/span><\/p>\n","protected":false},"featured_media":0,"template":"","meta":{"_monsterinsights_skip_tracking":false,"_monsterinsights_sitenote_active":false,"_monsterinsights_sitenote_note":"","_monsterinsights_sitenote_category":0},"product_brand":[],"product_cat":[15350,17602],"product_tag":[],"class_list":{"0":"post-775496","1":"product","2":"type-product","3":"status-publish","5":"product_cat-hukuk","6":"product_cat-hukuk-uzerine","7":"pa_cilt-ciltsiz","8":"pa_tur-kitap","9":"pa_yayinevi-gulnar-yayinlari","10":"pa_yazar-kevakibizade-abdulhalik-midhat","12":"first","13":"instock","14":"sale","15":"shipping-taxable","16":"purchasable","17":"product-type-simple"},"_links":{"self":[{"href":"https:\/\/roveyayinevi.com.tr\/index.php\/wp-json\/wp\/v2\/product\/775496","targetHints":{"allow":["GET"]}}],"collection":[{"href":"https:\/\/roveyayinevi.com.tr\/index.php\/wp-json\/wp\/v2\/product"}],"about":[{"href":"https:\/\/roveyayinevi.com.tr\/index.php\/wp-json\/wp\/v2\/types\/product"}],"wp:attachment":[{"href":"https:\/\/roveyayinevi.com.tr\/index.php\/wp-json\/wp\/v2\/media?parent=775496"}],"wp:term":[{"taxonomy":"product_brand","embeddable":true,"href":"https:\/\/roveyayinevi.com.tr\/index.php\/wp-json\/wp\/v2\/product_brand?post=775496"},{"taxonomy":"product_cat","embeddable":true,"href":"https:\/\/roveyayinevi.com.tr\/index.php\/wp-json\/wp\/v2\/product_cat?post=775496"},{"taxonomy":"product_tag","embeddable":true,"href":"https:\/\/roveyayinevi.com.tr\/index.php\/wp-json\/wp\/v2\/product_tag?post=775496"}],"curies":[{"name":"wp","href":"https:\/\/api.w.org\/{rel}","templated":true}]}}