{"id":775494,"date":"2025-09-10T12:02:15","date_gmt":"2025-09-10T09:02:15","guid":{"rendered":"https:\/\/roveyayinevi.com.tr\/index.php\/urun\/safak-sancisi\/"},"modified":"2026-04-15T03:27:05","modified_gmt":"2026-04-15T00:27:05","slug":"safak-sancisi","status":"publish","type":"product","link":"https:\/\/roveyayinevi.com.tr\/index.php\/urun\/safak-sancisi\/","title":{"rendered":"\u015eafak Sanc\u0131s\u0131"},"content":{"rendered":"<p>Y\u00fczy\u0131l\u0131n ve biny\u0131l\u0131n d\u00f6n\u00fcm noktas\u0131nda T\u00fcrk D\u00fcnyas\u0131\u2019n\u0131n iki se\u00e7kin ayd\u0131n\u0131, Cengiz Aytmatov ile Muhtar \u015eahanov, kendi \u00e7ocukluklar\u0131ndan ve atayurtlar\u0131ndan yola \u00e7\u0131karak hayata, a\u015fka, edebiyata, tarihe, d\u00fcnya politikas\u0131na ve \u00e7evre korumaya kadar pek \u00e7ok ortak meseleyi tart\u0131\u015fmaya ba\u015flarsa sonu\u00e7ta nas\u0131l bir tablo \u00e7\u0131kar ortaya diye d\u00fc\u015f\u00fcnd\u00fc\u011f\u00fcn\u00fczde, cevap \u201c\u015fafak sanc\u0131s\u0131\u201dd\u0131r k\u0131saca. G\u00fcn y\u00fczl\u00fc bir tarihten karanl\u0131k bir geceye ge\u00e7ildi\u011fi d\u00f6nemde, kendi topraklar\u0131ndan kararm\u0131\u015f g\u00f6n\u00fclleri ayd\u0131nlatmak \u00fczere g\u00f6ky\u00fcz\u00fcne f\u0131rlat\u0131lan bu iki sanc\u0131l\u0131 g\u00f6n\u00fcl, Avrasya ayd\u0131nlar\u0131na has k\u00f6klerine ba\u011fl\u0131 tutumlar\u0131yla b\u00f6lgelerinin ve d\u00fcnyan\u0131n gelece\u011fini cesaretle ve bir sohbetin s\u0131cakl\u0131\u011f\u0131 i\u00e7erisinde tart\u0131\u015f\u0131yorlar. \u0130ki karde\u015f \u00fclkenin, K\u0131rg\u0131zistan ve Kazakistan\u2019\u0131n evlatlar\u0131, ilgin\u00e7 hat\u0131ralar\u0131, zengin bilgi d\u00fcnyalar\u0131, geni\u015f hayal \u00e2lemleri ve g\u00fc\u00e7l\u00fc d\u00fc\u015f\u00fcnceleriyle Avrasya ve d\u00fcnyaya ses veriyorlar. \u0130nsanl\u0131\u011f\u0131n manev\u00ee a\u00e7l\u0131\u011f\u0131n\u0131n alt\u0131n\u0131 \u00e7izerek inanc\u0131n, sevginin, hakikat a\u015fk\u0131n\u0131n, bilginin, hikmetin insanl\u0131\u011f\u0131 kurtaracak tutamaklar oldu\u011funu s\u00f6yl\u00fcyorlar. \u015eafak Sanc\u0131s\u0131, renkli ve umutlu bir d\u00fcnya a\u00e7\u0131yor \u00f6n\u00fcm\u00fczde.<\/p>\n","protected":false},"excerpt":{"rendered":"<p>Y\u00fczy\u0131l\u0131n ve biny\u0131l\u0131n d\u00f6n\u00fcm noktas\u0131nda T\u00fcrk D\u00fcnyas\u0131\u2019n\u0131n iki se\u00e7kin ayd\u0131n\u0131, Cengiz Aytmatov ile Muhtar \u015eahanov, kendi \u00e7ocukluklar\u0131ndan ve atayurtlar\u0131ndan yola \u00e7\u0131karak hayata, a\u015fka, edebiyata, tarihe, d\u00fcnya<span class=\"excerpt-hellip\"> [\u2026]<\/span><\/p>\n","protected":false},"featured_media":0,"template":"","meta":{"_monsterinsights_skip_tracking":false,"_monsterinsights_sitenote_active":false,"_monsterinsights_sitenote_note":"","_monsterinsights_sitenote_category":0},"product_brand":[],"product_cat":[12291,30969],"product_tag":[],"class_list":{"0":"post-775494","1":"product","2":"type-product","3":"status-publish","5":"product_cat-edebiyat","6":"product_cat-soylesi-edebiyat","7":"pa_cilt-ciltsiz","8":"pa_tur-kitap","9":"pa_yayinevi-ketebe-yayinlari","10":"pa_yazar-cengiz-aytmatov-muhtar-sahanov","12":"first","13":"instock","14":"sale","15":"shipping-taxable","16":"purchasable","17":"product-type-simple"},"_links":{"self":[{"href":"https:\/\/roveyayinevi.com.tr\/index.php\/wp-json\/wp\/v2\/product\/775494","targetHints":{"allow":["GET"]}}],"collection":[{"href":"https:\/\/roveyayinevi.com.tr\/index.php\/wp-json\/wp\/v2\/product"}],"about":[{"href":"https:\/\/roveyayinevi.com.tr\/index.php\/wp-json\/wp\/v2\/types\/product"}],"wp:attachment":[{"href":"https:\/\/roveyayinevi.com.tr\/index.php\/wp-json\/wp\/v2\/media?parent=775494"}],"wp:term":[{"taxonomy":"product_brand","embeddable":true,"href":"https:\/\/roveyayinevi.com.tr\/index.php\/wp-json\/wp\/v2\/product_brand?post=775494"},{"taxonomy":"product_cat","embeddable":true,"href":"https:\/\/roveyayinevi.com.tr\/index.php\/wp-json\/wp\/v2\/product_cat?post=775494"},{"taxonomy":"product_tag","embeddable":true,"href":"https:\/\/roveyayinevi.com.tr\/index.php\/wp-json\/wp\/v2\/product_tag?post=775494"}],"curies":[{"name":"wp","href":"https:\/\/api.w.org\/{rel}","templated":true}]}}