{"id":775488,"date":"2025-09-10T11:16:27","date_gmt":"2025-09-10T08:16:27","guid":{"rendered":"https:\/\/roveyayinevi.com.tr\/index.php\/urun\/guzel-sozler-koleksiyoncusu\/"},"modified":"2026-04-16T03:08:16","modified_gmt":"2026-04-16T00:08:16","slug":"guzel-sozler-koleksiyoncusu","status":"publish","type":"product","link":"https:\/\/roveyayinevi.com.tr\/index.php\/urun\/guzel-sozler-koleksiyoncusu\/","title":{"rendered":"G\u00fczel S\u00f6zler Koleksiyoncusu"},"content":{"rendered":"<p>Bir \u015feyin koleksiyonunu yapmak deyince akl\u0131na neler geliyor? Gitti\u011fimiz yerlerden toplad\u0131\u011f\u0131m\u0131z magnetler, en sevdi\u011fimiz oyuncaklar, sinema biletlerimiz&#8230; Peki sence, g\u00fczel s\u00f6zleri de biriktirebilir miyiz? Bu kitapta, Peygamber Efendimiz\u2019in (sav) g\u00fczel s\u00f6z s\u00f6ylemeye dair \u00f6\u011f\u00fcd\u00fcn\u00fc dikkate alarak g\u00fczel s\u00f6zlerin koleksiyonunu yapan k\u00fc\u00e7\u00fck bir k\u0131z\u0131n hik\u00e2yesine e\u015flik edebilirsin!<\/p>\n","protected":false},"excerpt":{"rendered":"<p>Bir \u015feyin koleksiyonunu yapmak deyince akl\u0131na neler geliyor? Gitti\u011fimiz yerlerden toplad\u0131\u011f\u0131m\u0131z magnetler, en sevdi\u011fimiz oyuncaklar, sinema biletlerimiz&#8230; Peki sence, g\u00fczel s\u00f6zleri de biriktirebilir miyiz? Bu kitapta,<span class=\"excerpt-hellip\"> [\u2026]<\/span><\/p>\n","protected":false},"featured_media":0,"template":"","meta":{"_monsterinsights_skip_tracking":false,"_monsterinsights_sitenote_active":false,"_monsterinsights_sitenote_note":"","_monsterinsights_sitenote_category":0},"product_brand":[],"product_cat":[12274,12284],"product_tag":[],"class_list":{"0":"post-775488","1":"product","2":"type-product","3":"status-publish","5":"product_cat-cocuk-ve-genclik-kitaplari","6":"product_cat-hikayeler","7":"pa_cilt-ciltsiz","8":"pa_tur-kitap","9":"pa_yayinevi-ketebe-yayinlari","10":"pa_yazar-korkut-emre","12":"first","13":"instock","14":"sale","15":"shipping-taxable","16":"purchasable","17":"product-type-simple"},"_links":{"self":[{"href":"https:\/\/roveyayinevi.com.tr\/index.php\/wp-json\/wp\/v2\/product\/775488","targetHints":{"allow":["GET"]}}],"collection":[{"href":"https:\/\/roveyayinevi.com.tr\/index.php\/wp-json\/wp\/v2\/product"}],"about":[{"href":"https:\/\/roveyayinevi.com.tr\/index.php\/wp-json\/wp\/v2\/types\/product"}],"wp:attachment":[{"href":"https:\/\/roveyayinevi.com.tr\/index.php\/wp-json\/wp\/v2\/media?parent=775488"}],"wp:term":[{"taxonomy":"product_brand","embeddable":true,"href":"https:\/\/roveyayinevi.com.tr\/index.php\/wp-json\/wp\/v2\/product_brand?post=775488"},{"taxonomy":"product_cat","embeddable":true,"href":"https:\/\/roveyayinevi.com.tr\/index.php\/wp-json\/wp\/v2\/product_cat?post=775488"},{"taxonomy":"product_tag","embeddable":true,"href":"https:\/\/roveyayinevi.com.tr\/index.php\/wp-json\/wp\/v2\/product_tag?post=775488"}],"curies":[{"name":"wp","href":"https:\/\/api.w.org\/{rel}","templated":true}]}}