{"id":775487,"date":"2025-09-10T11:10:06","date_gmt":"2025-09-10T08:10:06","guid":{"rendered":"https:\/\/roveyayinevi.com.tr\/index.php\/urun\/kemal-tahir-ve-turk-romani\/"},"modified":"2026-04-16T03:07:24","modified_gmt":"2026-04-16T00:07:24","slug":"kemal-tahir-ve-turk-romani","status":"publish","type":"product","link":"https:\/\/roveyayinevi.com.tr\/index.php\/urun\/kemal-tahir-ve-turk-romani\/","title":{"rendered":"Kemal Tahir ve \u201cT\u00fcrk Roman\u0131\u201d"},"content":{"rendered":"<p>Ekim 1967\u2019de yay\u0131mland\u0131\u011f\u0131nda konusu, dili, arka kapak yaz\u0131s\u0131ndaki dikkat \u00e7ekici \u201cT\u00fcrk roman\u0131\u201d ifadesi, Kemal Tahir\u2019in edebi ve entelekt\u00fcel g\u00fcc\u00fc nedeniyle b\u00fcy\u00fck ilgi g\u00f6ren Devlet Ana roman\u0131, ne\u015fredilir ne\u015fredilmez b\u00fcy\u00fck tart\u0131\u015fmalar\u0131 beraberinde getirir. Aylar boyunca gazete ve dergilerde Kemal Tahir ve eseri Devlet Ana \u00fczerine yaz\u0131lan yaz\u0131lar, yazara ve esere getirilen ele\u015ftiriler \u201cT\u00fcrk roman\u0131\u201d \u00fczerine yap\u0131lan geni\u015f tart\u0131\u015fmalara d\u00f6n\u00fc\u015f\u00fcr. \u00d6yle ki Devlet Ana ve Kemal Tahir \u00fczerine dergi \u00f6zel say\u0131lar\u0131 \u00e7\u0131kar, soru\u015fturmalar yap\u0131l\u0131r. Bu zengin tart\u0131\u015fma ikliminde gazeteci ve yazar Mehmet Seyda, Kemal Tahir\u2019in de aralar\u0131nda bulundu\u011fu gazeteci, yazar ve okur grubuyla, \u201cT\u00fcrk Roman\u0131\u201d ba\u015fl\u0131kl\u0131 bir a\u00e7\u0131k oturum d\u00fczenler. Daha sonra a\u00e7\u0131k oturumun kay\u0131tlar\u0131 kitap haline getirilir. A\u00e7\u0131k oturum kay\u0131tlar\u0131 d\u00f6nemin edebiyat iklimine, \u201cT\u00fcrk Roman\u0131\u201d tart\u0131\u015fmalar\u0131na \u00f6nemli tan\u0131kl\u0131k ve de\u011ferlendirmeler sunmas\u0131n\u0131n yan\u0131nda, Devlet Ana etraf\u0131nda ortaya \u00e7\u0131kan tart\u0131\u015fma ve ele\u015ftirilere Kemal Tahir\u2019in birinci a\u011f\u0131zdan verdi\u011fi cevaplar\u0131 da i\u00e7ermektedir. Kemal Tahir edebiyat ve roman \u00fczerine derinlikli \u00e7\u00f6z\u00fcmlemelerinin ard\u0131ndan, Dostoyevski ve \u201cRus Roman\u0131\u201d \u00f6rneklendirmesiyle romana ve edebiyata T\u00fcrk dehas\u0131n\u0131 getirmek gerekti\u011fini vurgulayarak \u201cT\u00fcrk roman\u0131\u201d tart\u0131\u015fmalar\u0131na noktay\u0131 koyar. <\/p>\n","protected":false},"excerpt":{"rendered":"<p>Ekim 1967\u2019de yay\u0131mland\u0131\u011f\u0131nda konusu, dili, arka kapak yaz\u0131s\u0131ndaki dikkat \u00e7ekici \u201cT\u00fcrk roman\u0131\u201d ifadesi, Kemal Tahir\u2019in edebi ve entelekt\u00fcel g\u00fcc\u00fc nedeniyle b\u00fcy\u00fck ilgi g\u00f6ren Devlet Ana roman\u0131,<span class=\"excerpt-hellip\"> [\u2026]<\/span><\/p>\n","protected":false},"featured_media":0,"template":"","meta":{"_monsterinsights_skip_tracking":false,"_monsterinsights_sitenote_active":false,"_monsterinsights_sitenote_note":"","_monsterinsights_sitenote_category":0},"product_brand":[],"product_cat":[13072,12291],"product_tag":[],"class_list":{"0":"post-775487","1":"product","2":"type-product","3":"status-publish","5":"product_cat-arastirma-inceleme-referans","6":"product_cat-edebiyat","7":"pa_cilt-ciltsiz","8":"pa_tur-kitap","9":"pa_yayinevi-ketebe-yayinlari","10":"pa_yazar-kolektif","12":"first","13":"instock","14":"sale","15":"shipping-taxable","16":"purchasable","17":"product-type-simple"},"_links":{"self":[{"href":"https:\/\/roveyayinevi.com.tr\/index.php\/wp-json\/wp\/v2\/product\/775487","targetHints":{"allow":["GET"]}}],"collection":[{"href":"https:\/\/roveyayinevi.com.tr\/index.php\/wp-json\/wp\/v2\/product"}],"about":[{"href":"https:\/\/roveyayinevi.com.tr\/index.php\/wp-json\/wp\/v2\/types\/product"}],"wp:attachment":[{"href":"https:\/\/roveyayinevi.com.tr\/index.php\/wp-json\/wp\/v2\/media?parent=775487"}],"wp:term":[{"taxonomy":"product_brand","embeddable":true,"href":"https:\/\/roveyayinevi.com.tr\/index.php\/wp-json\/wp\/v2\/product_brand?post=775487"},{"taxonomy":"product_cat","embeddable":true,"href":"https:\/\/roveyayinevi.com.tr\/index.php\/wp-json\/wp\/v2\/product_cat?post=775487"},{"taxonomy":"product_tag","embeddable":true,"href":"https:\/\/roveyayinevi.com.tr\/index.php\/wp-json\/wp\/v2\/product_tag?post=775487"}],"curies":[{"name":"wp","href":"https:\/\/api.w.org\/{rel}","templated":true}]}}