{"id":775477,"date":"2025-09-10T09:07:06","date_gmt":"2025-09-10T06:07:06","guid":{"rendered":"https:\/\/roveyayinevi.com.tr\/index.php\/urun\/dolandiriciligin-seksen-turu\/"},"modified":"2026-04-16T02:43:45","modified_gmt":"2026-04-15T23:43:45","slug":"dolandiriciligin-seksen-turu","status":"publish","type":"product","link":"https:\/\/roveyayinevi.com.tr\/index.php\/urun\/dolandiriciligin-seksen-turu\/","title":{"rendered":"Doland\u0131r\u0131c\u0131l\u0131\u011f\u0131n Seksen T\u00fcr\u00fc"},"content":{"rendered":"<p>Bu kitab\u0131mda benim ve yak\u0131nlar\u0131m\u0131n baslar\u0131ndan ge\u00e7en doland\u0131r\u0131c\u0131l\u0131k hik\u00e2yelerini anlatt\u0131m. Ne yaz\u0131k ki hele de ticaretle u\u011fra\u015f\u0131yorsan\u0131z anlatsam kitap olur diyecek kadar doland\u0131r\u0131c\u0131l\u0131\u011fa \u015fahit oluyorsunuz. \u0130ste ben de hem ba\u015f\u0131mdan ge\u00e7enleri \u00f6l\u00fcms\u00fczle\u015ftirmek hem de okuyanlar i\u00e7in doland\u0131r\u0131c\u0131lar\u0131n y\u00f6ntemlerini \u00f6\u011frenmeleri ve dikkatli olmalar\u0131 niyetiyle ba\u015f\u0131mdan ge\u00e7enleri bu kitapta anlatmaya karar verdim.   Hemen herkes hayatta bir veya birka\u00e7 kere b\u00fcy\u00fckl\u00fc k\u00fc\u00e7\u00fckl\u00fc doland\u0131r\u0131lm\u0131\u015ft\u0131r. Kitab\u0131m\u0131 okuyanlar kendilerinden mutlaka bir \u015fey bulacaklard\u0131r. \u0130nsan\u0131n oldu\u011fu yerde yalan da olur. \u015eimdi geriye d\u00f6n\u00fcp bakt\u0131\u011f\u0131mda bazen sinirlendiren, bazen \u00fczen, bazense g\u00fcld\u00fcren bu doland\u0131r\u0131c\u0131l\u0131k hik\u00e2yelerinin hepsini birer tecr\u00fcbe olarak g\u00f6r\u00fcyorum. Her yeni k\u00f6t\u00fc tecr\u00fcbe bir sonraki belki de daha b\u00fcy\u00fck bir kand\u0131rmacadan korur insanlar\u0131. Bu zaten hayattaki her konuda b\u00f6yledir. <\/p>\n","protected":false},"excerpt":{"rendered":"<p>Bu kitab\u0131mda benim ve yak\u0131nlar\u0131m\u0131n baslar\u0131ndan ge\u00e7en doland\u0131r\u0131c\u0131l\u0131k hik\u00e2yelerini anlatt\u0131m. Ne yaz\u0131k ki hele de ticaretle u\u011fra\u015f\u0131yorsan\u0131z anlatsam kitap olur diyecek kadar doland\u0131r\u0131c\u0131l\u0131\u011fa \u015fahit oluyorsunuz. \u0130ste<span class=\"excerpt-hellip\"> [\u2026]<\/span><\/p>\n","protected":false},"featured_media":0,"template":"","meta":{"_monsterinsights_skip_tracking":false,"_monsterinsights_sitenote_active":false,"_monsterinsights_sitenote_note":"","_monsterinsights_sitenote_category":0},"product_brand":[],"product_cat":[13701,12291],"product_tag":[],"class_list":{"0":"post-775477","1":"product","2":"type-product","3":"status-publish","5":"product_cat-ani-mektup-gunluk","6":"product_cat-edebiyat","7":"pa_cilt-ciltsiz","8":"pa_tur-kitap","9":"pa_yayinevi-somut-yayinlari","10":"pa_yazar-yunus-emre-albayrak","12":"first","13":"instock","14":"sale","15":"shipping-taxable","16":"purchasable","17":"product-type-simple"},"_links":{"self":[{"href":"https:\/\/roveyayinevi.com.tr\/index.php\/wp-json\/wp\/v2\/product\/775477","targetHints":{"allow":["GET"]}}],"collection":[{"href":"https:\/\/roveyayinevi.com.tr\/index.php\/wp-json\/wp\/v2\/product"}],"about":[{"href":"https:\/\/roveyayinevi.com.tr\/index.php\/wp-json\/wp\/v2\/types\/product"}],"wp:attachment":[{"href":"https:\/\/roveyayinevi.com.tr\/index.php\/wp-json\/wp\/v2\/media?parent=775477"}],"wp:term":[{"taxonomy":"product_brand","embeddable":true,"href":"https:\/\/roveyayinevi.com.tr\/index.php\/wp-json\/wp\/v2\/product_brand?post=775477"},{"taxonomy":"product_cat","embeddable":true,"href":"https:\/\/roveyayinevi.com.tr\/index.php\/wp-json\/wp\/v2\/product_cat?post=775477"},{"taxonomy":"product_tag","embeddable":true,"href":"https:\/\/roveyayinevi.com.tr\/index.php\/wp-json\/wp\/v2\/product_tag?post=775477"}],"curies":[{"name":"wp","href":"https:\/\/api.w.org\/{rel}","templated":true}]}}