{"id":775475,"date":"2025-09-10T09:02:19","date_gmt":"2025-09-10T06:02:19","guid":{"rendered":"https:\/\/roveyayinevi.com.tr\/index.php\/urun\/kod-adi-insansi\/"},"modified":"2026-04-16T02:42:46","modified_gmt":"2026-04-15T23:42:46","slug":"kod-adi-insansi","status":"publish","type":"product","link":"https:\/\/roveyayinevi.com.tr\/index.php\/urun\/kod-adi-insansi\/","title":{"rendered":"Kod Ad\u0131 \u0130nsans\u0131"},"content":{"rendered":"<p>\u201c\u015eehirde g\u00fcr\u00fclt\u00fc, g\u00fcmb\u00fcrt\u00fc, pat\u0131rt\u0131, \u00e7at\u0131rt\u0131, Evde horultu, h\u0131r\u0131lt\u0131, z\u0131r\u0131lt\u0131, v\u0131z\u0131lt\u0131, B\u00fct\u00fcn bunlar seni, beni \u00e7ileden \u00e7\u0131kartt\u0131! Bayd\u0131 dostum, \u00f6f be bayd\u0131!\u201d Birbirlerini \u00e7ocukluklar\u0131ndan beri tan\u0131yan Teo ile \u00d6mer\u2019in hayat\u0131na birdenbire b\u00fcy\u00fck bir heyecan dalgas\u0131 girer: YouTuber Yar\u0131\u015fmas\u0131! Teo\u2019nun hi\u00e7 ilgisini \u00e7ekmese de \u00d6mer bu yar\u0131\u015fmay\u0131 kazanmaya azimli. Teo\u2019ya da en yak\u0131n arkada\u015f\u0131na destek olmak d\u00fc\u015f\u00fcyor. \u0130ki arkada\u015f, \u00d6mer\u2019in yazd\u0131\u011f\u0131 rap \u015fark\u0131s\u0131na dansl\u0131 bir klip \u00e7ekmek i\u00e7in solu\u011fu K\u00fcst\u00fcm Korulu\u011fu\u2019nda al\u0131yorlar. Her \u015feyin yolunda gitti\u011fini sanmalar\u0131na ra\u011fmen \u00e7ektikleri klip hi\u00e7 de net g\u00f6r\u00fcnm\u00fcyor. Videoyu netle\u015ftirmek i\u00e7in \u00e7al\u0131\u015fan Teo tuhaf bir durumla kar\u015f\u0131la\u015f\u0131yor: Klibi \u00e7ekerken ortamda var olmayan ama \u015fimdi g\u00f6r\u00fcnt\u00fcde arka planda beliren g\u00f6lgeler de neyin nesi? Bu gizemin pe\u015fine d\u00fc\u015fen Teo ve arkada\u015flar\u0131 ba\u015fka bir d\u00fcnyayla, hatta uygarl\u0131kla kar\u015f\u0131 kar\u015f\u0131ya olduklar\u0131n\u0131 fark edecekler mi? Peki ya bu uygarl\u0131\u011f\u0131n baz\u0131 s\u00e2kinlerinin aralar\u0131nda ya\u015fad\u0131\u011f\u0131n\u0131? \u00c7ocuk edebiyat\u0131n\u0131n en sevilen yazarlar\u0131ndan Koray Avc\u0131 \u00c7akman s\u00fcr\u00fckleyici bir kurguyla okurlar\u0131n\u0131 yapay zek\u00e2 ve duygular \u00fczerine d\u00fc\u015f\u00fcn\u00fcp hayal kurmaya, sanal d\u00fcnya ve insanl\u0131k kavramlar\u0131n\u0131 sorgulamaya davet ediyor. <\/p>\n","protected":false},"excerpt":{"rendered":"<p>\u201c\u015eehirde g\u00fcr\u00fclt\u00fc, g\u00fcmb\u00fcrt\u00fc, pat\u0131rt\u0131, \u00e7at\u0131rt\u0131, Evde horultu, h\u0131r\u0131lt\u0131, z\u0131r\u0131lt\u0131, v\u0131z\u0131lt\u0131, B\u00fct\u00fcn bunlar seni, beni \u00e7ileden \u00e7\u0131kartt\u0131! Bayd\u0131 dostum, \u00f6f be bayd\u0131!\u201d Birbirlerini \u00e7ocukluklar\u0131ndan beri tan\u0131yan Teo<span class=\"excerpt-hellip\"> [\u2026]<\/span><\/p>\n","protected":false},"featured_media":0,"template":"","meta":{"_monsterinsights_skip_tracking":false,"_monsterinsights_sitenote_active":false,"_monsterinsights_sitenote_note":"","_monsterinsights_sitenote_category":0},"product_brand":[],"product_cat":[12275,12274],"product_tag":[],"class_list":{"0":"post-775475","1":"product","2":"type-product","3":"status-publish","5":"product_cat-6-12-yas-kitaplari","6":"product_cat-cocuk-ve-genclik-kitaplari","7":"pa_cilt-ciltsiz","8":"pa_tur-kitap","9":"pa_yayinevi-dogan-egmont-yayincilik","10":"pa_yazar-koray-avci-cakman","12":"first","13":"instock","14":"sale","15":"shipping-taxable","16":"purchasable","17":"product-type-simple"},"_links":{"self":[{"href":"https:\/\/roveyayinevi.com.tr\/index.php\/wp-json\/wp\/v2\/product\/775475","targetHints":{"allow":["GET"]}}],"collection":[{"href":"https:\/\/roveyayinevi.com.tr\/index.php\/wp-json\/wp\/v2\/product"}],"about":[{"href":"https:\/\/roveyayinevi.com.tr\/index.php\/wp-json\/wp\/v2\/types\/product"}],"wp:attachment":[{"href":"https:\/\/roveyayinevi.com.tr\/index.php\/wp-json\/wp\/v2\/media?parent=775475"}],"wp:term":[{"taxonomy":"product_brand","embeddable":true,"href":"https:\/\/roveyayinevi.com.tr\/index.php\/wp-json\/wp\/v2\/product_brand?post=775475"},{"taxonomy":"product_cat","embeddable":true,"href":"https:\/\/roveyayinevi.com.tr\/index.php\/wp-json\/wp\/v2\/product_cat?post=775475"},{"taxonomy":"product_tag","embeddable":true,"href":"https:\/\/roveyayinevi.com.tr\/index.php\/wp-json\/wp\/v2\/product_tag?post=775475"}],"curies":[{"name":"wp","href":"https:\/\/api.w.org\/{rel}","templated":true}]}}