{"id":775473,"date":"2025-09-10T08:38:38","date_gmt":"2025-09-10T05:38:38","guid":{"rendered":"https:\/\/roveyayinevi.com.tr\/index.php\/urun\/yas-uzun-bir-veda\/"},"modified":"2026-04-16T02:39:00","modified_gmt":"2026-04-15T23:39:00","slug":"yas-uzun-bir-veda","status":"publish","type":"product","link":"https:\/\/roveyayinevi.com.tr\/index.php\/urun\/yas-uzun-bir-veda\/","title":{"rendered":"Yas Uzun Bir Veda"},"content":{"rendered":"<p>\u201cYas, kaybetti\u011fimiz sevdiklerimize i\u00e7imizde bir yer a\u00e7makt\u0131r; onlar\u0131 i\u00e7imize s\u0131\u011fd\u0131rmak i\u00e7in kendimizi b\u00fcy\u00fctmektir.\u201d Herkes yitirir sevdiklerini. Bazen depremde, sava\u015fta, salg\u0131n hastal\u0131klarda; bazen bir hastane odas\u0131nda, s\u0131ral\u0131 ya da s\u0131ras\u0131z \u00f6l\u00fcmlerde. Yitirdiklerimizle birlikte ya\u015famakt\u0131r hayat. Kimi zaman da yitirilen bir yurt olur; kimi zaman b\u00fct\u00fcn d\u00fc\u015flerin sakland\u0131\u011f\u0131 bir ev; oca\u011f\u0131 t\u00fctt\u00fcren bir i\u015f; a\u015fina olan\u0131n verdi\u011fi g\u00fcven ve s\u0131cakl\u0131k\u2026 Yitirdiklerine d\u00f6n\u00fcp bakmak ister insan, yitip gidenin ard\u0131nda b\u0131rakt\u0131\u011f\u0131 bo\u015flu\u011fa at\u0131lacak bir son bak\u0131\u015f, s\u00f6ylenecek bir son s\u00f6z vard\u0131r hep. Yas, \u015fair Orpheus gibi Yeralt\u0131\u2019na inip sevdiklerimizi geri getirme \u00e7abas\u0131 ve bu \u00e7aban\u0131n beyhudeli\u011fini anlama s\u00fcrecidir belki de\u2026 Uzun bir yoldur; hayat boyu d\u00f6n\u00fcp d\u00f6n\u00fcp geriye bak\u0131lan, yitirdiklerimizi yan\u0131m\u0131za al\u0131p y\u00fcr\u00fcd\u00fc\u011f\u00fcm\u00fcz, ad\u0131na hayat denilen uzun bir yol. Prof. Dr. \u015eeng\u00fcl Hablemito\u011flu\u2019nun ki\u015fisel deneyimlerinden, yas terapilerinden ve evrensel \u00f6rneklerden s\u00fczerek olu\u015fturdu\u011fu bu ya\u015fama rehberini, i\u00e7inden ge\u00e7ti\u011fimiz zor zamanlarda ba\u015fucunuzdan eksik etmeyeceksiniz.   <\/p>\n","protected":false},"excerpt":{"rendered":"<p>\u201cYas, kaybetti\u011fimiz sevdiklerimize i\u00e7imizde bir yer a\u00e7makt\u0131r; onlar\u0131 i\u00e7imize s\u0131\u011fd\u0131rmak i\u00e7in kendimizi b\u00fcy\u00fctmektir.\u201d Herkes yitirir sevdiklerini. Bazen depremde, sava\u015fta, salg\u0131n hastal\u0131klarda; bazen bir hastane odas\u0131nda, s\u0131ral\u0131<span class=\"excerpt-hellip\"> [\u2026]<\/span><\/p>\n","protected":false},"featured_media":0,"template":"","meta":{"_monsterinsights_skip_tracking":false,"_monsterinsights_sitenote_active":false,"_monsterinsights_sitenote_note":"","_monsterinsights_sitenote_category":0},"product_brand":[],"product_cat":[12364,12376],"product_tag":[],"class_list":{"0":"post-775473","1":"product","2":"type-product","3":"status-publish","5":"product_cat-genel-konular","6":"product_cat-kisisel-gelisim","7":"pa_cilt-ciltsiz","8":"pa_tur-kitap","9":"pa_yayinevi-dogan-kitap","10":"pa_yazar-sengul-hablemitoglu","12":"first","13":"instock","14":"sale","15":"shipping-taxable","16":"purchasable","17":"product-type-simple"},"_links":{"self":[{"href":"https:\/\/roveyayinevi.com.tr\/index.php\/wp-json\/wp\/v2\/product\/775473","targetHints":{"allow":["GET"]}}],"collection":[{"href":"https:\/\/roveyayinevi.com.tr\/index.php\/wp-json\/wp\/v2\/product"}],"about":[{"href":"https:\/\/roveyayinevi.com.tr\/index.php\/wp-json\/wp\/v2\/types\/product"}],"wp:attachment":[{"href":"https:\/\/roveyayinevi.com.tr\/index.php\/wp-json\/wp\/v2\/media?parent=775473"}],"wp:term":[{"taxonomy":"product_brand","embeddable":true,"href":"https:\/\/roveyayinevi.com.tr\/index.php\/wp-json\/wp\/v2\/product_brand?post=775473"},{"taxonomy":"product_cat","embeddable":true,"href":"https:\/\/roveyayinevi.com.tr\/index.php\/wp-json\/wp\/v2\/product_cat?post=775473"},{"taxonomy":"product_tag","embeddable":true,"href":"https:\/\/roveyayinevi.com.tr\/index.php\/wp-json\/wp\/v2\/product_tag?post=775473"}],"curies":[{"name":"wp","href":"https:\/\/api.w.org\/{rel}","templated":true}]}}