{"id":775472,"date":"2025-09-10T08:37:02","date_gmt":"2025-09-10T05:37:02","guid":{"rendered":"https:\/\/roveyayinevi.com.tr\/index.php\/urun\/oynadiklarim-selcuk-sirin-okul-oncesi-seti-1\/"},"modified":"2026-01-23T02:48:48","modified_gmt":"2026-01-22T23:48:48","slug":"oynadiklarim-selcuk-sirin-okul-oncesi-seti-1","status":"publish","type":"product","link":"https:\/\/roveyayinevi.com.tr\/index.php\/urun\/oynadiklarim-selcuk-sirin-okul-oncesi-seti-1\/","title":{"rendered":"Oynad\u0131klar\u0131m &#8211; Sel\u00e7uk \u015eirin Okul \u00d6ncesi Seti 1"},"content":{"rendered":"<p>\u00c7ocuklar\u0131n\u0131z\u0131n okulda ba\u015far\u0131l\u0131 olmas\u0131n\u0131 istiyorsan\u0131z okulun ba\u015flamas\u0131n\u0131 beklemeyin!Prof. Dr. Sel\u00e7uk \u015eirin ve Derya \u015eirin taraf\u0131ndan haz\u0131rlanan Sel\u00e7uk \u015eirin Okul \u00d6ncesi Seti, \u00e7ocuklar\u0131m\u0131z\u0131n okul olgunlu\u011funu destekler. Setteki her kitap, ilk\u00f6\u011fretime haz\u0131rl\u0131k i\u00e7in \u00f6nerilen farkl\u0131 beceri alanlar\u0131n\u0131 temel al\u0131r. Ve \u00e7ocuklar\u0131m\u0131z\u0131n bu becerileri \u201cyaparak \u00f6\u011frenme\u201dlerini hedefleyen uygulamalar i\u00e7erir.<\/p>\n","protected":false},"excerpt":{"rendered":"<p>\u00c7ocuklar\u0131n\u0131z\u0131n okulda ba\u015far\u0131l\u0131 olmas\u0131n\u0131 istiyorsan\u0131z okulun ba\u015flamas\u0131n\u0131 beklemeyin!Prof. Dr. Sel\u00e7uk \u015eirin ve Derya \u015eirin taraf\u0131ndan haz\u0131rlanan Sel\u00e7uk \u015eirin Okul \u00d6ncesi Seti, \u00e7ocuklar\u0131m\u0131z\u0131n okul olgunlu\u011funu destekler. Setteki<span class=\"excerpt-hellip\"> [\u2026]<\/span><\/p>\n","protected":false},"featured_media":0,"template":"","meta":{"_monsterinsights_skip_tracking":false,"_monsterinsights_sitenote_active":false,"_monsterinsights_sitenote_note":"","_monsterinsights_sitenote_category":0},"product_brand":[],"product_cat":[12274,12518],"product_tag":[],"class_list":{"0":"post-775472","1":"product","2":"type-product","3":"status-publish","5":"product_cat-cocuk-ve-genclik-kitaplari","6":"product_cat-okul-oncesi-kitaplar","7":"pa_cilt-ciltsiz","8":"pa_tur-kitap","9":"pa_yayinevi-dogan-egmont-yayincilik","10":"pa_yazar-selcuk-sirin-derya-sirin","12":"first","13":"instock","14":"sale","15":"shipping-taxable","16":"purchasable","17":"product-type-simple"},"_links":{"self":[{"href":"https:\/\/roveyayinevi.com.tr\/index.php\/wp-json\/wp\/v2\/product\/775472","targetHints":{"allow":["GET"]}}],"collection":[{"href":"https:\/\/roveyayinevi.com.tr\/index.php\/wp-json\/wp\/v2\/product"}],"about":[{"href":"https:\/\/roveyayinevi.com.tr\/index.php\/wp-json\/wp\/v2\/types\/product"}],"wp:attachment":[{"href":"https:\/\/roveyayinevi.com.tr\/index.php\/wp-json\/wp\/v2\/media?parent=775472"}],"wp:term":[{"taxonomy":"product_brand","embeddable":true,"href":"https:\/\/roveyayinevi.com.tr\/index.php\/wp-json\/wp\/v2\/product_brand?post=775472"},{"taxonomy":"product_cat","embeddable":true,"href":"https:\/\/roveyayinevi.com.tr\/index.php\/wp-json\/wp\/v2\/product_cat?post=775472"},{"taxonomy":"product_tag","embeddable":true,"href":"https:\/\/roveyayinevi.com.tr\/index.php\/wp-json\/wp\/v2\/product_tag?post=775472"}],"curies":[{"name":"wp","href":"https:\/\/api.w.org\/{rel}","templated":true}]}}