{"id":775470,"date":"2025-09-10T08:32:43","date_gmt":"2025-09-10T05:32:43","guid":{"rendered":"https:\/\/roveyayinevi.com.tr\/index.php\/urun\/cocugumu-nasil-geri-alabilirim\/"},"modified":"2026-04-16T02:37:43","modified_gmt":"2026-04-15T23:37:43","slug":"cocugumu-nasil-geri-alabilirim","status":"publish","type":"product","link":"https:\/\/roveyayinevi.com.tr\/index.php\/urun\/cocugumu-nasil-geri-alabilirim\/","title":{"rendered":"\u00c7ocu\u011fumu Nas\u0131l Geri Alabilirim"},"content":{"rendered":"<p>\u00c7ocu\u011funuz teknolojik aletlere ba\u011f\u0131ml\u0131 ya\u015f\u0131yor ve siz bu durum kar\u015f\u0131s\u0131nda kendinizi \u00fcmitsiz mi hissediyorsunuz?  \u0130nsanlar olarak bizler, bir milyon y\u0131ldan fazla bir s\u00fcredir do\u011fada ya\u015fad\u0131k ve do\u011fayla \u015fekillendik. Do\u011fa duygular\u0131m\u0131z\u0131 ve duyular\u0131m\u0131z\u0131 geli\u015ftirdi. Hayat h\u0131zland\u0131k\u00e7a ve ekrana maruz kalma s\u00fcresi artt\u0131k\u00e7a do\u011fayla ba\u011f\u0131m\u0131z\u0131 arkam\u0131zda b\u0131rak\u0131yoruz. Uzaklar\u0131 g\u00f6remedi\u011fimiz i\u00e7in g\u00f6rme duyumuz, do\u011fal varl\u0131klara dokunamad\u0131\u011f\u0131m\u0131z i\u00e7in dokunma duyumuz, ger\u00e7ek tatlardan uzakla\u015ft\u0131\u011f\u0131m\u0131z i\u00e7in tatma duyumuz ve kendimizle ba\u015f ba\u015fa olabilme becerimiz k\u00f6reliyor.  Do\u011fa ile aram\u0131zdaki bu kopukluk tahminlerimizin \u00f6tesinde zararlar veriyor. Bilimsel \u00e7al\u0131\u015fmalar sadece iki nesil \u00f6nceye g\u00f6re depresyona en az iki kat fazla maruz kald\u0131\u011f\u0131m\u0131z\u0131 i\u015faret ediyor. \u00c7ocuklar ve gen\u00e7ler aras\u0131nda depresyon gibi problemlerin artmas\u0131nda do\u011fa temelli oyunlar\u0131n ve do\u011fal ortamlarda ge\u00e7irilen zaman\u0131n azalmas\u0131n\u0131n rol oynad\u0131\u011f\u0131 iddia ediliyor. Do\u011fa yaln\u0131zca ruhsal ve fiziksel sa\u011fl\u0131\u011f\u0131m\u0131z\u0131 de\u011fil; hayal g\u00fcc\u00fcm\u00fcz\u00fc, yarat\u0131c\u0131l\u0131\u011f\u0131m\u0131z\u0131 ve esenli\u011fimizi de iyi y\u00f6nde etkiliyor.  \u201c\u00c7ocu\u011fumu Nas\u0131l Geri Alabilirim\u201d kitab\u0131, aktivite ve egzersiz \u00f6nerileriyle \u00e7ocuklar\u0131n bilgisayar oyunlar\u0131na, sosyal medyaya ve televizyona ay\u0131rd\u0131klar\u0131 zaman\u0131 azaltmalar\u0131na yard\u0131mc\u0131 olur. Bu kitap sayesinde \u00e7ocuklarla do\u011fada zaman ge\u00e7irmenin bir\u00e7ok keyifli yolunu bulacaks\u0131n\u0131z.  Bonnie Thomas, d\u00fcnyada \u00e7ok satan \u201c\u00c7ocuklar \u0130\u00e7in Yarat\u0131c\u0131 Ba\u015f Etme Becerileri\u201d, \u201c\u00c7ocuklar \u0130\u00e7in Duygularla \u0130leti\u015fim Becerileri\u201d, \u201cErgenli\u011fe Ge\u00e7i\u015fte Duygularla \u0130leti\u015fim Becerileri\u201d ve \u201cGen\u00e7ler ve \u00c7ocuklar \u0130\u00e7in Yarat\u0131c\u0131 Ba\u015f Etme Becerileri\u201d adl\u0131 kitaplar\u0131n yazar\u0131d\u0131r. Thomas okullarda \u00e7al\u0131\u015fan bir klinisyendir. \u00c7ocuklarla ve ebeveynleriyle y\u0131llara dayanan tecr\u00fcbesi bulunmaktad\u0131r.<\/p>\n","protected":false},"excerpt":{"rendered":"<p>\u00c7ocu\u011funuz teknolojik aletlere ba\u011f\u0131ml\u0131 ya\u015f\u0131yor ve siz bu durum kar\u015f\u0131s\u0131nda kendinizi \u00fcmitsiz mi hissediyorsunuz? \u0130nsanlar olarak bizler, bir milyon y\u0131ldan fazla bir s\u00fcredir do\u011fada ya\u015fad\u0131k ve<span class=\"excerpt-hellip\"> [\u2026]<\/span><\/p>\n","protected":false},"featured_media":0,"template":"","meta":{"_monsterinsights_skip_tracking":false,"_monsterinsights_sitenote_active":false,"_monsterinsights_sitenote_note":"","_monsterinsights_sitenote_category":0},"product_brand":[],"product_cat":[12831,12324],"product_tag":[],"class_list":{"0":"post-775470","1":"product","2":"type-product","3":"status-publish","5":"product_cat-aile-ve-cocuk","6":"product_cat-sosyoloji","7":"pa_cilt-ciltsiz","8":"pa_tur-kitap","9":"pa_yayinevi-sola-unitas","10":"pa_yazar-bonnie-thomas","12":"first","13":"instock","14":"sale","15":"shipping-taxable","16":"purchasable","17":"product-type-simple"},"_links":{"self":[{"href":"https:\/\/roveyayinevi.com.tr\/index.php\/wp-json\/wp\/v2\/product\/775470","targetHints":{"allow":["GET"]}}],"collection":[{"href":"https:\/\/roveyayinevi.com.tr\/index.php\/wp-json\/wp\/v2\/product"}],"about":[{"href":"https:\/\/roveyayinevi.com.tr\/index.php\/wp-json\/wp\/v2\/types\/product"}],"wp:attachment":[{"href":"https:\/\/roveyayinevi.com.tr\/index.php\/wp-json\/wp\/v2\/media?parent=775470"}],"wp:term":[{"taxonomy":"product_brand","embeddable":true,"href":"https:\/\/roveyayinevi.com.tr\/index.php\/wp-json\/wp\/v2\/product_brand?post=775470"},{"taxonomy":"product_cat","embeddable":true,"href":"https:\/\/roveyayinevi.com.tr\/index.php\/wp-json\/wp\/v2\/product_cat?post=775470"},{"taxonomy":"product_tag","embeddable":true,"href":"https:\/\/roveyayinevi.com.tr\/index.php\/wp-json\/wp\/v2\/product_tag?post=775470"}],"curies":[{"name":"wp","href":"https:\/\/api.w.org\/{rel}","templated":true}]}}