{"id":775469,"date":"2025-09-10T08:30:21","date_gmt":"2025-09-10T05:30:21","guid":{"rendered":"https:\/\/roveyayinevi.com.tr\/index.php\/urun\/kurtarma-mesafesi\/"},"modified":"2026-04-16T02:37:35","modified_gmt":"2026-04-15T23:37:35","slug":"kurtarma-mesafesi","status":"publish","type":"product","link":"https:\/\/roveyayinevi.com.tr\/index.php\/urun\/kurtarma-mesafesi\/","title":{"rendered":"Kurtarma Mesafesi"},"content":{"rendered":"<p>Ben hep en k\u00f6t\u00fc olas\u0131l\u0131klara kafa yorar\u0131m. \u015eu an bile kafamda hesap yap\u0131yorum, Nina birden havuza d\u00fc\u015ferse arabadan \u00e7\u0131k\u0131p ko\u015farak ona ula\u015fmam\u0131n ne kadar s\u00fcrece\u011fini hesapl\u0131yorum. K\u0131z\u0131mla aramdaki de\u011fi\u015fken mesafeye verdi\u011fim isim \u201ckurtarma mesafesi\u201d, g\u00fcnlerimin yar\u0131s\u0131n\u0131 bunu hesaplayarak ge\u00e7iriyorum, yine de hep gereksiz riskler al\u0131yorum.   Arjantin ta\u015fras\u0131nda, tarlalar aras\u0131nda bir kasaba&#8230; Kasaban\u0131n k\u0131y\u0131s\u0131nda ye\u015fil renkli, gizemli bir ev&#8230; Huzurlu bir tatil hayaliyle kasabaya gelen Amanda ve k\u00fc\u00e7\u00fck k\u0131z\u0131 Nina&#8230; Tek amac\u0131 k\u0131z\u0131n\u0131 korumak olan Amanda\u2019n\u0131n \u00f6nce ona ula\u015fmas\u0131 laz\u0131m, ula\u015fmak i\u00e7inse olaylar\u0131 tetikleyen o \u00e2n\u0131 bulmas\u0131.   Latin Amerika edebiyat\u0131n\u0131n y\u00fckselen temsilcilerinden Samanta Schweblin\u2019in bu ilk roman\u0131 2017 Man Booker \u00d6d\u00fcl\u00fc finalistleri aras\u0131ndayd\u0131. Kurtarma Mesafesi\u2019ndeki gerilimler ruh ve bireyle oldu\u011fu kadar toplum ve \u00e7evreyle de alakal\u0131. <\/p>\n","protected":false},"excerpt":{"rendered":"<p>Ben hep en k\u00f6t\u00fc olas\u0131l\u0131klara kafa yorar\u0131m. \u015eu an bile kafamda hesap yap\u0131yorum, Nina birden havuza d\u00fc\u015ferse arabadan \u00e7\u0131k\u0131p ko\u015farak ona ula\u015fmam\u0131n ne kadar s\u00fcrece\u011fini hesapl\u0131yorum.<span class=\"excerpt-hellip\"> [\u2026]<\/span><\/p>\n","protected":false},"featured_media":0,"template":"","meta":{"_monsterinsights_skip_tracking":false,"_monsterinsights_sitenote_active":false,"_monsterinsights_sitenote_note":"","_monsterinsights_sitenote_category":0},"product_brand":[],"product_cat":[12291,12711],"product_tag":[],"class_list":{"0":"post-775469","1":"product","2":"type-product","3":"status-publish","5":"product_cat-edebiyat","6":"product_cat-roman-oyku","7":"pa_cilt-ciltsiz","8":"pa_tur-kitap","9":"pa_yayinevi-can-yayinlari","10":"pa_yazar-samanta-schweblin","12":"first","13":"instock","14":"sale","15":"shipping-taxable","16":"purchasable","17":"product-type-simple"},"_links":{"self":[{"href":"https:\/\/roveyayinevi.com.tr\/index.php\/wp-json\/wp\/v2\/product\/775469","targetHints":{"allow":["GET"]}}],"collection":[{"href":"https:\/\/roveyayinevi.com.tr\/index.php\/wp-json\/wp\/v2\/product"}],"about":[{"href":"https:\/\/roveyayinevi.com.tr\/index.php\/wp-json\/wp\/v2\/types\/product"}],"wp:attachment":[{"href":"https:\/\/roveyayinevi.com.tr\/index.php\/wp-json\/wp\/v2\/media?parent=775469"}],"wp:term":[{"taxonomy":"product_brand","embeddable":true,"href":"https:\/\/roveyayinevi.com.tr\/index.php\/wp-json\/wp\/v2\/product_brand?post=775469"},{"taxonomy":"product_cat","embeddable":true,"href":"https:\/\/roveyayinevi.com.tr\/index.php\/wp-json\/wp\/v2\/product_cat?post=775469"},{"taxonomy":"product_tag","embeddable":true,"href":"https:\/\/roveyayinevi.com.tr\/index.php\/wp-json\/wp\/v2\/product_tag?post=775469"}],"curies":[{"name":"wp","href":"https:\/\/api.w.org\/{rel}","templated":true}]}}