{"id":775467,"date":"2025-09-10T08:25:50","date_gmt":"2025-09-10T05:25:50","guid":{"rendered":"https:\/\/roveyayinevi.com.tr\/index.php\/urun\/kankalar-takimi-ilk-okuma-15\/"},"modified":"2026-03-23T02:45:03","modified_gmt":"2026-03-22T23:45:03","slug":"kankalar-takimi-ilk-okuma-15","status":"publish","type":"product","link":"https:\/\/roveyayinevi.com.tr\/index.php\/urun\/kankalar-takimi-ilk-okuma-15\/","title":{"rendered":"Kankalar Tak\u0131m\u0131! &#8211; \u0130lk Okuma 15"},"content":{"rendered":"<p>Selam arkada\u015flar ben \u015eakir, herkesin bildi\u011fi \u015fekilde Kral \u015eakir! Ben ve benim \u00e7\u0131lg\u0131n ailem bu sefer de ilk okuma kitaplar\u0131yla maceradan maceraya ko\u015fuyoruz. Kumpir ve Akbaba Cem\u015fit\u2019le okulun d\u00fczenledi\u011fi yar\u0131\u015fmada ayn\u0131 tak\u0131mday\u0131z. Tak\u0131m\u0131m\u0131z\u0131n ismi: Kankalar Tak\u0131m\u0131. G\u00f6revimiz ormana gizlenmi\u015f sand\u0131\u011f\u0131 bulmak, \u00f6d\u00fcl\u00fcm\u00fcz ise sand\u0131\u011f\u0131n i\u00e7indekilere sahip olmak. Kaybedecek vaktimiz yok hemen i\u015fe koyulmal\u0131y\u0131z, hadi ne duruyorsunuz aramaya ba\u015flayal\u0131m! <\/p>\n","protected":false},"excerpt":{"rendered":"<p>Selam arkada\u015flar ben \u015eakir, herkesin bildi\u011fi \u015fekilde Kral \u015eakir! Ben ve benim \u00e7\u0131lg\u0131n ailem bu sefer de ilk okuma kitaplar\u0131yla maceradan maceraya ko\u015fuyoruz. Kumpir ve Akbaba<span class=\"excerpt-hellip\"> [\u2026]<\/span><\/p>\n","protected":false},"featured_media":0,"template":"","meta":{"_monsterinsights_skip_tracking":false,"_monsterinsights_sitenote_active":false,"_monsterinsights_sitenote_note":"","_monsterinsights_sitenote_category":0},"product_brand":[],"product_cat":[12913,12274],"product_tag":[],"class_list":{"0":"post-775467","1":"product","2":"type-product","3":"status-publish","5":"product_cat-3-6-yas-kitaplari","6":"product_cat-cocuk-ve-genclik-kitaplari","7":"pa_cilt-ciltsiz","8":"pa_tur-kitap","9":"pa_yayinevi-eksik-parca-yayinlari","10":"pa_yazar-varol-yasaroglu","12":"first","13":"instock","14":"sale","15":"shipping-taxable","16":"purchasable","17":"product-type-simple"},"_links":{"self":[{"href":"https:\/\/roveyayinevi.com.tr\/index.php\/wp-json\/wp\/v2\/product\/775467","targetHints":{"allow":["GET"]}}],"collection":[{"href":"https:\/\/roveyayinevi.com.tr\/index.php\/wp-json\/wp\/v2\/product"}],"about":[{"href":"https:\/\/roveyayinevi.com.tr\/index.php\/wp-json\/wp\/v2\/types\/product"}],"wp:attachment":[{"href":"https:\/\/roveyayinevi.com.tr\/index.php\/wp-json\/wp\/v2\/media?parent=775467"}],"wp:term":[{"taxonomy":"product_brand","embeddable":true,"href":"https:\/\/roveyayinevi.com.tr\/index.php\/wp-json\/wp\/v2\/product_brand?post=775467"},{"taxonomy":"product_cat","embeddable":true,"href":"https:\/\/roveyayinevi.com.tr\/index.php\/wp-json\/wp\/v2\/product_cat?post=775467"},{"taxonomy":"product_tag","embeddable":true,"href":"https:\/\/roveyayinevi.com.tr\/index.php\/wp-json\/wp\/v2\/product_tag?post=775467"}],"curies":[{"name":"wp","href":"https:\/\/api.w.org\/{rel}","templated":true}]}}