{"id":775466,"date":"2025-09-10T08:07:38","date_gmt":"2025-09-10T05:07:38","guid":{"rendered":"https:\/\/roveyayinevi.com.tr\/index.php\/urun\/buz-canavari\/"},"modified":"2026-04-11T13:53:05","modified_gmt":"2026-04-11T10:53:05","slug":"buz-canavari","status":"publish","type":"product","link":"https:\/\/roveyayinevi.com.tr\/index.php\/urun\/buz-canavari\/","title":{"rendered":"Buz Canavar\u0131"},"content":{"rendered":"<p>LONDRA, 1899 YILIOn ya\u015f\u0131ndaki bir yetimle 10.000 ya\u015f\u0131ndaki bir mamutun kalpleri \u0131s\u0131tan hik\u00e2yesi.<\/p>\n","protected":false},"excerpt":{"rendered":"<p>LONDRA, 1899 YILIOn ya\u015f\u0131ndaki bir yetimle 10.000 ya\u015f\u0131ndaki bir mamutun kalpleri \u0131s\u0131tan hik\u00e2yesi.<\/p>\n","protected":false},"featured_media":0,"template":"","meta":{"_monsterinsights_skip_tracking":false,"_monsterinsights_sitenote_active":false,"_monsterinsights_sitenote_note":"","_monsterinsights_sitenote_category":0},"product_brand":[],"product_cat":[12274,12284],"product_tag":[],"class_list":{"0":"post-775466","1":"product","2":"type-product","3":"status-publish","5":"product_cat-cocuk-ve-genclik-kitaplari","6":"product_cat-hikayeler","7":"pa_cilt-ciltsiz","8":"pa_tur-kitap","9":"pa_yayinevi-can-cocuk-yayinlari","10":"pa_yazar-david-walliams","12":"first","13":"instock","14":"sale","15":"shipping-taxable","16":"purchasable","17":"product-type-simple"},"_links":{"self":[{"href":"https:\/\/roveyayinevi.com.tr\/index.php\/wp-json\/wp\/v2\/product\/775466","targetHints":{"allow":["GET"]}}],"collection":[{"href":"https:\/\/roveyayinevi.com.tr\/index.php\/wp-json\/wp\/v2\/product"}],"about":[{"href":"https:\/\/roveyayinevi.com.tr\/index.php\/wp-json\/wp\/v2\/types\/product"}],"wp:attachment":[{"href":"https:\/\/roveyayinevi.com.tr\/index.php\/wp-json\/wp\/v2\/media?parent=775466"}],"wp:term":[{"taxonomy":"product_brand","embeddable":true,"href":"https:\/\/roveyayinevi.com.tr\/index.php\/wp-json\/wp\/v2\/product_brand?post=775466"},{"taxonomy":"product_cat","embeddable":true,"href":"https:\/\/roveyayinevi.com.tr\/index.php\/wp-json\/wp\/v2\/product_cat?post=775466"},{"taxonomy":"product_tag","embeddable":true,"href":"https:\/\/roveyayinevi.com.tr\/index.php\/wp-json\/wp\/v2\/product_tag?post=775466"}],"curies":[{"name":"wp","href":"https:\/\/api.w.org\/{rel}","templated":true}]}}