{"id":775465,"date":"2025-09-10T08:05:28","date_gmt":"2025-09-10T05:05:28","guid":{"rendered":"https:\/\/roveyayinevi.com.tr\/index.php\/urun\/gizemli-tarih-oyunu-1-0-karainde-tas-cagi\/"},"modified":"2026-04-16T02:33:41","modified_gmt":"2026-04-15T23:33:41","slug":"gizemli-tarih-oyunu-1-0-karainde-tas-cagi","status":"publish","type":"product","link":"https:\/\/roveyayinevi.com.tr\/index.php\/urun\/gizemli-tarih-oyunu-1-0-karainde-tas-cagi\/","title":{"rendered":"Gizemli Tarih Oyunu 1.0 Karain\u2019de Ta\u015f \u00c7a\u011f\u0131"},"content":{"rendered":"<p>Ufuk, yaz tatilini arkeolog anne babas\u0131yla birlikte kaz\u0131 alan\u0131nda ge\u00e7irecektir. Arkeologlar, toprak alt\u0131ndan binlerce y\u0131ll\u0131k eserleri \u00e7\u0131kar\u0131rken Ufuk da Karain Ma\u011faras\u0131&#8217;n\u0131 ke\u015ffe \u00e7\u0131kar. Bu gizemli yolculuk, bilgisayar oyunu i\u00e7in de ilham kayna\u011f\u0131 olacakt\u0131r.Gizemli Tarih Oyunu dizisinin ilk kitab\u0131 Karain&#8217;de Ta\u015f \u00c7a\u011f\u0131, arkeoloji, tarih ve do\u011fayla i\u00e7 i\u00e7e bir maceraya davet ediyor.<\/p>\n","protected":false},"excerpt":{"rendered":"<p>Ufuk, yaz tatilini arkeolog anne babas\u0131yla birlikte kaz\u0131 alan\u0131nda ge\u00e7irecektir. Arkeologlar, toprak alt\u0131ndan binlerce y\u0131ll\u0131k eserleri \u00e7\u0131kar\u0131rken Ufuk da Karain Ma\u011faras\u0131&#8217;n\u0131 ke\u015ffe \u00e7\u0131kar. Bu gizemli yolculuk,<span class=\"excerpt-hellip\"> [\u2026]<\/span><\/p>\n","protected":false},"featured_media":0,"template":"","meta":{"_monsterinsights_skip_tracking":false,"_monsterinsights_sitenote_active":false,"_monsterinsights_sitenote_note":"","_monsterinsights_sitenote_category":0},"product_brand":[],"product_cat":[12274,12284],"product_tag":[],"class_list":{"0":"post-775465","1":"product","2":"type-product","3":"status-publish","5":"product_cat-cocuk-ve-genclik-kitaplari","6":"product_cat-hikayeler","7":"pa_cilt-ciltsiz","8":"pa_tur-kitap","9":"pa_yayinevi-kirmizi-kedi-yayinevi","10":"pa_yazar-demet-ekmekcioglu","12":"first","13":"instock","14":"sale","15":"shipping-taxable","16":"purchasable","17":"product-type-simple"},"_links":{"self":[{"href":"https:\/\/roveyayinevi.com.tr\/index.php\/wp-json\/wp\/v2\/product\/775465","targetHints":{"allow":["GET"]}}],"collection":[{"href":"https:\/\/roveyayinevi.com.tr\/index.php\/wp-json\/wp\/v2\/product"}],"about":[{"href":"https:\/\/roveyayinevi.com.tr\/index.php\/wp-json\/wp\/v2\/types\/product"}],"wp:attachment":[{"href":"https:\/\/roveyayinevi.com.tr\/index.php\/wp-json\/wp\/v2\/media?parent=775465"}],"wp:term":[{"taxonomy":"product_brand","embeddable":true,"href":"https:\/\/roveyayinevi.com.tr\/index.php\/wp-json\/wp\/v2\/product_brand?post=775465"},{"taxonomy":"product_cat","embeddable":true,"href":"https:\/\/roveyayinevi.com.tr\/index.php\/wp-json\/wp\/v2\/product_cat?post=775465"},{"taxonomy":"product_tag","embeddable":true,"href":"https:\/\/roveyayinevi.com.tr\/index.php\/wp-json\/wp\/v2\/product_tag?post=775465"}],"curies":[{"name":"wp","href":"https:\/\/api.w.org\/{rel}","templated":true}]}}