{"id":775460,"date":"2025-09-10T07:21:02","date_gmt":"2025-09-10T04:21:02","guid":{"rendered":"https:\/\/roveyayinevi.com.tr\/index.php\/urun\/dracula-9\/"},"modified":"2026-04-12T02:32:53","modified_gmt":"2026-04-11T23:32:53","slug":"dracula-9","status":"publish","type":"product","link":"https:\/\/roveyayinevi.com.tr\/index.php\/urun\/dracula-9\/","title":{"rendered":"Dracula"},"content":{"rendered":"<p>\u0130ngiliz yazar ve akademisyen Sir Malcolm Stanley Bradbury\u2019nin, \u201c\u015fimdiye kadar yaz\u0131lm\u0131\u015f en g\u00fc\u00e7l\u00fc korku hik\u00e2yelerinden biri\u201d diye tan\u0131mlad\u0131\u011f\u0131 Dracula, hukuk\u00e7u Jonathan Harker\u2019\u0131n Kont Dracula ad\u0131nda bir al\u0131c\u0131n\u0131n Londra\u2019da sat\u0131n almak istedi\u011fi evin i\u015flemlerini yapmak \u00fczere Transilvanya\u2019ya gidi\u015fiyle ba\u015flar. Jonathan, m\u00fc\u015fterisinin \u015fatosunda deh\u015fet uyand\u0131ran ke\u015fiflerde bulunur. K\u0131sa bir s\u00fcre sonra Londra\u2019da da huzur ka\u00e7\u0131ran birtak\u0131m olaylar ba\u015flar. \u0130\u00e7inde kimse olmayan bir tekne batar; gen\u00e7 bir kad\u0131n\u0131n aln\u0131nda gizemli bir i\u015faret belirir, t\u0131marhanedeki bir ruh hastas\u0131 \u201cefendi\u201dsinin gelmek \u00fczere oldu\u011fundan dem vurmaya ba\u015flar. Olaylar, u\u011fursuz kont ve onunla sava\u015fmay\u0131 g\u00f6ze alan bir grup gen\u00e7 aras\u0131nda \u00e7at\u0131\u015fmaya dek gidecektir. \u0130rlandal\u0131 yazar Bram Stoker\u2019\u0131n, iki taraf aras\u0131ndaki bu irade ve g\u00fc\u00e7 \u00e7at\u0131\u015fmas\u0131n\u0131 i\u015fledi\u011fi ve korku edebiyat\u0131n\u0131n ba\u015fyap\u0131tlar\u0131ndan biri say\u0131lan Dracula, yay\u0131mlanmas\u0131n\u0131n \u00fczerinden y\u00fcz y\u0131l\u0131 a\u015fk\u0131n s\u00fcre ge\u00e7mesine kar\u015f\u0131n, bug\u00fcn de ayn\u0131 ilgiyle okunuyor<\/p>\n","protected":false},"excerpt":{"rendered":"<p>\u0130ngiliz yazar ve akademisyen Sir Malcolm Stanley Bradbury\u2019nin, \u201c\u015fimdiye kadar yaz\u0131lm\u0131\u015f en g\u00fc\u00e7l\u00fc korku hik\u00e2yelerinden biri\u201d diye tan\u0131mlad\u0131\u011f\u0131 Dracula, hukuk\u00e7u Jonathan Harker\u2019\u0131n Kont Dracula ad\u0131nda bir<span class=\"excerpt-hellip\"> [\u2026]<\/span><\/p>\n","protected":false},"featured_media":0,"template":"","meta":{"_monsterinsights_skip_tracking":false,"_monsterinsights_sitenote_active":false,"_monsterinsights_sitenote_note":"","_monsterinsights_sitenote_category":0},"product_brand":[],"product_cat":[12291,12711],"product_tag":[],"class_list":{"0":"post-775460","1":"product","2":"type-product","3":"status-publish","5":"product_cat-edebiyat","6":"product_cat-roman-oyku","7":"pa_cilt-ciltsiz","8":"pa_tur-kitap","9":"pa_yayinevi-can-yayinlari","10":"pa_yazar-bram-stoker","12":"first","13":"instock","14":"sale","15":"shipping-taxable","16":"purchasable","17":"product-type-simple"},"_links":{"self":[{"href":"https:\/\/roveyayinevi.com.tr\/index.php\/wp-json\/wp\/v2\/product\/775460","targetHints":{"allow":["GET"]}}],"collection":[{"href":"https:\/\/roveyayinevi.com.tr\/index.php\/wp-json\/wp\/v2\/product"}],"about":[{"href":"https:\/\/roveyayinevi.com.tr\/index.php\/wp-json\/wp\/v2\/types\/product"}],"wp:attachment":[{"href":"https:\/\/roveyayinevi.com.tr\/index.php\/wp-json\/wp\/v2\/media?parent=775460"}],"wp:term":[{"taxonomy":"product_brand","embeddable":true,"href":"https:\/\/roveyayinevi.com.tr\/index.php\/wp-json\/wp\/v2\/product_brand?post=775460"},{"taxonomy":"product_cat","embeddable":true,"href":"https:\/\/roveyayinevi.com.tr\/index.php\/wp-json\/wp\/v2\/product_cat?post=775460"},{"taxonomy":"product_tag","embeddable":true,"href":"https:\/\/roveyayinevi.com.tr\/index.php\/wp-json\/wp\/v2\/product_tag?post=775460"}],"curies":[{"name":"wp","href":"https:\/\/api.w.org\/{rel}","templated":true}]}}