{"id":775455,"date":"2025-09-10T07:06:43","date_gmt":"2025-09-10T04:06:43","guid":{"rendered":"https:\/\/roveyayinevi.com.tr\/index.php\/urun\/cocuklar-icin-shakespeare-oykuleri-ciltli\/"},"modified":"2026-01-22T02:44:38","modified_gmt":"2026-01-21T23:44:38","slug":"cocuklar-icin-shakespeare-oykuleri-ciltli","status":"publish","type":"product","link":"https:\/\/roveyayinevi.com.tr\/index.php\/urun\/cocuklar-icin-shakespeare-oykuleri-ciltli\/","title":{"rendered":"\u00c7ocuklar \u0130\u00e7in Shakespeare \u00d6yk\u00fcleri (Ciltli)"},"content":{"rendered":"<p>\u201cOlmak ya da olmamak, i\u015fte b\u00fct\u00fcn mesele bu!\u201d   Shakespeare\u2019in birbirinden g\u00fczel 12 klasik \u00f6yk\u00fcs\u00fcyle dolu harika bir sahneye buyurun!   Macbeth, Romeo ve Juliet, Hamlet, Bir Yaz Gecesi R\u00fcyas\u0131, F\u0131rt\u0131na, Onikinci Gece, Othello, Be\u011fendi\u011finiz Gibi, Julius Caesar, Kuru G\u00fcr\u00fclt\u00fc, Kral Lear ve Venedik Taciri. Hepsi \u00e7ocuklar i\u00e7in, sadele\u015ftirilerek yeniden yaz\u0131ld\u0131. Edebiyat d\u00fcnyas\u0131n\u0131n gelmi\u015f ge\u00e7mi\u015f en \u00fcnl\u00fc isminin kaleminden \u00e7\u0131kan her bir klasik, duygular\u0131 ve ya\u015fant\u0131s\u0131 ile insan\u0131 anlat\u0131yor. Danimarka Kral\u0131 ya da Veronal\u0131 bir a\u015f\u0131k, Venedikli bir tacir ya da Romal\u0131 bir komutan\u2026 Ortak duygular\u0131m\u0131z\u0131, karakterimizi, bizi biz yapan her \u015feyi, ac\u0131y\u0131 ve a\u015fk\u0131, \u00f6fkeyi ve \u015fefkati, k\u0131skan\u00e7l\u0131k ve dostlu\u011fu bize daha iyi kim anlatabilir? Elbette ShakespeareBa\u015ftan sonra renkli ill\u00fcstrasyonlarla bezeli kitapta, Shakespeare\u2019in ya\u015fam \u00f6yk\u00fcs\u00fc ile oyunlar\u0131ndaki konulara ve karakterlere dair ipu\u00e7lar\u0131 da yer al\u0131yor.   Shakespeare klasiklerini t\u00fcm belli ba\u015fl\u0131 karakterleri ve olay \u00f6rg\u00fcs\u00fcn\u00fc koruyarak, b\u00fcy\u00fck bir ustal\u0131kla, yazar Angela McAllister \u00e7ocuklar\u0131n anlayaca\u011f\u0131 bir dile d\u00f6n\u00fc\u015ft\u00fcrd\u00fc. <\/p>\n","protected":false},"excerpt":{"rendered":"<p>\u201cOlmak ya da olmamak, i\u015fte b\u00fct\u00fcn mesele bu!\u201d Shakespeare\u2019in birbirinden g\u00fczel 12 klasik \u00f6yk\u00fcs\u00fcyle dolu harika bir sahneye buyurun! Macbeth, Romeo ve Juliet, Hamlet, Bir Yaz<span class=\"excerpt-hellip\"> [\u2026]<\/span><\/p>\n","protected":false},"featured_media":0,"template":"","meta":{"_monsterinsights_skip_tracking":false,"_monsterinsights_sitenote_active":false,"_monsterinsights_sitenote_note":"","_monsterinsights_sitenote_category":0},"product_brand":[],"product_cat":[12274,12523],"product_tag":[],"class_list":{"0":"post-775455","1":"product","2":"type-product","3":"status-publish","5":"product_cat-cocuk-ve-genclik-kitaplari","6":"product_cat-masallar","7":"pa_cilt-ciltli","8":"pa_tur-kitap","9":"pa_yayinevi-arden-yayinlari","10":"pa_yazar-angela-mcallister","12":"first","13":"instock","14":"sale","15":"shipping-taxable","16":"purchasable","17":"product-type-simple"},"_links":{"self":[{"href":"https:\/\/roveyayinevi.com.tr\/index.php\/wp-json\/wp\/v2\/product\/775455","targetHints":{"allow":["GET"]}}],"collection":[{"href":"https:\/\/roveyayinevi.com.tr\/index.php\/wp-json\/wp\/v2\/product"}],"about":[{"href":"https:\/\/roveyayinevi.com.tr\/index.php\/wp-json\/wp\/v2\/types\/product"}],"wp:attachment":[{"href":"https:\/\/roveyayinevi.com.tr\/index.php\/wp-json\/wp\/v2\/media?parent=775455"}],"wp:term":[{"taxonomy":"product_brand","embeddable":true,"href":"https:\/\/roveyayinevi.com.tr\/index.php\/wp-json\/wp\/v2\/product_brand?post=775455"},{"taxonomy":"product_cat","embeddable":true,"href":"https:\/\/roveyayinevi.com.tr\/index.php\/wp-json\/wp\/v2\/product_cat?post=775455"},{"taxonomy":"product_tag","embeddable":true,"href":"https:\/\/roveyayinevi.com.tr\/index.php\/wp-json\/wp\/v2\/product_tag?post=775455"}],"curies":[{"name":"wp","href":"https:\/\/api.w.org\/{rel}","templated":true}]}}