{"id":775454,"date":"2025-09-10T07:03:36","date_gmt":"2025-09-10T04:03:36","guid":{"rendered":"https:\/\/roveyayinevi.com.tr\/index.php\/urun\/kurk-mantolu-madonna-36\/"},"modified":"2026-04-16T02:24:41","modified_gmt":"2026-04-15T23:24:41","slug":"kurk-mantolu-madonna-36","status":"publish","type":"product","link":"https:\/\/roveyayinevi.com.tr\/index.php\/urun\/kurk-mantolu-madonna-36\/","title":{"rendered":"K\u00fcrk Mantolu Madonna"},"content":{"rendered":"<p>\u201cBu harikulade g\u00fczel r\u00fcya ne kadar \u00e7ok devam ederse o kadar iyiydi. Onu kesmeye, yar\u0131m b\u0131rakmaya, hakikat pahas\u0131na da olsa uyanmaya hakk\u0131m yoktu.\u201d   Sabahattin Ali, ba\u015fyap\u0131t\u0131 K\u00fcrk Mantolu Madonna\u2019da, ge\u00e7mi\u015fin g\u00fcnl\u00fcklerinden dirilerek g\u00fcn\u00fcm\u00fcze uzanan \u00f6l\u00fcms\u00fcz bir a\u015fk \u00f6yk\u00fcs\u00fc anlat\u0131r. Kendini bu hayatta yaln\u0131z kabul eden bir adam\u0131n sergide g\u00f6rd\u00fc\u011f\u00fc bir portreyle ba\u015flayan a\u015fk\u0131, tutkulu bir aray\u0131\u015fa d\u00f6n\u00fc\u015ferek hayat\u0131nda silinmez bir iz b\u0131rakacakt\u0131r.  <\/p>\n","protected":false},"excerpt":{"rendered":"<p>\u201cBu harikulade g\u00fczel r\u00fcya ne kadar \u00e7ok devam ederse o kadar iyiydi. Onu kesmeye, yar\u0131m b\u0131rakmaya, hakikat pahas\u0131na da olsa uyanmaya hakk\u0131m yoktu.\u201d Sabahattin Ali, ba\u015fyap\u0131t\u0131<span class=\"excerpt-hellip\"> [\u2026]<\/span><\/p>\n","protected":false},"featured_media":0,"template":"","meta":{"_monsterinsights_skip_tracking":false,"_monsterinsights_sitenote_active":false,"_monsterinsights_sitenote_note":"","_monsterinsights_sitenote_category":0},"product_brand":[],"product_cat":[12291,12711],"product_tag":[],"class_list":{"0":"post-775454","1":"product","2":"type-product","3":"status-publish","5":"product_cat-edebiyat","6":"product_cat-roman-oyku","7":"pa_cilt-ciltsiz","8":"pa_tur-kitap","9":"pa_yayinevi-dogan-kitap","10":"pa_yazar-sabahattin-ali","12":"first","13":"instock","14":"sale","15":"shipping-taxable","16":"purchasable","17":"product-type-simple"},"_links":{"self":[{"href":"https:\/\/roveyayinevi.com.tr\/index.php\/wp-json\/wp\/v2\/product\/775454","targetHints":{"allow":["GET"]}}],"collection":[{"href":"https:\/\/roveyayinevi.com.tr\/index.php\/wp-json\/wp\/v2\/product"}],"about":[{"href":"https:\/\/roveyayinevi.com.tr\/index.php\/wp-json\/wp\/v2\/types\/product"}],"wp:attachment":[{"href":"https:\/\/roveyayinevi.com.tr\/index.php\/wp-json\/wp\/v2\/media?parent=775454"}],"wp:term":[{"taxonomy":"product_brand","embeddable":true,"href":"https:\/\/roveyayinevi.com.tr\/index.php\/wp-json\/wp\/v2\/product_brand?post=775454"},{"taxonomy":"product_cat","embeddable":true,"href":"https:\/\/roveyayinevi.com.tr\/index.php\/wp-json\/wp\/v2\/product_cat?post=775454"},{"taxonomy":"product_tag","embeddable":true,"href":"https:\/\/roveyayinevi.com.tr\/index.php\/wp-json\/wp\/v2\/product_tag?post=775454"}],"curies":[{"name":"wp","href":"https:\/\/api.w.org\/{rel}","templated":true}]}}