{"id":775451,"date":"2025-09-10T06:55:10","date_gmt":"2025-09-10T03:55:10","guid":{"rendered":"https:\/\/roveyayinevi.com.tr\/index.php\/urun\/kendini-bulmak-2\/"},"modified":"2026-04-12T02:28:44","modified_gmt":"2026-04-11T23:28:44","slug":"kendini-bulmak-2","status":"publish","type":"product","link":"https:\/\/roveyayinevi.com.tr\/index.php\/urun\/kendini-bulmak-2\/","title":{"rendered":"Kendini Bulmak"},"content":{"rendered":"<p>Bu \u00f6nemli kitapta, Osho b\u00fct\u00fcn yollar\u0131n \u00f6tesine, b\u00fct\u00fcn uygulamalar\u0131n \u00f6tesine, b\u00fct\u00fcn birikmi\u015f bilgeli\u011fin \u00f6tesine i\u015faret eder. Ger\u00e7ek \u00f6zg\u00fcrle\u015fmenin yolunu g\u00f6sterir ve bu ki\u015finin geleneksel olarak d\u00fc\u015f\u00fcnd\u00fc\u011f\u00fc yerde de\u011fildir. Zen ustas\u0131 Kakuan\u2019\u0131n On Bo\u011fas\u0131ndan, Osho saadet dolu bo\u015flu\u011fa giden yolu, sadece hayat\u0131 b\u00fct\u00fcn\u00fcyle ya\u015famak i\u00e7in eve d\u00f6nmeyi g\u00f6sterir. \u201cNadir bulunur mistik bir yolculu\u011fa \u00e7\u0131k\u0131yoruz. Zen\u2019in On Bo\u011fas\u0131, insan bilincinin tarihinde ender bulunur bir \u015feydir. Hakikat bir\u00e7ok yoldan ifade edilmi\u015ftir ve her ne yaparsan yap her zaman ifade edilmemi\u015f olarak kal\u0131r. Onu nas\u0131l ifade edersen et, ondan s\u0131yr\u0131l\u0131r; onun ifade edilmesi g\u00fc\u00e7t\u00fcr. O basit\u00e7e tan\u0131mlamadan ka\u00e7ar. Onun i\u00e7in kulland\u0131\u011f\u0131n kelimeler onu i\u00e7eremez. Ve onu kelimelerle ifade etti\u011fin an aniden hayal k\u0131r\u0131kl\u0131\u011f\u0131na u\u011frars\u0131n, sanki esas olan geride b\u0131rak\u0131lm\u0131\u015f ve sadece esas olmayan \u015fey ifade edilmi\u015f gibidir. Zen\u2019in On Bo\u011fas\u0131 ifade edilemeyeni ifade etmek i\u00e7in bir \u00e7abad\u0131r.\u201d <\/p>\n","protected":false},"excerpt":{"rendered":"<p>Bu \u00f6nemli kitapta, Osho b\u00fct\u00fcn yollar\u0131n \u00f6tesine, b\u00fct\u00fcn uygulamalar\u0131n \u00f6tesine, b\u00fct\u00fcn birikmi\u015f bilgeli\u011fin \u00f6tesine i\u015faret eder. Ger\u00e7ek \u00f6zg\u00fcrle\u015fmenin yolunu g\u00f6sterir ve bu ki\u015finin geleneksel olarak d\u00fc\u015f\u00fcnd\u00fc\u011f\u00fc<span class=\"excerpt-hellip\"> [\u2026]<\/span><\/p>\n","protected":false},"featured_media":0,"template":"","meta":{"_monsterinsights_skip_tracking":false,"_monsterinsights_sitenote_active":false,"_monsterinsights_sitenote_note":"","_monsterinsights_sitenote_category":0},"product_brand":[],"product_cat":[12364,12376],"product_tag":[],"class_list":{"0":"post-775451","1":"product","2":"type-product","3":"status-publish","5":"product_cat-genel-konular","6":"product_cat-kisisel-gelisim","7":"pa_cilt-ciltsiz","8":"pa_tur-kitap","9":"pa_yayinevi-omega","10":"pa_yazar-osho","12":"first","13":"instock","14":"sale","15":"shipping-taxable","16":"purchasable","17":"product-type-simple"},"_links":{"self":[{"href":"https:\/\/roveyayinevi.com.tr\/index.php\/wp-json\/wp\/v2\/product\/775451","targetHints":{"allow":["GET"]}}],"collection":[{"href":"https:\/\/roveyayinevi.com.tr\/index.php\/wp-json\/wp\/v2\/product"}],"about":[{"href":"https:\/\/roveyayinevi.com.tr\/index.php\/wp-json\/wp\/v2\/types\/product"}],"wp:attachment":[{"href":"https:\/\/roveyayinevi.com.tr\/index.php\/wp-json\/wp\/v2\/media?parent=775451"}],"wp:term":[{"taxonomy":"product_brand","embeddable":true,"href":"https:\/\/roveyayinevi.com.tr\/index.php\/wp-json\/wp\/v2\/product_brand?post=775451"},{"taxonomy":"product_cat","embeddable":true,"href":"https:\/\/roveyayinevi.com.tr\/index.php\/wp-json\/wp\/v2\/product_cat?post=775451"},{"taxonomy":"product_tag","embeddable":true,"href":"https:\/\/roveyayinevi.com.tr\/index.php\/wp-json\/wp\/v2\/product_tag?post=775451"}],"curies":[{"name":"wp","href":"https:\/\/api.w.org\/{rel}","templated":true}]}}