{"id":775449,"date":"2025-09-10T06:39:01","date_gmt":"2025-09-10T03:39:01","guid":{"rendered":"https:\/\/roveyayinevi.com.tr\/index.php\/urun\/herlanda\/"},"modified":"2026-04-16T02:21:08","modified_gmt":"2026-04-15T23:21:08","slug":"herlanda","status":"publish","type":"product","link":"https:\/\/roveyayinevi.com.tr\/index.php\/urun\/herlanda\/","title":{"rendered":"Herlanda"},"content":{"rendered":"<p>Herlanda\u2019da karn\u0131n\u0131 herkesten iyi doyurup herkesten iyi ya\u015faman\u0131n tek ko\u015fulu vard\u0131r: Ya\u015fam\u0131n\u0131 Her \u015eey\u2019e aday\u0131p itaat puan\u0131n\u0131 y\u00fckseltmek. Her \u015eey\u2019in y\u00fcz y\u0131l\u0131 a\u015fan s\u00fcredir devam eden iktidar\u0131n\u0131 sarsan Tek tehlikeyse \u00fclkenin Hi\u00e7lerinin yeni m\u00fccadele y\u00f6ntemleridir. Herlanda\u2019n\u0131n Hi\u00e7leri, tarihin ak\u0131\u015f\u0131n\u0131 de\u011fi\u015ftirmekte kararl\u0131d\u0131r.  MS 2141, barda\u011f\u0131n ta\u015f\u0131rd\u0131\u011f\u0131 y\u0131l olacakt\u0131r. \u0130rfan De\u011firmenci, okurlar\u0131n\u0131 distopik \u00fclke Herlanda\u2019n\u0131n \u00f6zg\u00fcrle\u015ftirdi\u011fi o y\u0131la tan\u0131kl\u0131k etmeye \u00e7a\u011f\u0131r\u0131yor\u2026 <\/p>\n","protected":false},"excerpt":{"rendered":"<p>Herlanda\u2019da karn\u0131n\u0131 herkesten iyi doyurup herkesten iyi ya\u015faman\u0131n tek ko\u015fulu vard\u0131r: Ya\u015fam\u0131n\u0131 Her \u015eey\u2019e aday\u0131p itaat puan\u0131n\u0131 y\u00fckseltmek. Her \u015eey\u2019in y\u00fcz y\u0131l\u0131 a\u015fan s\u00fcredir devam eden<span class=\"excerpt-hellip\"> [\u2026]<\/span><\/p>\n","protected":false},"featured_media":0,"template":"","meta":{"_monsterinsights_skip_tracking":false,"_monsterinsights_sitenote_active":false,"_monsterinsights_sitenote_note":"","_monsterinsights_sitenote_category":0},"product_brand":[],"product_cat":[12291,12711],"product_tag":[],"class_list":{"0":"post-775449","1":"product","2":"type-product","3":"status-publish","5":"product_cat-edebiyat","6":"product_cat-roman-oyku","7":"pa_cilt-ciltsiz","8":"pa_tur-kitap","9":"pa_yayinevi-inkilap-kitabevi","10":"pa_yazar-irfan-degirmenci","12":"first","13":"instock","14":"sale","15":"shipping-taxable","16":"purchasable","17":"product-type-simple"},"_links":{"self":[{"href":"https:\/\/roveyayinevi.com.tr\/index.php\/wp-json\/wp\/v2\/product\/775449","targetHints":{"allow":["GET"]}}],"collection":[{"href":"https:\/\/roveyayinevi.com.tr\/index.php\/wp-json\/wp\/v2\/product"}],"about":[{"href":"https:\/\/roveyayinevi.com.tr\/index.php\/wp-json\/wp\/v2\/types\/product"}],"wp:attachment":[{"href":"https:\/\/roveyayinevi.com.tr\/index.php\/wp-json\/wp\/v2\/media?parent=775449"}],"wp:term":[{"taxonomy":"product_brand","embeddable":true,"href":"https:\/\/roveyayinevi.com.tr\/index.php\/wp-json\/wp\/v2\/product_brand?post=775449"},{"taxonomy":"product_cat","embeddable":true,"href":"https:\/\/roveyayinevi.com.tr\/index.php\/wp-json\/wp\/v2\/product_cat?post=775449"},{"taxonomy":"product_tag","embeddable":true,"href":"https:\/\/roveyayinevi.com.tr\/index.php\/wp-json\/wp\/v2\/product_tag?post=775449"}],"curies":[{"name":"wp","href":"https:\/\/api.w.org\/{rel}","templated":true}]}}