{"id":775448,"date":"2025-09-10T06:37:38","date_gmt":"2025-09-10T03:37:38","guid":{"rendered":"https:\/\/roveyayinevi.com.tr\/index.php\/urun\/goz-koleksiyoncusu\/"},"modified":"2026-04-16T02:21:04","modified_gmt":"2026-04-15T23:21:04","slug":"goz-koleksiyoncusu","status":"publish","type":"product","link":"https:\/\/roveyayinevi.com.tr\/index.php\/urun\/goz-koleksiyoncusu\/","title":{"rendered":"G\u00f6z Koleksiyoncusu"},"content":{"rendered":"<p>Bu Ac\u0131masiz Katil D\u00fcnyadaki En Eski Oyunu Oynuyor: Saklamba\u00e7.Masum Ailelerin \u00c7ocuklar\u0131yla.\u00c7ocuklar\u0131n\u0131 Bulmalar\u0131 \u0130\u00e7in Ailelerin K\u0131rk Be\u015f Saati Var.Yoksa \u00c7ocuklar \u00d6lecek.\u201cSebastian Fitzek\u2019in yazd\u0131\u011f\u0131 en muhte\u015fem gerilim kitab\u0131.\u201d &#8211; Der Spiegel \u201cKorkun\u00e7, korkun\u00e7, korkun\u00e7: Sebastian Fitzek\u2019in yeni kitab\u0131 y\u00fcre\u011finize indirecek.\u201d &#8211; Freundin G\u00f6z Koleksiyoncusu ilk \u00f6nce anneleri \u00f6ld\u00fcr\u00fcyor. Sonra da \u00e7ocu\u011fu ka\u00e7\u0131r\u0131yor. Annenin cesedinin elindeki kronometre zamana kar\u015f\u0131 bir ya\u015fam sava\u015f\u0131n\u0131n ba\u015flad\u0131\u011f\u0131n\u0131 haber veriyor. So\u011fukkanl\u0131 katil \u015fimdiye dek hi\u00e7bir iz b\u0131rakmam\u0131\u015ft\u0131 ama hi\u00e7bir su\u00e7 kusursuz de\u011fildir. Gizemli bir tan\u0131k, katilin t\u00fcm planlar\u0131n\u0131 alt\u00fcst edebilir: K\u00f6r fizyoterapist Alina Gregoriev, G\u00f6z Koleksiyoncusu\u2019nun neler yapt\u0131\u011f\u0131yla ilgili bilmemesi gereken bir\u00e7ok \u015feyden haberdard\u0131r. Bunun sebebi ise v\u00fccutlar\u0131na dokundu\u011funda hastalar\u0131n\u0131n ge\u00e7mi\u015fini g\u00f6rebilmesidir. Ve son hastas\u0131 da G\u00f6z Koleksiyoncusu\u2019dur. Ancak kim ona inanacak kadar akl\u0131n\u0131 oynatm\u0131\u015f olabilir ki? \u201cZekice ve ak\u0131c\u0131 bir dille yaz\u0131lm\u0131\u015f muhte\u015fem bir psikolojik gerilim. Net, h\u0131zl\u0131 ve harika fikirlerle dolu.\u201d &#8211; Big Issue\u201cBu muhte\u015fem Alman gerilim roman\u0131nda kitaba ismini veren katil, kula\u011fa geldi\u011finden \u00e7ok daha k\u00f6t\u00fc.\u201d Daily Telegraph\u201c\u00dcrpertici\u2026 Ustaca\u2026 Dahice.\u201d &#8211; The Times \u201cNefes kesici.\u201d &#8211; Sunday Times \u201cElinizden b\u0131rakamayacaks\u0131n\u0131z.\u201d &#8211; Morning Star <\/p>\n","protected":false},"excerpt":{"rendered":"<p>Bu Ac\u0131masiz Katil D\u00fcnyadaki En Eski Oyunu Oynuyor: Saklamba\u00e7.Masum Ailelerin \u00c7ocuklar\u0131yla.\u00c7ocuklar\u0131n\u0131 Bulmalar\u0131 \u0130\u00e7in Ailelerin K\u0131rk Be\u015f Saati Var.Yoksa \u00c7ocuklar \u00d6lecek.\u201cSebastian Fitzek\u2019in yazd\u0131\u011f\u0131 en muhte\u015fem gerilim kitab\u0131.\u201d<span class=\"excerpt-hellip\"> [\u2026]<\/span><\/p>\n","protected":false},"featured_media":0,"template":"","meta":{"_monsterinsights_skip_tracking":false,"_monsterinsights_sitenote_active":false,"_monsterinsights_sitenote_note":"","_monsterinsights_sitenote_category":0},"product_brand":[],"product_cat":[12291,17033],"product_tag":[],"class_list":{"0":"post-775448","1":"product","2":"type-product","3":"status-publish","5":"product_cat-edebiyat","6":"product_cat-korku-gerilim","7":"pa_cilt-ciltsiz","8":"pa_tur-kitap","9":"pa_yayinevi-pegasus-yayinlari","10":"pa_yazar-sebastian-fitzek","12":"first","13":"instock","14":"sale","15":"shipping-taxable","16":"purchasable","17":"product-type-simple"},"_links":{"self":[{"href":"https:\/\/roveyayinevi.com.tr\/index.php\/wp-json\/wp\/v2\/product\/775448","targetHints":{"allow":["GET"]}}],"collection":[{"href":"https:\/\/roveyayinevi.com.tr\/index.php\/wp-json\/wp\/v2\/product"}],"about":[{"href":"https:\/\/roveyayinevi.com.tr\/index.php\/wp-json\/wp\/v2\/types\/product"}],"wp:attachment":[{"href":"https:\/\/roveyayinevi.com.tr\/index.php\/wp-json\/wp\/v2\/media?parent=775448"}],"wp:term":[{"taxonomy":"product_brand","embeddable":true,"href":"https:\/\/roveyayinevi.com.tr\/index.php\/wp-json\/wp\/v2\/product_brand?post=775448"},{"taxonomy":"product_cat","embeddable":true,"href":"https:\/\/roveyayinevi.com.tr\/index.php\/wp-json\/wp\/v2\/product_cat?post=775448"},{"taxonomy":"product_tag","embeddable":true,"href":"https:\/\/roveyayinevi.com.tr\/index.php\/wp-json\/wp\/v2\/product_tag?post=775448"}],"curies":[{"name":"wp","href":"https:\/\/api.w.org\/{rel}","templated":true}]}}