{"id":775446,"date":"2025-09-10T06:24:08","date_gmt":"2025-09-10T03:24:08","guid":{"rendered":"https:\/\/roveyayinevi.com.tr\/index.php\/urun\/kisa-amerika-birlesik-devletleri-tarihi-2\/"},"modified":"2026-04-16T02:19:15","modified_gmt":"2026-04-15T23:19:15","slug":"kisa-amerika-birlesik-devletleri-tarihi-2","status":"publish","type":"product","link":"https:\/\/roveyayinevi.com.tr\/index.php\/urun\/kisa-amerika-birlesik-devletleri-tarihi-2\/","title":{"rendered":"K\u0131sa Amerika Birles\u0327ik Devletleri Tarihi"},"content":{"rendered":"<p>Amerika tarihi \u00fczerine pek \u00e7ok kitap kaleme alm\u0131\u015f tarih\u00e7i Davidson\u2019un bu eseri Avrupal\u0131lar\u0131n geli\u015finden \u0130kiz Kulelerin y\u0131k\u0131l\u0131\u015f\u0131na dek ge\u00e7en yakla\u015f\u0131k 500 y\u0131l i\u00e7erisinde Amerika k\u0131tas\u0131nda olup bitenleri k\u0131sa b\u00f6l\u00fcmler halinde aktar\u0131yor. Davidson bu tarihi yazarken hem nal\u0131na hem m\u0131h\u0131na vuruyor: ABD\u2019nin y\u00fckseli\u015fini, devletin g\u00fc\u00e7l\u00fc ve m\u00fcdahaleci olmakla birlikte demokratik yap\u0131dan \u00f6d\u00fcn vermemesine, ulusal birli\u011fini sonuna kadar savunmas\u0131na ve diplomasi becerisi ile ittifak aray\u0131\u015f\u0131 i\u00e7inde olmas\u0131na ba\u011fl\u0131yor. \u00d6te yandan ABD\u2019nin K\u0131z\u0131lderililerin zorla topraklar\u0131ndan kopar\u0131lmas\u0131, emperyalist politikalarla ba\u015fka devletlerin ba\u011f\u0131ms\u0131zl\u0131\u011f\u0131na son verilmesi ve uluslararas\u0131 radikal dinci ter\u00f6rizmin do\u011fu\u015fuyla ilgisi \u00fczerinde durmay\u0131 da ihmal etmiyor. \u201cBu kitap, konuyu yeni okumaya ba\u015flayacak olanlar i\u00c1in e\u015fi bulunmaz bir \u00c1al\u0131\u015fma; konuya a\u015fina olanlarsa hi\u00c1 duymad\u0131klar\u0131 olaylar ve ilgin\u00c1 fikirlerle kar\u015f\u0131la\u015facaklar.\u201d \u2014 H. W. Brands, Austin\u2019deki Teksas \u00dcniversitesi<\/p>\n","protected":false},"excerpt":{"rendered":"<p>Amerika tarihi \u00fczerine pek \u00e7ok kitap kaleme alm\u0131\u015f tarih\u00e7i Davidson\u2019un bu eseri Avrupal\u0131lar\u0131n geli\u015finden \u0130kiz Kulelerin y\u0131k\u0131l\u0131\u015f\u0131na dek ge\u00e7en yakla\u015f\u0131k 500 y\u0131l i\u00e7erisinde Amerika k\u0131tas\u0131nda olup<span class=\"excerpt-hellip\"> [\u2026]<\/span><\/p>\n","protected":false},"featured_media":0,"template":"","meta":{"_monsterinsights_skip_tracking":false,"_monsterinsights_sitenote_active":false,"_monsterinsights_sitenote_note":"","_monsterinsights_sitenote_category":0},"product_brand":[],"product_cat":[12305,12304],"product_tag":[],"class_list":{"0":"post-775446","1":"product","2":"type-product","3":"status-publish","5":"product_cat-dunya-tarihi","6":"product_cat-tarih","7":"pa_cilt-ciltsiz","8":"pa_tur-kitap","9":"pa_yayinevi-say-yayinlari","10":"pa_yazar-james-west-davidson","12":"first","13":"instock","14":"sale","15":"shipping-taxable","16":"purchasable","17":"product-type-simple"},"_links":{"self":[{"href":"https:\/\/roveyayinevi.com.tr\/index.php\/wp-json\/wp\/v2\/product\/775446","targetHints":{"allow":["GET"]}}],"collection":[{"href":"https:\/\/roveyayinevi.com.tr\/index.php\/wp-json\/wp\/v2\/product"}],"about":[{"href":"https:\/\/roveyayinevi.com.tr\/index.php\/wp-json\/wp\/v2\/types\/product"}],"wp:attachment":[{"href":"https:\/\/roveyayinevi.com.tr\/index.php\/wp-json\/wp\/v2\/media?parent=775446"}],"wp:term":[{"taxonomy":"product_brand","embeddable":true,"href":"https:\/\/roveyayinevi.com.tr\/index.php\/wp-json\/wp\/v2\/product_brand?post=775446"},{"taxonomy":"product_cat","embeddable":true,"href":"https:\/\/roveyayinevi.com.tr\/index.php\/wp-json\/wp\/v2\/product_cat?post=775446"},{"taxonomy":"product_tag","embeddable":true,"href":"https:\/\/roveyayinevi.com.tr\/index.php\/wp-json\/wp\/v2\/product_tag?post=775446"}],"curies":[{"name":"wp","href":"https:\/\/api.w.org\/{rel}","templated":true}]}}