{"id":775444,"date":"2025-09-10T06:22:29","date_gmt":"2025-09-10T03:22:29","guid":{"rendered":"https:\/\/roveyayinevi.com.tr\/index.php\/urun\/bal-gibi-felsefe-param-olmazsa-ne-olur\/"},"modified":"2026-02-27T02:21:13","modified_gmt":"2026-02-26T23:21:13","slug":"bal-gibi-felsefe-param-olmazsa-ne-olur","status":"publish","type":"product","link":"https:\/\/roveyayinevi.com.tr\/index.php\/urun\/bal-gibi-felsefe-param-olmazsa-ne-olur\/","title":{"rendered":"Bal Gibi Felsefe Param Olmazsa Ne Olur?"},"content":{"rendered":"<p>\u00c7ocuklar i\u00e7in yazd\u0131\u011f\u0131 felsefe kitaplar\u0131yla t\u00fcm d\u00fcnyada be\u011feni toplayan \u00fcnl\u00fc yazar Brigitte Labb\u00e9\u2019nin usta kaleminden&#8230; Soru sormay\u0131 seven t\u00fcm k\u00fc\u00e7\u00fck filozoflar i\u00e7in\u2026 Filo, anne ve babas\u0131na hi\u00e7 durmadan sorular soruyor. Sohbetleri genelde \u00e7\u00f6z\u00fcms\u00fcz sonlara ula\u015fsa bile Filo\u2019nun her ak\u015fam ona ak\u0131l vermeye gelen bir ziyaret\u00e7isi var: Bilgin ku\u015f Zof Annesi para \u00e7ekmek i\u00e7in bankamati\u011fe y\u00f6nelirken Filo, birden duruma el koydu. O da bir banka kart\u0131 olsun istiyordu. Annesi bunun m\u00fcmk\u00fcn olmas\u0131 i\u00e7in para kazanmas\u0131 gerekti\u011fini s\u00f6yleyince Filo, hemen endi\u015feli duyurusunu yapt\u0131: \u201cPeki, param olmazsa ne olur?\u201d<\/p>\n","protected":false},"excerpt":{"rendered":"<p>\u00c7ocuklar i\u00e7in yazd\u0131\u011f\u0131 felsefe kitaplar\u0131yla t\u00fcm d\u00fcnyada be\u011feni toplayan \u00fcnl\u00fc yazar Brigitte Labb\u00e9\u2019nin usta kaleminden&#8230; Soru sormay\u0131 seven t\u00fcm k\u00fc\u00e7\u00fck filozoflar i\u00e7in\u2026 Filo, anne ve babas\u0131na<span class=\"excerpt-hellip\"> [\u2026]<\/span><\/p>\n","protected":false},"featured_media":0,"template":"","meta":{"_monsterinsights_skip_tracking":false,"_monsterinsights_sitenote_active":false,"_monsterinsights_sitenote_note":"","_monsterinsights_sitenote_category":0},"product_brand":[],"product_cat":[12274,12284],"product_tag":[],"class_list":{"0":"post-775444","1":"product","2":"type-product","3":"status-publish","5":"product_cat-cocuk-ve-genclik-kitaplari","6":"product_cat-hikayeler","7":"pa_cilt-ciltsiz","8":"pa_tur-kitap","9":"pa_yayinevi-dogan-egmont-yayincilik","10":"pa_yazar-brigitte-labbe-eric-gaste","12":"first","13":"instock","14":"sale","15":"shipping-taxable","16":"purchasable","17":"product-type-simple"},"_links":{"self":[{"href":"https:\/\/roveyayinevi.com.tr\/index.php\/wp-json\/wp\/v2\/product\/775444","targetHints":{"allow":["GET"]}}],"collection":[{"href":"https:\/\/roveyayinevi.com.tr\/index.php\/wp-json\/wp\/v2\/product"}],"about":[{"href":"https:\/\/roveyayinevi.com.tr\/index.php\/wp-json\/wp\/v2\/types\/product"}],"wp:attachment":[{"href":"https:\/\/roveyayinevi.com.tr\/index.php\/wp-json\/wp\/v2\/media?parent=775444"}],"wp:term":[{"taxonomy":"product_brand","embeddable":true,"href":"https:\/\/roveyayinevi.com.tr\/index.php\/wp-json\/wp\/v2\/product_brand?post=775444"},{"taxonomy":"product_cat","embeddable":true,"href":"https:\/\/roveyayinevi.com.tr\/index.php\/wp-json\/wp\/v2\/product_cat?post=775444"},{"taxonomy":"product_tag","embeddable":true,"href":"https:\/\/roveyayinevi.com.tr\/index.php\/wp-json\/wp\/v2\/product_tag?post=775444"}],"curies":[{"name":"wp","href":"https:\/\/api.w.org\/{rel}","templated":true}]}}