{"id":775442,"date":"2025-09-10T06:21:31","date_gmt":"2025-09-10T03:21:31","guid":{"rendered":"https:\/\/roveyayinevi.com.tr\/index.php\/urun\/turkiye-sol-tarihine-notlar-tarih-ve-toplum-yazilari\/"},"modified":"2026-04-16T02:18:48","modified_gmt":"2026-04-15T23:18:48","slug":"turkiye-sol-tarihine-notlar-tarih-ve-toplum-yazilari","status":"publish","type":"product","link":"https:\/\/roveyayinevi.com.tr\/index.php\/urun\/turkiye-sol-tarihine-notlar-tarih-ve-toplum-yazilari\/","title":{"rendered":"T\u00fcrkiye Sol Tarihine Notlar &#8211; Tarih ve Toplum Yaz\u0131lar\u0131"},"content":{"rendered":"<p>Osmanl\u0131 \u0130mparatorlu\u011fu\u2019nun son d\u00f6neminden itibaren ayr\u0131 bir siyasal hat olu\u015fturan sol hareketin tarihi II. Me\u015frutiyet\u2019in yaratt\u0131\u011f\u0131 co\u015fkuyla birlikte izlenebilir hale gelmi\u015fti. Ancak Birinci D\u00fcnya Sava\u015f\u0131\u2019yla beraber ya\u015fanan sars\u0131nt\u0131lar aras\u0131nda solun tarihine dair izler \u00e7e\u015fitli kesintiler ve kopmalara maruz kald\u0131. Solun tarihi, Anadolu\u2019daki sava\u015f ve direni\u015f d\u00f6neminde hem Sovyetler\u2019le ili\u015fkiler hem de Ankara h\u00fck\u00fcmetinin g\u00f6sterdi\u011fi yakla\u015f\u0131mla yeni bir bi\u00e7im ald\u0131.Mete Tun\u00e7ay, uzun y\u0131llara yay\u0131lan ara\u015ft\u0131rmalar\u0131nda T\u00fcrkiye\u2019de solun tarihini kendi b\u00fct\u00fcnl\u00fc\u011f\u00fc i\u00e7inde takip etmeye \u00e7al\u0131\u015f\u0131rken, II. Me\u015frutiyet\u2019ten 1930\u2019lar\u0131n sonuna uzanan bir tarihsel kesitte konunun \u00e7e\u015fitli y\u00f6nlerini, eksik par\u00e7alar\u0131n\u0131, tek-partinin kurulu\u015fu ve iktidar\u0131 s\u0131ras\u0131nda sol hareketlerin konumlar\u0131n\u0131 ve h\u00fck\u00fcmet kar\u015f\u0131s\u0131ndaki pozisyonlar\u0131n\u0131, Sovyetler Birli\u011fi ile ili\u015fkilerini, parti yap\u0131s\u0131 ve \u00e7al\u0131\u015fmalar\u0131n\u0131, sol \u00f6rg\u00fctlenmeler i\u00e7inde yer alan bireylerin etki ve \u00f6nemlerini bir arada incelemeyi g\u00f6zeten bir yakla\u015f\u0131m ortaya koyar. Tun\u00e7ay\u2019\u0131n ula\u015fabildi\u011fi ar\u015fivlerin, belgelerin, an\u0131lar\u0131n, yaz\u0131 ve kitaplar\u0131n yan\u0131 s\u0131ra sonradan bulabildi\u011fi kaynaklar da elbette solun tarihi \u00fczerine ara\u015ft\u0131rmalar\u0131n bir par\u00e7as\u0131d\u0131r. T\u00fcrkiye Sol Tarihine Notlar, 1984-1993 aras\u0131nda yazar\u0131n Tarih ve Toplum\u2019da yay\u0131mlanan sol \u00fczerine ara\u015ft\u0131rmalar\u0131na dair yaz\u0131lar\u0131n\u0131 bir araya getiriyor. <\/p>\n","protected":false},"excerpt":{"rendered":"<p>Osmanl\u0131 \u0130mparatorlu\u011fu\u2019nun son d\u00f6neminden itibaren ayr\u0131 bir siyasal hat olu\u015fturan sol hareketin tarihi II. Me\u015frutiyet\u2019in yaratt\u0131\u011f\u0131 co\u015fkuyla birlikte izlenebilir hale gelmi\u015fti. Ancak Birinci D\u00fcnya Sava\u015f\u0131\u2019yla beraber<span class=\"excerpt-hellip\"> [\u2026]<\/span><\/p>\n","protected":false},"featured_media":0,"template":"","meta":{"_monsterinsights_skip_tracking":false,"_monsterinsights_sitenote_active":false,"_monsterinsights_sitenote_note":"","_monsterinsights_sitenote_category":0},"product_brand":[],"product_cat":[12337,14543],"product_tag":[],"class_list":{"0":"post-775442","1":"product","2":"type-product","3":"status-publish","5":"product_cat-politika-siyaset","6":"product_cat-turkiye-siyaseti-ve-politikasi","7":"pa_cilt-ciltsiz","8":"pa_tur-kitap","9":"pa_yayinevi-iletisim-yayinlari","10":"pa_yazar-mete-tuncay","12":"first","13":"instock","14":"sale","15":"shipping-taxable","16":"purchasable","17":"product-type-simple"},"_links":{"self":[{"href":"https:\/\/roveyayinevi.com.tr\/index.php\/wp-json\/wp\/v2\/product\/775442","targetHints":{"allow":["GET"]}}],"collection":[{"href":"https:\/\/roveyayinevi.com.tr\/index.php\/wp-json\/wp\/v2\/product"}],"about":[{"href":"https:\/\/roveyayinevi.com.tr\/index.php\/wp-json\/wp\/v2\/types\/product"}],"wp:attachment":[{"href":"https:\/\/roveyayinevi.com.tr\/index.php\/wp-json\/wp\/v2\/media?parent=775442"}],"wp:term":[{"taxonomy":"product_brand","embeddable":true,"href":"https:\/\/roveyayinevi.com.tr\/index.php\/wp-json\/wp\/v2\/product_brand?post=775442"},{"taxonomy":"product_cat","embeddable":true,"href":"https:\/\/roveyayinevi.com.tr\/index.php\/wp-json\/wp\/v2\/product_cat?post=775442"},{"taxonomy":"product_tag","embeddable":true,"href":"https:\/\/roveyayinevi.com.tr\/index.php\/wp-json\/wp\/v2\/product_tag?post=775442"}],"curies":[{"name":"wp","href":"https:\/\/api.w.org\/{rel}","templated":true}]}}