{"id":775438,"date":"2025-09-10T06:15:56","date_gmt":"2025-09-10T03:15:56","guid":{"rendered":"https:\/\/roveyayinevi.com.tr\/index.php\/urun\/kayip-cuzdan-deyimlerle-oykuler\/"},"modified":"2026-04-16T02:17:59","modified_gmt":"2026-04-15T23:17:59","slug":"kayip-cuzdan-deyimlerle-oykuler","status":"publish","type":"product","link":"https:\/\/roveyayinevi.com.tr\/index.php\/urun\/kayip-cuzdan-deyimlerle-oykuler\/","title":{"rendered":"Kay\u0131p C\u00fczdan-Deyimlerle \u00d6yk\u00fcler"},"content":{"rendered":"<p>Bembeyaz karlar\u0131n \u00fczerinde kayaklar\u0131nla bir ku\u011fu gibi s\u00fcz\u00fclmeye ne dersin? Yolda y\u00fcr\u00fcrken buldu\u011fun c\u00fczdan\u0131 ne yapars\u0131n? \u00c7ok sevdi\u011fin bir arkada\u015f\u0131n zor bir hastal\u0131\u011f\u0131n ard\u0131ndan tekrar sa\u011fl\u0131\u011f\u0131na kavu\u015fursa neler hissedersin? Yazd\u0131\u011f\u0131n bir \u00f6yk\u00fcn\u00fcn yar\u0131\u015fmada dereceye girmesini ister misin? Dilimizin zenginli\u011fi olan deyimlerimizle s\u00fcslenmi\u015f bu kitaptaki \u00f6yk\u00fcleri okurken; sab\u0131r, kararl\u0131l\u0131k, ba\u015far\u0131, misafirperverlik, arkada\u015fl\u0131k, payla\u015fma, yard\u0131mseverlik ve d\u00fcr\u00fcstl\u00fck gibi bir\u00e7ok g\u00fczellikle bulu\u015facaks\u0131n. <\/p>\n","protected":false},"excerpt":{"rendered":"<p>Bembeyaz karlar\u0131n \u00fczerinde kayaklar\u0131nla bir ku\u011fu gibi s\u00fcz\u00fclmeye ne dersin? Yolda y\u00fcr\u00fcrken buldu\u011fun c\u00fczdan\u0131 ne yapars\u0131n? \u00c7ok sevdi\u011fin bir arkada\u015f\u0131n zor bir hastal\u0131\u011f\u0131n ard\u0131ndan tekrar sa\u011fl\u0131\u011f\u0131na<span class=\"excerpt-hellip\"> [\u2026]<\/span><\/p>\n","protected":false},"featured_media":0,"template":"","meta":{"_monsterinsights_skip_tracking":false,"_monsterinsights_sitenote_active":false,"_monsterinsights_sitenote_note":"","_monsterinsights_sitenote_category":0},"product_brand":[],"product_cat":[12275,12274],"product_tag":[],"class_list":{"0":"post-775438","1":"product","2":"type-product","3":"status-publish","5":"product_cat-6-12-yas-kitaplari","6":"product_cat-cocuk-ve-genclik-kitaplari","7":"pa_cilt-ciltsiz","8":"pa_tur-kitap","9":"pa_yayinevi-cilek-kitaplar","10":"pa_yazar-ismail-cubukcu","12":"first","13":"instock","14":"sale","15":"shipping-taxable","16":"purchasable","17":"product-type-simple"},"_links":{"self":[{"href":"https:\/\/roveyayinevi.com.tr\/index.php\/wp-json\/wp\/v2\/product\/775438","targetHints":{"allow":["GET"]}}],"collection":[{"href":"https:\/\/roveyayinevi.com.tr\/index.php\/wp-json\/wp\/v2\/product"}],"about":[{"href":"https:\/\/roveyayinevi.com.tr\/index.php\/wp-json\/wp\/v2\/types\/product"}],"wp:attachment":[{"href":"https:\/\/roveyayinevi.com.tr\/index.php\/wp-json\/wp\/v2\/media?parent=775438"}],"wp:term":[{"taxonomy":"product_brand","embeddable":true,"href":"https:\/\/roveyayinevi.com.tr\/index.php\/wp-json\/wp\/v2\/product_brand?post=775438"},{"taxonomy":"product_cat","embeddable":true,"href":"https:\/\/roveyayinevi.com.tr\/index.php\/wp-json\/wp\/v2\/product_cat?post=775438"},{"taxonomy":"product_tag","embeddable":true,"href":"https:\/\/roveyayinevi.com.tr\/index.php\/wp-json\/wp\/v2\/product_tag?post=775438"}],"curies":[{"name":"wp","href":"https:\/\/api.w.org\/{rel}","templated":true}]}}