{"id":775437,"date":"2025-09-10T06:11:15","date_gmt":"2025-09-10T03:11:15","guid":{"rendered":"https:\/\/roveyayinevi.com.tr\/index.php\/urun\/sihirli-agac-evi-gizemli-sovalye\/"},"modified":"2026-04-16T02:17:27","modified_gmt":"2026-04-15T23:17:27","slug":"sihirli-agac-evi-gizemli-sovalye","status":"publish","type":"product","link":"https:\/\/roveyayinevi.com.tr\/index.php\/urun\/sihirli-agac-evi-gizemli-sovalye\/","title":{"rendered":"Sihirli A\u011fa\u00e7 Evi : Gizemli \u015e\u00f6valye"},"content":{"rendered":"<p>Sihirli A\u011fa\u00e7 Evi ile sen de macera dolu bir d\u00fcnyaya dal! T\u0131pk\u0131 d\u00fcnyan\u0131n d\u00f6rt bir yan\u0131ndaki milyonlarca \u00e7ocuk gibi.     Sihirli A\u011fa\u00e7 Evi serisinin ikinci kitab\u0131nda Tim ve Lea zamanda yeni bir yolculu\u011fa \u00e7\u0131k\u0131yorlar. Bu kez Orta\u00e7a\u011f\u2019\u0131n gizemlerini ke\u015ffedecekler. Ba\u015flang\u0131\u00e7ta her \u015fey \u00e7ok e\u011flenceli; b\u00fcy\u00fcleyici bir \u015fato, \u0131\u015f\u0131l \u0131\u015f\u0131l parlayan \u015f\u00f6valye z\u0131rhlar\u0131 ve b\u00fcy\u00fck bir ziyafet. Ama muhaf\u0131zlar\u0131n onlar\u0131 casus san\u0131p yakalamas\u0131yla e\u011flence ger\u00e7ek bir maceraya d\u00f6n\u00fc\u015f\u00fcyor. Ka\u00e7\u0131\u015f i\u00e7in \u00e7ok iyi bir plana ihtiya\u00e7lar\u0131 var\u2026   K\u00fc\u00e7\u00fck okurlar\u0131 hem okuman\u0131n keyfiyle hem de tarihteki farkl\u0131 k\u00fclt\u00fcrlerle tan\u0131\u015ft\u0131ran Sihirli A\u011fa\u00e7 Evi serisi bu y\u00f6n\u00fcyle sadece d\u00fcnyan\u0131n d\u00f6rt bir yan\u0131ndaki \u00e7ocuklar\u0131n de\u011fil, anne babalar ve e\u011fitimcilerin de g\u00f6zdesi oldu.    New York Times \u00e7oksatanlar listesinde bir numaraya kadar \u00e7\u0131kan ve be\u015f y\u0131ldan uzun bir s\u00fcre bu listede kalmay\u0131 ba\u015faran bu \u00f6d\u00fcll\u00fc seri 33 dilde 130 milyondan fazla satt\u0131. <\/p>\n","protected":false},"excerpt":{"rendered":"<p>Sihirli A\u011fa\u00e7 Evi ile sen de macera dolu bir d\u00fcnyaya dal! T\u0131pk\u0131 d\u00fcnyan\u0131n d\u00f6rt bir yan\u0131ndaki milyonlarca \u00e7ocuk gibi. Sihirli A\u011fa\u00e7 Evi serisinin ikinci kitab\u0131nda Tim<span class=\"excerpt-hellip\"> [\u2026]<\/span><\/p>\n","protected":false},"featured_media":0,"template":"","meta":{"_monsterinsights_skip_tracking":false,"_monsterinsights_sitenote_active":false,"_monsterinsights_sitenote_note":"","_monsterinsights_sitenote_category":0},"product_brand":[],"product_cat":[12275,12274],"product_tag":[],"class_list":{"0":"post-775437","1":"product","2":"type-product","3":"status-publish","5":"product_cat-6-12-yas-kitaplari","6":"product_cat-cocuk-ve-genclik-kitaplari","7":"pa_cilt-ciltsiz","8":"pa_tur-kitap","9":"pa_yayinevi-domingo-yayinevi","10":"pa_yazar-mary-pope-osborne","12":"first","13":"instock","14":"sale","15":"shipping-taxable","16":"purchasable","17":"product-type-simple"},"_links":{"self":[{"href":"https:\/\/roveyayinevi.com.tr\/index.php\/wp-json\/wp\/v2\/product\/775437","targetHints":{"allow":["GET"]}}],"collection":[{"href":"https:\/\/roveyayinevi.com.tr\/index.php\/wp-json\/wp\/v2\/product"}],"about":[{"href":"https:\/\/roveyayinevi.com.tr\/index.php\/wp-json\/wp\/v2\/types\/product"}],"wp:attachment":[{"href":"https:\/\/roveyayinevi.com.tr\/index.php\/wp-json\/wp\/v2\/media?parent=775437"}],"wp:term":[{"taxonomy":"product_brand","embeddable":true,"href":"https:\/\/roveyayinevi.com.tr\/index.php\/wp-json\/wp\/v2\/product_brand?post=775437"},{"taxonomy":"product_cat","embeddable":true,"href":"https:\/\/roveyayinevi.com.tr\/index.php\/wp-json\/wp\/v2\/product_cat?post=775437"},{"taxonomy":"product_tag","embeddable":true,"href":"https:\/\/roveyayinevi.com.tr\/index.php\/wp-json\/wp\/v2\/product_tag?post=775437"}],"curies":[{"name":"wp","href":"https:\/\/api.w.org\/{rel}","templated":true}]}}