{"id":775436,"date":"2025-09-10T06:10:29","date_gmt":"2025-09-10T03:10:29","guid":{"rendered":"https:\/\/roveyayinevi.com.tr\/index.php\/urun\/bocek-cocuk-2\/"},"modified":"2026-04-03T02:22:27","modified_gmt":"2026-04-02T23:22:27","slug":"bocek-cocuk-2","status":"publish","type":"product","link":"https:\/\/roveyayinevi.com.tr\/index.php\/urun\/bocek-cocuk-2\/","title":{"rendered":"B\u00f6cek \u00c7ocuk"},"content":{"rendered":"<p>\u201cB\u00f6cek \u00e7\u0131lg\u0131nl\u0131\u011f\u0131 ba\u015flatabilir.\u201d TIMES Y\u0131l\u0131n En \u0130yi \u00c7ocuk-Gen\u00e7lik Kitab\u0131 Se\u00e7kilerinde Guardian, Publisher\u2019s Weekly   Darkus tuhaf, \u00e7ok tuhaf, hatta Max amcas\u0131ndan bile tuhaf yeni kom\u015fusunun pantolon pa\u00e7as\u0131ndan kocaman bir b\u00f6cek d\u00fc\u015f\u00fcnce g\u00f6zlerine inanamad\u0131. Dev bir k\u0131nkanatl\u0131 ve galiba Darkus\u2019a bir \u015feyler anlatmaya \u00e7al\u0131\u015f\u0131yor. Ama bir \u00e7ocukla bir b\u00f6cek nas\u0131l dost olabilir ki? Peki bu b\u00f6ce\u011fin, Darkus\u2019un babas\u0131n\u0131n ortadan kaybolu\u015fuyla ve t\u00fcyler \u00fcrpertici m\u00fccevherlere merakl\u0131 Lucretia Cutter\u2019\u0131n ortaya \u00e7\u0131k\u0131\u015f\u0131yla ne ilgisi olabilir? Bir \u015fey kesin: Darkus babas\u0131n\u0131 bulmak i\u00e7in b\u00f6ceklerle i\u015fbirli\u011fi yapmak zorunda.   \u201cHayal g\u00fcc\u00fc kanatlanm\u0131\u015f&#8230; Harika bir kitap.\u201d Mr. Ripley\u2019s Enchanted Books   \u201cEtkileyici karakterlere sahip heyecanl\u0131 bir macera&#8230; Roald Dahl ve Lemony Snicket severler ka\u00e7\u0131rmamal\u0131.\u201d Helen Boyle, WRD <\/p>\n","protected":false},"excerpt":{"rendered":"<p>\u201cB\u00f6cek \u00e7\u0131lg\u0131nl\u0131\u011f\u0131 ba\u015flatabilir.\u201d TIMES Y\u0131l\u0131n En \u0130yi \u00c7ocuk-Gen\u00e7lik Kitab\u0131 Se\u00e7kilerinde Guardian, Publisher\u2019s Weekly Darkus tuhaf, \u00e7ok tuhaf, hatta Max amcas\u0131ndan bile tuhaf yeni kom\u015fusunun pantolon pa\u00e7as\u0131ndan<span class=\"excerpt-hellip\"> [\u2026]<\/span><\/p>\n","protected":false},"featured_media":0,"template":"","meta":{"_monsterinsights_skip_tracking":false,"_monsterinsights_sitenote_active":false,"_monsterinsights_sitenote_note":"","_monsterinsights_sitenote_category":0},"product_brand":[],"product_cat":[12275,12274],"product_tag":[],"class_list":{"0":"post-775436","1":"product","2":"type-product","3":"status-publish","5":"product_cat-6-12-yas-kitaplari","6":"product_cat-cocuk-ve-genclik-kitaplari","7":"pa_cilt-ciltsiz","8":"pa_tur-kitap","9":"pa_yayinevi-domingo-yayinevi","10":"pa_yazar-m-g-leonard","12":"first","13":"instock","14":"sale","15":"shipping-taxable","16":"purchasable","17":"product-type-simple"},"_links":{"self":[{"href":"https:\/\/roveyayinevi.com.tr\/index.php\/wp-json\/wp\/v2\/product\/775436","targetHints":{"allow":["GET"]}}],"collection":[{"href":"https:\/\/roveyayinevi.com.tr\/index.php\/wp-json\/wp\/v2\/product"}],"about":[{"href":"https:\/\/roveyayinevi.com.tr\/index.php\/wp-json\/wp\/v2\/types\/product"}],"wp:attachment":[{"href":"https:\/\/roveyayinevi.com.tr\/index.php\/wp-json\/wp\/v2\/media?parent=775436"}],"wp:term":[{"taxonomy":"product_brand","embeddable":true,"href":"https:\/\/roveyayinevi.com.tr\/index.php\/wp-json\/wp\/v2\/product_brand?post=775436"},{"taxonomy":"product_cat","embeddable":true,"href":"https:\/\/roveyayinevi.com.tr\/index.php\/wp-json\/wp\/v2\/product_cat?post=775436"},{"taxonomy":"product_tag","embeddable":true,"href":"https:\/\/roveyayinevi.com.tr\/index.php\/wp-json\/wp\/v2\/product_tag?post=775436"}],"curies":[{"name":"wp","href":"https:\/\/api.w.org\/{rel}","templated":true}]}}