{"id":775435,"date":"2025-09-10T06:07:26","date_gmt":"2025-09-10T03:07:26","guid":{"rendered":"https:\/\/roveyayinevi.com.tr\/index.php\/urun\/karabasan-3\/"},"modified":"2026-04-16T02:16:26","modified_gmt":"2026-04-15T23:16:26","slug":"karabasan-3","status":"publish","type":"product","link":"https:\/\/roveyayinevi.com.tr\/index.php\/urun\/karabasan-3\/","title":{"rendered":"Karabasan"},"content":{"rendered":"<p>Gece kurtlar\u0131nd\u0131r.Kurtlara yakalan\u0131rsan sonsuza dek kaybolmu\u015fsun demektir. Simon, annesi ile babas\u0131n\u0131n \u00f6l\u00fcm\u00fcyle sonu\u00e7lanan araba kazas\u0131ndan sa\u011f \u00e7\u0131kar ama hayatta kald\u0131\u011f\u0131 i\u00e7in kendisini bir t\u00fcrl\u00fc affedemez ve g\u00f6rd\u00fc\u011f\u00fc k\u00e2buslar\u0131n alt\u0131nda ezilmeye ba\u015flar. Bir s\u00fcre psikolojik tedavi g\u00f6rd\u00fckten sonra hastaneden taburcu edilir ve halas\u0131 ile a\u011fabeyinin yan\u0131na yerle\u015fir fakat bu yeni hayat\u0131na al\u0131\u015fmakta bir hayli zorluk \u00e7eker. En k\u00f6t\u00fcs\u00fc de \u00fcrk\u00fct\u00fcc\u00fc k\u00e2buslar\u0131n\u0131n ger\u00e7e\u011fe d\u00f6n\u00fc\u015fmesidir: Pe\u015findeki hain yarat\u0131k uyanm\u0131\u015ft\u0131r; g\u00f6zleri, Simon\u2019u \u00e7evreleyen karanl\u0131\u011f\u0131n i\u00e7inde parl\u0131yordur. Gen\u00e7 bir k\u0131z\u0131n ortadan kaybolmas\u0131 ise sadece ba\u015flang\u0131\u00e7t\u0131r.Karanl\u0131k, rahats\u0131z edici ve ola\u011fan\u00fcst\u00fc\u2026 Wulf Dorn\u2019dan yeni bir psikolojik gerilim! \u201cDorn sizi k\u0131sk\u0131vrak yakal\u0131yor ve en derinlerde saklad\u0131\u011f\u0131n\u0131z k\u00e2buslar\u0131n\u0131z\u0131 g\u00fcn y\u00fcz\u00fcne \u00e7\u0131kar\u0131yor.\u201dPaul Cleave                                                                                                                                              \u201cDorn, okuru insan ruhunun derinliklerine s\u00fcr\u00fcklemeyi \u00e7ok iyi biliyor.\u201d                                                                                               Sebastian Fitzek \u201cKaranl\u0131k, gerilim dolu ve her sayfas\u0131nda ters k\u00f6\u015fe yapan bir gerilim.\u201dCBT \u201cMuhte\u015fem. Bir o kadar da korkutucu.\u201dWestfalenpost \u201cDorn yine harika bir gerilim yazm\u0131\u015f. Soluksuz okuyacaks\u0131n\u0131z.\u201dB\u00dcCHER Magazin  \u201cWulf Dorn\u2019dan yeni bir ba\u015fyap\u0131t. Okuyan herkes bay\u0131lacak.\u201dFrankfurter Stadtkurier \u201cDeh\u015fet verici, \u015fa\u015f\u0131rt\u0131c\u0131 ve bitirene kadar sizi diken \u00fcst\u00fcnde tutacak bir kitap.\u201d lizzynetde \u201cWulf Dorn zekice bir psikolojik gerilim yazm\u0131\u015f.\u201dhallo-buchde<\/p>\n","protected":false},"excerpt":{"rendered":"<p>Gece kurtlar\u0131nd\u0131r.Kurtlara yakalan\u0131rsan sonsuza dek kaybolmu\u015fsun demektir. Simon, annesi ile babas\u0131n\u0131n \u00f6l\u00fcm\u00fcyle sonu\u00e7lanan araba kazas\u0131ndan sa\u011f \u00e7\u0131kar ama hayatta kald\u0131\u011f\u0131 i\u00e7in kendisini bir t\u00fcrl\u00fc affedemez ve<span class=\"excerpt-hellip\"> [\u2026]<\/span><\/p>\n","protected":false},"featured_media":0,"template":"","meta":{"_monsterinsights_skip_tracking":false,"_monsterinsights_sitenote_active":false,"_monsterinsights_sitenote_note":"","_monsterinsights_sitenote_category":0},"product_brand":[],"product_cat":[12291,12711],"product_tag":[],"class_list":{"0":"post-775435","1":"product","2":"type-product","3":"status-publish","5":"product_cat-edebiyat","6":"product_cat-roman-oyku","7":"pa_cilt-ciltsiz","8":"pa_tur-kitap","9":"pa_yayinevi-pegasus-yayinlari","10":"pa_yazar-wulf-dorn","12":"first","13":"instock","14":"sale","15":"shipping-taxable","16":"purchasable","17":"product-type-simple"},"_links":{"self":[{"href":"https:\/\/roveyayinevi.com.tr\/index.php\/wp-json\/wp\/v2\/product\/775435","targetHints":{"allow":["GET"]}}],"collection":[{"href":"https:\/\/roveyayinevi.com.tr\/index.php\/wp-json\/wp\/v2\/product"}],"about":[{"href":"https:\/\/roveyayinevi.com.tr\/index.php\/wp-json\/wp\/v2\/types\/product"}],"wp:attachment":[{"href":"https:\/\/roveyayinevi.com.tr\/index.php\/wp-json\/wp\/v2\/media?parent=775435"}],"wp:term":[{"taxonomy":"product_brand","embeddable":true,"href":"https:\/\/roveyayinevi.com.tr\/index.php\/wp-json\/wp\/v2\/product_brand?post=775435"},{"taxonomy":"product_cat","embeddable":true,"href":"https:\/\/roveyayinevi.com.tr\/index.php\/wp-json\/wp\/v2\/product_cat?post=775435"},{"taxonomy":"product_tag","embeddable":true,"href":"https:\/\/roveyayinevi.com.tr\/index.php\/wp-json\/wp\/v2\/product_tag?post=775435"}],"curies":[{"name":"wp","href":"https:\/\/api.w.org\/{rel}","templated":true}]}}