{"id":775432,"date":"2025-09-10T05:53:46","date_gmt":"2025-09-10T02:53:46","guid":{"rendered":"https:\/\/roveyayinevi.com.tr\/index.php\/urun\/hannah-arendtin-kucuk-tiyatrosu\/"},"modified":"2026-04-16T02:14:25","modified_gmt":"2026-04-15T23:14:25","slug":"hannah-arendtin-kucuk-tiyatrosu","status":"publish","type":"product","link":"https:\/\/roveyayinevi.com.tr\/index.php\/urun\/hannah-arendtin-kucuk-tiyatrosu\/","title":{"rendered":"Hannah Arendt&#8217;in K\u00fc\u00e7\u00fck Tiyatrosu"},"content":{"rendered":"<p>K\u00fc\u00e7\u00fck Filozoflar Dizisi, 9 &#8211; 14 ya\u015f \u00e7ocuklar\u0131 i\u00e7in filozoflar\u0131n hikayelerini anlatan \u00e7ok g\u00fczel resimlenmi\u015f kitaplardan olu\u015fuyor. Diziyle \u00e7ocuklar\u0131n felsefeye zevkli bir giri\u015f yapmalar\u0131n\u0131, kendi sorular\u0131n\u0131n pe\u015finden gitme al\u0131\u015fkanl\u0131\u011f\u0131 kazanmalar\u0131n\u0131 ama\u00e7l\u0131yoruz. Hannah Arendt\u2019in K\u00fc\u00e7\u00fck Tiyatrosu dizinin yirmi birinci kitab\u0131.Hannah Arendt sahaya inen bir d\u00fc\u015f\u00fcn\u00fcr, inine kapan\u0131p oturmuyor. K\u00fc\u00e7\u00fck tiyatrosunda da sahneye \u00e7\u0131kmak d\u00fc\u015f\u00fcnmek, d\u00fc\u015f\u00fcnmekse eylemde bulunmak demek. Oysa masa ba\u015f\u0131nda \u00e7al\u0131\u015fan adamlar\u0131n tek bir fikri var: k\u00e2\u011f\u0131ttan bir d\u00fcn <\/p>\n","protected":false},"excerpt":{"rendered":"<p>K\u00fc\u00e7\u00fck Filozoflar Dizisi, 9 &#8211; 14 ya\u015f \u00e7ocuklar\u0131 i\u00e7in filozoflar\u0131n hikayelerini anlatan \u00e7ok g\u00fczel resimlenmi\u015f kitaplardan olu\u015fuyor. Diziyle \u00e7ocuklar\u0131n felsefeye zevkli bir giri\u015f yapmalar\u0131n\u0131, kendi sorular\u0131n\u0131n<span class=\"excerpt-hellip\"> [\u2026]<\/span><\/p>\n","protected":false},"featured_media":0,"template":"","meta":{"_monsterinsights_skip_tracking":false,"_monsterinsights_sitenote_active":false,"_monsterinsights_sitenote_note":"","_monsterinsights_sitenote_category":0},"product_brand":[],"product_cat":[12312,12304],"product_tag":[],"class_list":{"0":"post-775432","1":"product","2":"type-product","3":"status-publish","5":"product_cat-diger","6":"product_cat-tarih","7":"pa_cilt-ciltsiz","8":"pa_tur-kitap","9":"pa_yayinevi-metis-yayinlari","10":"pa_yazar-colard","11":"pa_yazar-marion-muller","13":"first","14":"instock","15":"sale","16":"shipping-taxable","17":"purchasable","18":"product-type-simple"},"_links":{"self":[{"href":"https:\/\/roveyayinevi.com.tr\/index.php\/wp-json\/wp\/v2\/product\/775432","targetHints":{"allow":["GET"]}}],"collection":[{"href":"https:\/\/roveyayinevi.com.tr\/index.php\/wp-json\/wp\/v2\/product"}],"about":[{"href":"https:\/\/roveyayinevi.com.tr\/index.php\/wp-json\/wp\/v2\/types\/product"}],"wp:attachment":[{"href":"https:\/\/roveyayinevi.com.tr\/index.php\/wp-json\/wp\/v2\/media?parent=775432"}],"wp:term":[{"taxonomy":"product_brand","embeddable":true,"href":"https:\/\/roveyayinevi.com.tr\/index.php\/wp-json\/wp\/v2\/product_brand?post=775432"},{"taxonomy":"product_cat","embeddable":true,"href":"https:\/\/roveyayinevi.com.tr\/index.php\/wp-json\/wp\/v2\/product_cat?post=775432"},{"taxonomy":"product_tag","embeddable":true,"href":"https:\/\/roveyayinevi.com.tr\/index.php\/wp-json\/wp\/v2\/product_tag?post=775432"}],"curies":[{"name":"wp","href":"https:\/\/api.w.org\/{rel}","templated":true}]}}