{"id":775431,"date":"2025-09-10T05:52:14","date_gmt":"2025-09-10T02:52:14","guid":{"rendered":"https:\/\/roveyayinevi.com.tr\/index.php\/urun\/alp-daglarindan-ve-miss-chalfrinin-albumunden\/"},"modified":"2026-04-16T02:14:05","modified_gmt":"2026-04-15T23:14:05","slug":"alp-daglarindan-ve-miss-chalfrinin-albumunden","status":"publish","type":"product","link":"https:\/\/roveyayinevi.com.tr\/index.php\/urun\/alp-daglarindan-ve-miss-chalfrinin-albumunden\/","title":{"rendered":"Alp Da\u011flar\u0131&#8217;ndan ve Miss Chalfrin&#8217;in Alb\u00fcm\u00fcnden"},"content":{"rendered":"<p>Yakup Kadri Karaosmano\u011flu\u2019nun Bat\u0131 ve Bat\u0131l\u0131la\u015fmaya dair yaz\u0131lar\u0131ndan olu\u015fan eserde, \u201c\u015farkl\u0131 g\u00f6z\u00fcyle\u201d Avrupa\u2019n\u0131n, \u201cgarpl\u0131 g\u00f6z\u00fcyle\u201d \u015fark\u0131n resmini g\u00f6rebiliyoruz. G\u00fcn\u00fcm\u00fczde de g\u00fcncelli\u011fini muhafaza eden konuyu yazar, \u00f6nce Alp Da\u011flar\u0131\u2019na seyahatlerinden yola \u00e7\u0131karak garba bakan bir \u015farkl\u0131 olarak anlat\u0131yor; ard\u0131ndan T\u00fcrkiye\u2019ye \u00f6\u011fretmenlik i\u00e7in gelmi\u015f bir \u0130ngilizin a\u011fz\u0131ndan mektuplar yazarak meseleye bir de \u015farka bakan garpl\u0131 olarak yakla\u015f\u0131yor. Yazar\u0131n deyimiyle \u201ci\u00e7 \u00f6rg\u00fcleri itibariyle bir sikkenin y\u00fcz\u00fc ve tersi gibi\u201d birbirini tamamlayan yaz\u0131lar, Yakup Kadri\u2019nin dildeki ustal\u0131\u011f\u0131yla da b\u00fct\u00fcnl\u00fckl\u00fc bir eser ortaya \u00e7\u0131kar\u0131yor. <\/p>\n","protected":false},"excerpt":{"rendered":"<p>Yakup Kadri Karaosmano\u011flu\u2019nun Bat\u0131 ve Bat\u0131l\u0131la\u015fmaya dair yaz\u0131lar\u0131ndan olu\u015fan eserde, \u201c\u015farkl\u0131 g\u00f6z\u00fcyle\u201d Avrupa\u2019n\u0131n, \u201cgarpl\u0131 g\u00f6z\u00fcyle\u201d \u015fark\u0131n resmini g\u00f6rebiliyoruz. G\u00fcn\u00fcm\u00fczde de g\u00fcncelli\u011fini muhafaza eden konuyu yazar, \u00f6nce<span class=\"excerpt-hellip\"> [\u2026]<\/span><\/p>\n","protected":false},"featured_media":0,"template":"","meta":{"_monsterinsights_skip_tracking":false,"_monsterinsights_sitenote_active":false,"_monsterinsights_sitenote_note":"","_monsterinsights_sitenote_category":0},"product_brand":[],"product_cat":[13701,12291],"product_tag":[],"class_list":{"0":"post-775431","1":"product","2":"type-product","3":"status-publish","5":"product_cat-ani-mektup-gunluk","6":"product_cat-edebiyat","7":"pa_cilt-ciltsiz","8":"pa_tur-kitap","9":"pa_yayinevi-iletisim-yayinlari","10":"pa_yazar-yakup-kadri-karaosmanoglu","12":"first","13":"instock","14":"sale","15":"shipping-taxable","16":"purchasable","17":"product-type-simple"},"_links":{"self":[{"href":"https:\/\/roveyayinevi.com.tr\/index.php\/wp-json\/wp\/v2\/product\/775431","targetHints":{"allow":["GET"]}}],"collection":[{"href":"https:\/\/roveyayinevi.com.tr\/index.php\/wp-json\/wp\/v2\/product"}],"about":[{"href":"https:\/\/roveyayinevi.com.tr\/index.php\/wp-json\/wp\/v2\/types\/product"}],"wp:attachment":[{"href":"https:\/\/roveyayinevi.com.tr\/index.php\/wp-json\/wp\/v2\/media?parent=775431"}],"wp:term":[{"taxonomy":"product_brand","embeddable":true,"href":"https:\/\/roveyayinevi.com.tr\/index.php\/wp-json\/wp\/v2\/product_brand?post=775431"},{"taxonomy":"product_cat","embeddable":true,"href":"https:\/\/roveyayinevi.com.tr\/index.php\/wp-json\/wp\/v2\/product_cat?post=775431"},{"taxonomy":"product_tag","embeddable":true,"href":"https:\/\/roveyayinevi.com.tr\/index.php\/wp-json\/wp\/v2\/product_tag?post=775431"}],"curies":[{"name":"wp","href":"https:\/\/api.w.org\/{rel}","templated":true}]}}