{"id":775428,"date":"2025-09-10T05:45:21","date_gmt":"2025-09-10T02:45:21","guid":{"rendered":"https:\/\/roveyayinevi.com.tr\/index.php\/urun\/kim-bulduysa-onundur\/"},"modified":"2026-04-16T02:13:23","modified_gmt":"2026-04-15T23:13:23","slug":"kim-bulduysa-onundur","status":"publish","type":"product","link":"https:\/\/roveyayinevi.com.tr\/index.php\/urun\/kim-bulduysa-onundur\/","title":{"rendered":"Kim Bulduysa Onundur"},"content":{"rendered":"<p>King, Sadist ve Medyum\u2019da oldu\u011fu gibi, \u00e7\u0131lg\u0131nl\u0131\u011fa kafadan bir dal\u0131\u015f yaparak yazar-okur ili\u015fkisinin s\u0131n\u0131rlar\u0131n\u0131 zorluyor&#8230; \u00d6yk\u00fc y\u00fcksek performansl\u0131 bir ara\u00e7 gibi kimi zaman k\u00fckr\u00fcyor, kimi zaman m\u0131r\u0131ldan\u0131yor, kimi zaman da fazlas\u0131yla e\u011flendirici. Ayr\u0131ca en dikkatli okuyucular\u0131n bile g\u00f6z\u00fcnden ka\u00e7abilecek kadar sinsice, edebi ele\u015ftirilerle dalga ge\u00e7ebiliyor. <\/p>\n","protected":false},"excerpt":{"rendered":"<p>King, Sadist ve Medyum\u2019da oldu\u011fu gibi, \u00e7\u0131lg\u0131nl\u0131\u011fa kafadan bir dal\u0131\u015f yaparak yazar-okur ili\u015fkisinin s\u0131n\u0131rlar\u0131n\u0131 zorluyor&#8230; \u00d6yk\u00fc y\u00fcksek performansl\u0131 bir ara\u00e7 gibi kimi zaman k\u00fckr\u00fcyor, kimi zaman<span class=\"excerpt-hellip\"> [\u2026]<\/span><\/p>\n","protected":false},"featured_media":0,"template":"","meta":{"_monsterinsights_skip_tracking":false,"_monsterinsights_sitenote_active":false,"_monsterinsights_sitenote_note":"","_monsterinsights_sitenote_category":0},"product_brand":[],"product_cat":[12291,12711],"product_tag":[],"class_list":{"0":"post-775428","1":"product","2":"type-product","3":"status-publish","5":"product_cat-edebiyat","6":"product_cat-roman-oyku","7":"pa_cilt-ciltsiz","8":"pa_tur-kitap","9":"pa_yayinevi-altin-kitaplar","10":"pa_yazar-stephen-king","12":"first","13":"instock","14":"sale","15":"shipping-taxable","16":"purchasable","17":"product-type-simple"},"_links":{"self":[{"href":"https:\/\/roveyayinevi.com.tr\/index.php\/wp-json\/wp\/v2\/product\/775428","targetHints":{"allow":["GET"]}}],"collection":[{"href":"https:\/\/roveyayinevi.com.tr\/index.php\/wp-json\/wp\/v2\/product"}],"about":[{"href":"https:\/\/roveyayinevi.com.tr\/index.php\/wp-json\/wp\/v2\/types\/product"}],"wp:attachment":[{"href":"https:\/\/roveyayinevi.com.tr\/index.php\/wp-json\/wp\/v2\/media?parent=775428"}],"wp:term":[{"taxonomy":"product_brand","embeddable":true,"href":"https:\/\/roveyayinevi.com.tr\/index.php\/wp-json\/wp\/v2\/product_brand?post=775428"},{"taxonomy":"product_cat","embeddable":true,"href":"https:\/\/roveyayinevi.com.tr\/index.php\/wp-json\/wp\/v2\/product_cat?post=775428"},{"taxonomy":"product_tag","embeddable":true,"href":"https:\/\/roveyayinevi.com.tr\/index.php\/wp-json\/wp\/v2\/product_tag?post=775428"}],"curies":[{"name":"wp","href":"https:\/\/api.w.org\/{rel}","templated":true}]}}