{"id":775427,"date":"2025-09-10T05:40:35","date_gmt":"2025-09-10T02:40:35","guid":{"rendered":"https:\/\/roveyayinevi.com.tr\/index.php\/urun\/damdan-dusen-psikolog\/"},"modified":"2026-04-16T02:12:39","modified_gmt":"2026-04-15T23:12:39","slug":"damdan-dusen-psikolog","status":"publish","type":"product","link":"https:\/\/roveyayinevi.com.tr\/index.php\/urun\/damdan-dusen-psikolog\/","title":{"rendered":"Damdan D\u00fc\u015fen Psikolog"},"content":{"rendered":"<p>Afrika kabilelerinden birinde bir bebek do\u011fdu\u011funda kabilenin kad\u0131nlar\u0131 hep birlikte ormana \u00e7ekilir, o bebe\u011fe bir \u015fark\u0131 yaparlarm\u0131\u015f. Dikkatle g\u00f6zlemledikleri bebe\u011fin karakteristik \u00f6zelliklerini ve g\u00fcc\u00fcn\u00fc ona anlatan bir \u015fark\u0131\u2026 Sonra, \u00e7ok sonra bir g\u00fcn, hayatla ba\u015fa \u00e7\u0131kmakta zorlan\u0131p da kolu kanad\u0131 k\u0131r\u0131lacak olursa o \u015fark\u0131y\u0131, yani kendini hat\u0131rlas\u0131n diye, Afrikal\u0131 bebek o \u015fark\u0131y\u0131 dinleyerek b\u00fcy\u00fcrm\u00fc\u015f\u2026 G\u00fcn\u00fcn birinde o \u015fark\u0131y\u0131 tekrarlayamayacak kadar kendine inanc\u0131n\u0131 yitirdi\u011finde, onu tan\u0131yan biri ona \u015fark\u0131s\u0131n\u0131 \u00e7alarm\u0131\u015f \u0131sl\u0131kla. Kendini, g\u00fcc\u00fcn\u00fc, \u00f6z halini hat\u0131rlar, kendine gelirmi\u015f\u2026<\/p>\n","protected":false},"excerpt":{"rendered":"<p>Afrika kabilelerinden birinde bir bebek do\u011fdu\u011funda kabilenin kad\u0131nlar\u0131 hep birlikte ormana \u00e7ekilir, o bebe\u011fe bir \u015fark\u0131 yaparlarm\u0131\u015f. Dikkatle g\u00f6zlemledikleri bebe\u011fin karakteristik \u00f6zelliklerini ve g\u00fcc\u00fcn\u00fc ona anlatan<span class=\"excerpt-hellip\"> [\u2026]<\/span><\/p>\n","protected":false},"featured_media":0,"template":"","meta":{"_monsterinsights_skip_tracking":false,"_monsterinsights_sitenote_active":false,"_monsterinsights_sitenote_note":"","_monsterinsights_sitenote_category":0},"product_brand":[],"product_cat":[13701,12291],"product_tag":[],"class_list":{"0":"post-775427","1":"product","2":"type-product","3":"status-publish","5":"product_cat-ani-mektup-gunluk","6":"product_cat-edebiyat","7":"pa_cilt-ciltsiz","8":"pa_tur-kitap","9":"pa_yayinevi-remzi-kitabevi","10":"pa_yazar-dogan-cuceloglu","12":"first","13":"instock","14":"sale","15":"shipping-taxable","16":"purchasable","17":"product-type-simple"},"_links":{"self":[{"href":"https:\/\/roveyayinevi.com.tr\/index.php\/wp-json\/wp\/v2\/product\/775427","targetHints":{"allow":["GET"]}}],"collection":[{"href":"https:\/\/roveyayinevi.com.tr\/index.php\/wp-json\/wp\/v2\/product"}],"about":[{"href":"https:\/\/roveyayinevi.com.tr\/index.php\/wp-json\/wp\/v2\/types\/product"}],"wp:attachment":[{"href":"https:\/\/roveyayinevi.com.tr\/index.php\/wp-json\/wp\/v2\/media?parent=775427"}],"wp:term":[{"taxonomy":"product_brand","embeddable":true,"href":"https:\/\/roveyayinevi.com.tr\/index.php\/wp-json\/wp\/v2\/product_brand?post=775427"},{"taxonomy":"product_cat","embeddable":true,"href":"https:\/\/roveyayinevi.com.tr\/index.php\/wp-json\/wp\/v2\/product_cat?post=775427"},{"taxonomy":"product_tag","embeddable":true,"href":"https:\/\/roveyayinevi.com.tr\/index.php\/wp-json\/wp\/v2\/product_tag?post=775427"}],"curies":[{"name":"wp","href":"https:\/\/api.w.org\/{rel}","templated":true}]}}