{"id":775425,"date":"2025-09-10T05:32:27","date_gmt":"2025-09-10T02:32:27","guid":{"rendered":"https:\/\/roveyayinevi.com.tr\/index.php\/urun\/totalitarizmin-kaynaklari-3-totalitarizm\/"},"modified":"2026-04-16T02:11:24","modified_gmt":"2026-04-15T23:11:24","slug":"totalitarizmin-kaynaklari-3-totalitarizm","status":"publish","type":"product","link":"https:\/\/roveyayinevi.com.tr\/index.php\/urun\/totalitarizmin-kaynaklari-3-totalitarizm\/","title":{"rendered":"Totalitarizmin Kaynaklar\u0131 3- Totalitarizm"},"content":{"rendered":"<p>Hannah Arendt\u2019in kapsaml\u0131 eseri Totalitarizmin Kaynaklar\u0131\u2019n\u0131n T\u00fcrk\u00e7e \u00e7evirisi, \u00fc\u00e7\u00fcnc\u00fc cilt Totalitarizm ile tamamlan\u0131yor. Arendt\u2019in anti-semitizm ve emperyalizm tart\u0131\u015fmalar\u0131n\u0131 ele ald\u0131\u011f\u0131 iki cildin ard\u0131ndan, esere do\u011frudan ad\u0131n\u0131 veren bu ciltte totalitarist d\u00fc\u015f\u00fcncenin k\u00f6kenleri, \u00f6rg\u00fctl\u00fc hareket haline geli\u015fi, kurumsalla\u015fmas\u0131, propaganda ve manip\u00fclasyon ara\u00e7lar\u0131 etrafl\u0131ca inceleniyor. Totalitarizmi sadece fa\u015fizmin \u00e7er\u00e7evesine sabitlenerek ve anti-semitizmin k\u0131y\u0131c\u0131l\u0131\u011f\u0131 ekseninde ele almay\u0131 reddeden Arendt, bir yandan Nazi partisinin, kurumlar\u0131n\u0131n ve y\u00f6ntemlerinin totalitarist d\u00fc\u015f\u00fcnceye dayanan bi\u00e7imleni\u015fini resmederken di\u011fer yandan da Sovyetler Birli\u011fi ve Stalin \u00fczerinden \u201cDo\u011fu despotizmi\u201dnin bu totalitarist \u00f6rne\u011fini kapsaml\u0131 bir \u015fekilde inceliyor. Arendt okuyucular\u0131n\u0131, \u00f6zg\u00fcr, yarat\u0131c\u0131 ve ger\u00e7ekten e\u015fitli\u011fi benimseyen bir ele\u015ftirel anlay\u0131\u015fla alt edebilecekleri totalitarizme kar\u015f\u0131 \u201cd\u00fcnya a\u015fk\u0131yla\u201d bi\u00e7imlenen bir politik sorumlulu\u011fa davet ediyor.<\/p>\n","protected":false},"excerpt":{"rendered":"<p>Hannah Arendt\u2019in kapsaml\u0131 eseri Totalitarizmin Kaynaklar\u0131\u2019n\u0131n T\u00fcrk\u00e7e \u00e7evirisi, \u00fc\u00e7\u00fcnc\u00fc cilt Totalitarizm ile tamamlan\u0131yor. Arendt\u2019in anti-semitizm ve emperyalizm tart\u0131\u015fmalar\u0131n\u0131 ele ald\u0131\u011f\u0131 iki cildin ard\u0131ndan, esere do\u011frudan ad\u0131n\u0131<span class=\"excerpt-hellip\"> [\u2026]<\/span><\/p>\n","protected":false},"featured_media":0,"template":"","meta":{"_monsterinsights_skip_tracking":false,"_monsterinsights_sitenote_active":false,"_monsterinsights_sitenote_note":"","_monsterinsights_sitenote_category":0},"product_brand":[],"product_cat":[13590,12337],"product_tag":[],"class_list":{"0":"post-775425","1":"product","2":"type-product","3":"status-publish","5":"product_cat-arastirma-inceleme-politika-siyaset","6":"product_cat-politika-siyaset","7":"pa_cilt-ciltsiz","8":"pa_tur-kitap","9":"pa_yayinevi-iletisim-yayinlari","10":"pa_yazar-hannah-arendt","12":"first","13":"instock","14":"sale","15":"shipping-taxable","16":"purchasable","17":"product-type-simple"},"_links":{"self":[{"href":"https:\/\/roveyayinevi.com.tr\/index.php\/wp-json\/wp\/v2\/product\/775425","targetHints":{"allow":["GET"]}}],"collection":[{"href":"https:\/\/roveyayinevi.com.tr\/index.php\/wp-json\/wp\/v2\/product"}],"about":[{"href":"https:\/\/roveyayinevi.com.tr\/index.php\/wp-json\/wp\/v2\/types\/product"}],"wp:attachment":[{"href":"https:\/\/roveyayinevi.com.tr\/index.php\/wp-json\/wp\/v2\/media?parent=775425"}],"wp:term":[{"taxonomy":"product_brand","embeddable":true,"href":"https:\/\/roveyayinevi.com.tr\/index.php\/wp-json\/wp\/v2\/product_brand?post=775425"},{"taxonomy":"product_cat","embeddable":true,"href":"https:\/\/roveyayinevi.com.tr\/index.php\/wp-json\/wp\/v2\/product_cat?post=775425"},{"taxonomy":"product_tag","embeddable":true,"href":"https:\/\/roveyayinevi.com.tr\/index.php\/wp-json\/wp\/v2\/product_tag?post=775425"}],"curies":[{"name":"wp","href":"https:\/\/api.w.org\/{rel}","templated":true}]}}