{"id":775424,"date":"2025-09-10T05:28:38","date_gmt":"2025-09-10T02:28:38","guid":{"rendered":"https:\/\/roveyayinevi.com.tr\/index.php\/urun\/melez-sozlesmeleri-2-safkan\/"},"modified":"2026-04-16T02:10:49","modified_gmt":"2026-04-15T23:10:49","slug":"melez-sozlesmeleri-2-safkan","status":"publish","type":"product","link":"https:\/\/roveyayinevi.com.tr\/index.php\/urun\/melez-sozlesmeleri-2-safkan\/","title":{"rendered":"Melez S\u00f6zle\u015fmeleri 2: Safkan"},"content":{"rendered":"<p>Bir yanda ihtiya\u00e7lar. Bir yanda kader&#8230; Do\u011fa\u00fcst\u00fc bir yarat\u0131k olmak tam olarak muhte\u015fem bir \u015fey de\u011fil; \u00f6zellikle her gitti\u011fin yere di\u011fer yar\u0131n\u0131n da gitti\u011fi d\u00fc\u015f\u00fcn\u00fcl\u00fcrse. Seth, e\u011fitimde, ders d\u0131\u015f\u0131nda ve hatta yatak odas\u0131nda Alexandria\u2019yla birlikte ve bu hi\u00e7 de e\u011flenceli de\u011fil. Aralar\u0131ndaki ba\u011f\u0131n kabuslardan uzak kalmak gibi faydalar\u0131 da var ama Alex\u2019in safkan yasak a\u015fk\u0131 Aiden\u2019a olan hisleri \u00fczerinde hi\u00e7bir etkisi yok. Ya da Aiden\u2019\u0131n onun i\u00e7in feda edecekleri \u00fczerinde. \u0130blisler binay\u0131 istila edip \u00f6\u011frencilere sald\u0131r\u0131nca tanr\u0131lar furileri sal\u0131yor \u00fczerlerine. Furiler, \u00f6\u011frencilere ve tanr\u0131lara kar\u015f\u0131 en ufak tehdidi ortadan kald\u0131rmakla g\u00f6revliler, buna Alex ve di\u011fer Apollyon Seth de dahil. Bu sorunlar yetmezmi\u015f gibi, gizemli bir varl\u0131k Seth\u2019i tehdit ediyor, Alex de tehlikede. \u0130\u015fin i\u00e7ine tanr\u0131lar girince baz\u0131 kararlardan geri d\u00f6nmek \u00e7ok ama \u00e7ok zor. Alexandria kaderinde yazanla bilinmez aras\u0131nda bir se\u00e7im yapacak. Safkan, Melez S\u00f6zle\u015fmeleri serisinin ikinci kitab\u0131d\u0131r. \ufffcTan\u0131t\u0131m Metni<\/p>\n","protected":false},"excerpt":{"rendered":"<p>Bir yanda ihtiya\u00e7lar. Bir yanda kader&#8230; Do\u011fa\u00fcst\u00fc bir yarat\u0131k olmak tam olarak muhte\u015fem bir \u015fey de\u011fil; \u00f6zellikle her gitti\u011fin yere di\u011fer yar\u0131n\u0131n da gitti\u011fi d\u00fc\u015f\u00fcn\u00fcl\u00fcrse. Seth,<span class=\"excerpt-hellip\"> [\u2026]<\/span><\/p>\n","protected":false},"featured_media":0,"template":"","meta":{"_monsterinsights_skip_tracking":false,"_monsterinsights_sitenote_active":false,"_monsterinsights_sitenote_note":"","_monsterinsights_sitenote_category":0},"product_brand":[],"product_cat":[12291,14777],"product_tag":[],"class_list":{"0":"post-775424","1":"product","2":"type-product","3":"status-publish","5":"product_cat-edebiyat","6":"product_cat-fantastik","7":"pa_cilt-ciltsiz","8":"pa_tur-kitap","9":"pa_yayinevi-dex-yayinevi","10":"pa_yazar-jennifer-l-armentrout","12":"first","13":"instock","14":"sale","15":"shipping-taxable","16":"purchasable","17":"product-type-simple"},"_links":{"self":[{"href":"https:\/\/roveyayinevi.com.tr\/index.php\/wp-json\/wp\/v2\/product\/775424","targetHints":{"allow":["GET"]}}],"collection":[{"href":"https:\/\/roveyayinevi.com.tr\/index.php\/wp-json\/wp\/v2\/product"}],"about":[{"href":"https:\/\/roveyayinevi.com.tr\/index.php\/wp-json\/wp\/v2\/types\/product"}],"wp:attachment":[{"href":"https:\/\/roveyayinevi.com.tr\/index.php\/wp-json\/wp\/v2\/media?parent=775424"}],"wp:term":[{"taxonomy":"product_brand","embeddable":true,"href":"https:\/\/roveyayinevi.com.tr\/index.php\/wp-json\/wp\/v2\/product_brand?post=775424"},{"taxonomy":"product_cat","embeddable":true,"href":"https:\/\/roveyayinevi.com.tr\/index.php\/wp-json\/wp\/v2\/product_cat?post=775424"},{"taxonomy":"product_tag","embeddable":true,"href":"https:\/\/roveyayinevi.com.tr\/index.php\/wp-json\/wp\/v2\/product_tag?post=775424"}],"curies":[{"name":"wp","href":"https:\/\/api.w.org\/{rel}","templated":true}]}}