{"id":775423,"date":"2025-09-10T05:26:22","date_gmt":"2025-09-10T02:26:22","guid":{"rendered":"https:\/\/roveyayinevi.com.tr\/index.php\/urun\/bando-takimi\/"},"modified":"2026-04-16T02:10:42","modified_gmt":"2026-04-15T23:10:42","slug":"bando-takimi","status":"publish","type":"product","link":"https:\/\/roveyayinevi.com.tr\/index.php\/urun\/bando-takimi\/","title":{"rendered":"Bando Tak\u0131m\u0131"},"content":{"rendered":"<p>&#8230;&#8217;\u0130zg\u00fc&#8217;, okurlar\u0131yla sa\u011fl\u0131kl\u0131 ve s\u00fcrekli ileti\u015fim i\u00e7inde bir yazard\u0131r. Anlatt\u0131\u011f\u0131 bizleriz \u00e7\u00fcnk\u00fc&#8230;Bando Tak\u0131m\u0131&#8217;n\u0131 olu\u015fturanlara bir bak\u0131n, g\u00f6receksiniz&#8230;Davulu \u00e7alan da bizleriz, boruyu \u00fcfleyen de&#8230;\u0130zg\u00fc&#8217;n\u00fcn ustal\u0131\u011f\u0131 da bizlerden kurdu\u011fu Bando tak\u0131m\u0131&#8217;yla bizlere verdi\u011fi mesajda&#8230; <\/p>\n","protected":false},"excerpt":{"rendered":"<p>&#8230;&#8217;\u0130zg\u00fc&#8217;, okurlar\u0131yla sa\u011fl\u0131kl\u0131 ve s\u00fcrekli ileti\u015fim i\u00e7inde bir yazard\u0131r. Anlatt\u0131\u011f\u0131 bizleriz \u00e7\u00fcnk\u00fc&#8230;Bando Tak\u0131m\u0131&#8217;n\u0131 olu\u015fturanlara bir bak\u0131n, g\u00f6receksiniz&#8230;Davulu \u00e7alan da bizleriz, boruyu \u00fcfleyen de&#8230;\u0130zg\u00fc&#8217;n\u00fcn ustal\u0131\u011f\u0131 da bizlerden<span class=\"excerpt-hellip\"> [\u2026]<\/span><\/p>\n","protected":false},"featured_media":0,"template":"","meta":{"_monsterinsights_skip_tracking":false,"_monsterinsights_sitenote_active":false,"_monsterinsights_sitenote_note":"","_monsterinsights_sitenote_category":0},"product_brand":[],"product_cat":[12477,12364],"product_tag":[],"class_list":{"0":"post-775423","1":"product","2":"type-product","3":"status-publish","5":"product_cat-eglence-mizah","6":"product_cat-genel-konular","7":"pa_cilt-ciltsiz","8":"pa_tur-kitap","9":"pa_yayinevi-bilgi-yayinevi","10":"pa_yazar-muzaffer-izgu","12":"first","13":"instock","14":"sale","15":"shipping-taxable","16":"purchasable","17":"product-type-simple"},"_links":{"self":[{"href":"https:\/\/roveyayinevi.com.tr\/index.php\/wp-json\/wp\/v2\/product\/775423","targetHints":{"allow":["GET"]}}],"collection":[{"href":"https:\/\/roveyayinevi.com.tr\/index.php\/wp-json\/wp\/v2\/product"}],"about":[{"href":"https:\/\/roveyayinevi.com.tr\/index.php\/wp-json\/wp\/v2\/types\/product"}],"wp:attachment":[{"href":"https:\/\/roveyayinevi.com.tr\/index.php\/wp-json\/wp\/v2\/media?parent=775423"}],"wp:term":[{"taxonomy":"product_brand","embeddable":true,"href":"https:\/\/roveyayinevi.com.tr\/index.php\/wp-json\/wp\/v2\/product_brand?post=775423"},{"taxonomy":"product_cat","embeddable":true,"href":"https:\/\/roveyayinevi.com.tr\/index.php\/wp-json\/wp\/v2\/product_cat?post=775423"},{"taxonomy":"product_tag","embeddable":true,"href":"https:\/\/roveyayinevi.com.tr\/index.php\/wp-json\/wp\/v2\/product_tag?post=775423"}],"curies":[{"name":"wp","href":"https:\/\/api.w.org\/{rel}","templated":true}]}}