{"id":775421,"date":"2025-09-10T05:16:06","date_gmt":"2025-09-10T02:16:06","guid":{"rendered":"https:\/\/roveyayinevi.com.tr\/index.php\/urun\/genc-bir-koy-hekimi\/"},"modified":"2026-04-16T02:08:48","modified_gmt":"2026-04-15T23:08:48","slug":"genc-bir-koy-hekimi","status":"publish","type":"product","link":"https:\/\/roveyayinevi.com.tr\/index.php\/urun\/genc-bir-koy-hekimi\/","title":{"rendered":"Gen\u00e7 Bir K\u00f6y Hekimi"},"content":{"rendered":"<p>Birinci D\u00fcnya Sava\u015f\u0131 s\u0131ras\u0131nda, 1916 y\u0131l\u0131nda \u00fcniversiteden diplomas\u0131n\u0131 alan gen\u00e7 doktor Bulgakov g\u00f6n\u00fcll\u00fc olarak Kiev\u2019de \u00e7al\u0131\u015fmaya gitti. Smolensk b\u00f6lgesinin k\u00fc\u00e7\u00fck bir k\u00f6y hastanesinde \u00e7al\u0131\u015fmak, gen\u00e7 doktorun bir gen\u00e7 yazar haline gelmesinde b\u00fcy\u00fck bir rol oynad\u0131. Rusya yeni bir devrime ve i\u00e7 sava\u015fa do\u011fru s\u00fcr\u00fcklenirken Bulgakov, Rus halk\u0131n\u0131 en \u00e7\u0131plak haliyle ve en hayati sorunlar\u0131yla tan\u0131d\u0131. \ufffcTan\u0131t\u0131m Metni<\/p>\n","protected":false},"excerpt":{"rendered":"<p>Birinci D\u00fcnya Sava\u015f\u0131 s\u0131ras\u0131nda, 1916 y\u0131l\u0131nda \u00fcniversiteden diplomas\u0131n\u0131 alan gen\u00e7 doktor Bulgakov g\u00f6n\u00fcll\u00fc olarak Kiev\u2019de \u00e7al\u0131\u015fmaya gitti. Smolensk b\u00f6lgesinin k\u00fc\u00e7\u00fck bir k\u00f6y hastanesinde \u00e7al\u0131\u015fmak, gen\u00e7 doktorun<span class=\"excerpt-hellip\"> [\u2026]<\/span><\/p>\n","protected":false},"featured_media":0,"template":"","meta":{"_monsterinsights_skip_tracking":false,"_monsterinsights_sitenote_active":false,"_monsterinsights_sitenote_note":"","_monsterinsights_sitenote_category":0},"product_brand":[],"product_cat":[12291,13570],"product_tag":[],"class_list":{"0":"post-775421","1":"product","2":"type-product","3":"status-publish","5":"product_cat-edebiyat","6":"product_cat-rus-edebiyati","7":"pa_cilt-ciltsiz","8":"pa_tur-kitap","9":"pa_yayinevi-can-yayinlari","10":"pa_yazar-mihail-bulgakov","12":"first","13":"instock","14":"sale","15":"shipping-taxable","16":"purchasable","17":"product-type-simple"},"_links":{"self":[{"href":"https:\/\/roveyayinevi.com.tr\/index.php\/wp-json\/wp\/v2\/product\/775421","targetHints":{"allow":["GET"]}}],"collection":[{"href":"https:\/\/roveyayinevi.com.tr\/index.php\/wp-json\/wp\/v2\/product"}],"about":[{"href":"https:\/\/roveyayinevi.com.tr\/index.php\/wp-json\/wp\/v2\/types\/product"}],"wp:attachment":[{"href":"https:\/\/roveyayinevi.com.tr\/index.php\/wp-json\/wp\/v2\/media?parent=775421"}],"wp:term":[{"taxonomy":"product_brand","embeddable":true,"href":"https:\/\/roveyayinevi.com.tr\/index.php\/wp-json\/wp\/v2\/product_brand?post=775421"},{"taxonomy":"product_cat","embeddable":true,"href":"https:\/\/roveyayinevi.com.tr\/index.php\/wp-json\/wp\/v2\/product_cat?post=775421"},{"taxonomy":"product_tag","embeddable":true,"href":"https:\/\/roveyayinevi.com.tr\/index.php\/wp-json\/wp\/v2\/product_tag?post=775421"}],"curies":[{"name":"wp","href":"https:\/\/api.w.org\/{rel}","templated":true}]}}