{"id":775419,"date":"2025-09-10T05:11:55","date_gmt":"2025-09-10T02:11:55","guid":{"rendered":"https:\/\/roveyayinevi.com.tr\/index.php\/urun\/kadinligin-kesfi\/"},"modified":"2026-04-16T02:08:19","modified_gmt":"2026-04-15T23:08:19","slug":"kadinligin-kesfi","status":"publish","type":"product","link":"https:\/\/roveyayinevi.com.tr\/index.php\/urun\/kadinligin-kesfi\/","title":{"rendered":"Kad\u0131nl\u0131\u011f\u0131n Ke\u015ffi"},"content":{"rendered":"<p>Kad\u0131n, bedeniyle, zihniyle, ruhuyla bir b\u00fct\u00fcnd\u00fcr. Yarad\u0131l\u0131\u015ftan gelen bu b\u00fct\u00fcnl\u00fck bozuldu\u011funda ruhsal ve bedensel hastal\u0131klar ba\u015flar. Mutsuzluk ba\u015flar. Bu kitapta beden-zihin-ruh tevhidini bozan bilin\u00e7alt\u0131 yaz\u0131l\u0131m ve saplant\u0131lar\u0131n, kad\u0131nlar\u0131n hayat\u0131n\u0131 nas\u0131l olumsuz etkiledi\u011fi, hatta bazen nas\u0131l k\u00e2busa \u00e7evirebildi\u011fi anlat\u0131l\u0131yor. \u00c7\u00f6z\u00fcm \u00f6nerileri sunuluyor. Nefsin ve d\u00fcnyevi ko\u015fullanmalar\u0131n k\u00f6leli\u011finden kurtulu\u015f, ki\u015finin en b\u00fcy\u00fck \u00f6zg\u00fcrl\u00fck sava\u015f\u0131d\u0131r. Bu sava\u015f\u0131 kazanan insan, \u201cSize ruhumdan \u00fcfledim\u201d ilahi kelam\u0131n\u0131n anlam\u0131na da vak\u0131f olarak yeniden do\u011far, \u00f6zg\u00fcrce tam ve b\u00fct\u00fcn olarak\u2026 Kad\u0131nl\u0131\u011f\u0131n Ke\u015ffi, kad\u0131nlar\u0131, farkl\u0131 d\u00f6nem ve durumlarda (\u00e7ocukluk, regl, ergenlik, evlilik, cinsellik, do\u011fum, annelik, menopoz vb) ya\u015fad\u0131klar\u0131 fiziksel ve ruhsal rahats\u0131zl\u0131klar\u0131n kayna\u011f\u0131n\u0131 ke\u015ffetmeye \u00e7a\u011f\u0131r\u0131yor. Onlar\u0131 fark\u0131nda olmaya, idrak etmeye davet ediyor. Onlara, kendi bedenlerini okumalar\u0131 i\u00e7in k\u0131lavuzluk yap\u0131yor. Fizik bedeninizi idare eden yaz\u0131l\u0131mlar\u0131 d\u00fczeltmek\u2026 D\u00f6nem d\u00f6nem ya\u015fad\u0131\u011f\u0131n\u0131z ya da kronikle\u015fmi\u015f korkular\u0131n\u0131zdan kurtulmak\u2026 De\u011fi\u015fim yetkisinin sizde oldu\u011funu hat\u0131rlamak\u2026 Evlili\u011finizi mutlu ve ne\u015feli hale getirmek\u2026 Yarat\u0131l\u0131\u015f program\u0131n\u0131z\u0131 fark edip kad\u0131nl\u0131\u011f\u0131n\u0131zdan memnun olmak istiyorsan\u0131z bu kitap tam size g\u00f6re! <\/p>\n","protected":false},"excerpt":{"rendered":"<p>Kad\u0131n, bedeniyle, zihniyle, ruhuyla bir b\u00fct\u00fcnd\u00fcr. Yarad\u0131l\u0131\u015ftan gelen bu b\u00fct\u00fcnl\u00fck bozuldu\u011funda ruhsal ve bedensel hastal\u0131klar ba\u015flar. Mutsuzluk ba\u015flar. Bu kitapta beden-zihin-ruh tevhidini bozan bilin\u00e7alt\u0131 yaz\u0131l\u0131m ve<span class=\"excerpt-hellip\"> [\u2026]<\/span><\/p>\n","protected":false},"featured_media":0,"template":"","meta":{"_monsterinsights_skip_tracking":false,"_monsterinsights_sitenote_active":false,"_monsterinsights_sitenote_note":"","_monsterinsights_sitenote_category":0},"product_brand":[],"product_cat":[12324,27533],"product_tag":[],"class_list":{"0":"post-775419","1":"product","2":"type-product","3":"status-publish","5":"product_cat-sosyoloji","6":"product_cat-sosyolojiye-giris","7":"pa_cilt-ciltsiz","8":"pa_tur-kitap","9":"pa_yayinevi-hayykitap","10":"pa_yazar-ayse-duman","12":"first","13":"instock","14":"sale","15":"shipping-taxable","16":"purchasable","17":"product-type-simple"},"_links":{"self":[{"href":"https:\/\/roveyayinevi.com.tr\/index.php\/wp-json\/wp\/v2\/product\/775419","targetHints":{"allow":["GET"]}}],"collection":[{"href":"https:\/\/roveyayinevi.com.tr\/index.php\/wp-json\/wp\/v2\/product"}],"about":[{"href":"https:\/\/roveyayinevi.com.tr\/index.php\/wp-json\/wp\/v2\/types\/product"}],"wp:attachment":[{"href":"https:\/\/roveyayinevi.com.tr\/index.php\/wp-json\/wp\/v2\/media?parent=775419"}],"wp:term":[{"taxonomy":"product_brand","embeddable":true,"href":"https:\/\/roveyayinevi.com.tr\/index.php\/wp-json\/wp\/v2\/product_brand?post=775419"},{"taxonomy":"product_cat","embeddable":true,"href":"https:\/\/roveyayinevi.com.tr\/index.php\/wp-json\/wp\/v2\/product_cat?post=775419"},{"taxonomy":"product_tag","embeddable":true,"href":"https:\/\/roveyayinevi.com.tr\/index.php\/wp-json\/wp\/v2\/product_tag?post=775419"}],"curies":[{"name":"wp","href":"https:\/\/api.w.org\/{rel}","templated":true}]}}