{"id":775415,"date":"2025-09-10T04:53:56","date_gmt":"2025-09-10T01:53:56","guid":{"rendered":"https:\/\/roveyayinevi.com.tr\/index.php\/urun\/iskenderiye-kutuphanesi-antik-dunyanin-ogrenim-merkezi\/"},"modified":"2026-04-16T02:05:41","modified_gmt":"2026-04-15T23:05:41","slug":"iskenderiye-kutuphanesi-antik-dunyanin-ogrenim-merkezi","status":"publish","type":"product","link":"https:\/\/roveyayinevi.com.tr\/index.php\/urun\/iskenderiye-kutuphanesi-antik-dunyanin-ogrenim-merkezi\/","title":{"rendered":"\u0130skenderiye K\u00fct\u00fcphanesi Antik D\u00fcnya\u2019n\u0131n \u00d6\u011frenim Merkezi"},"content":{"rendered":"<p>Antik D\u00fcnya&#8217;n\u0131n \u00d6\u011frenim Merkezi  Efsanevi ve yitik bir k\u00fct\u00fcphanenin izleri, k\u00f6kleri antik \u00e7a\u011flara uzansa da etkisi h\u00e2l\u00e2 canl\u0131 olan bir bilgelik ve esin kayna\u011f\u0131n\u0131n kal\u0131nt\u0131lar\u0131na g\u00f6t\u00fcr\u00fcyor insano\u011flunu. Ge\u00e7 antik d\u00f6nemin bu b\u00fcy\u00fck \u00f6\u011frenim merkezi, \u0130skenderiye\u2019nin 643 y\u0131l\u0131ndaki d\u00fc\u015f\u00fc\u015f\u00fcyle birlikte yok olsa da, bug\u00fcn Grek, Roma, Yahudi ve S\u00fcryani k\u00fclt\u00fcrlerinin kesi\u015fti\u011fi bir kav\u015fak noktas\u0131n\u0131n temsili orunu olmay\u0131 s\u00fcrd\u00fcr\u00fcyor. Orta\u00e7a\u011f\u2019\u0131 ve modern \u00e7a\u011flar\u0131 bi\u00e7imleyen bir entelekt\u00fcel enerjinin kayna\u011f\u0131, konusunun ehil akademisyenlerince a\u00e7\u0131k ve betimleyici bir dille \u00e7\u00f6z\u00fcmleniyor bu kitapta. <\/p>\n","protected":false},"excerpt":{"rendered":"<p>Antik D\u00fcnya&#8217;n\u0131n \u00d6\u011frenim Merkezi Efsanevi ve yitik bir k\u00fct\u00fcphanenin izleri, k\u00f6kleri antik \u00e7a\u011flara uzansa da etkisi h\u00e2l\u00e2 canl\u0131 olan bir bilgelik ve esin kayna\u011f\u0131n\u0131n kal\u0131nt\u0131lar\u0131na g\u00f6t\u00fcr\u00fcyor<span class=\"excerpt-hellip\"> [\u2026]<\/span><\/p>\n","protected":false},"featured_media":0,"template":"","meta":{"_monsterinsights_skip_tracking":false,"_monsterinsights_sitenote_active":false,"_monsterinsights_sitenote_note":"","_monsterinsights_sitenote_category":0},"product_brand":[],"product_cat":[12305,12304],"product_tag":[],"class_list":{"0":"post-775415","1":"product","2":"type-product","3":"status-publish","5":"product_cat-dunya-tarihi","6":"product_cat-tarih","7":"pa_cilt-ciltsiz","8":"pa_tur-kitap","9":"pa_yayinevi-dost-kitabevi-yayinlari","10":"pa_yazar-roy-macleod","12":"first","13":"instock","14":"sale","15":"shipping-taxable","16":"purchasable","17":"product-type-simple"},"_links":{"self":[{"href":"https:\/\/roveyayinevi.com.tr\/index.php\/wp-json\/wp\/v2\/product\/775415","targetHints":{"allow":["GET"]}}],"collection":[{"href":"https:\/\/roveyayinevi.com.tr\/index.php\/wp-json\/wp\/v2\/product"}],"about":[{"href":"https:\/\/roveyayinevi.com.tr\/index.php\/wp-json\/wp\/v2\/types\/product"}],"wp:attachment":[{"href":"https:\/\/roveyayinevi.com.tr\/index.php\/wp-json\/wp\/v2\/media?parent=775415"}],"wp:term":[{"taxonomy":"product_brand","embeddable":true,"href":"https:\/\/roveyayinevi.com.tr\/index.php\/wp-json\/wp\/v2\/product_brand?post=775415"},{"taxonomy":"product_cat","embeddable":true,"href":"https:\/\/roveyayinevi.com.tr\/index.php\/wp-json\/wp\/v2\/product_cat?post=775415"},{"taxonomy":"product_tag","embeddable":true,"href":"https:\/\/roveyayinevi.com.tr\/index.php\/wp-json\/wp\/v2\/product_tag?post=775415"}],"curies":[{"name":"wp","href":"https:\/\/api.w.org\/{rel}","templated":true}]}}