{"id":775411,"date":"2025-09-10T04:17:18","date_gmt":"2025-09-10T01:17:18","guid":{"rendered":"https:\/\/roveyayinevi.com.tr\/index.php\/urun\/kamusalligin-yapisal-donusumu\/"},"modified":"2026-01-23T01:59:29","modified_gmt":"2026-01-22T22:59:29","slug":"kamusalligin-yapisal-donusumu","status":"publish","type":"product","link":"https:\/\/roveyayinevi.com.tr\/index.php\/urun\/kamusalligin-yapisal-donusumu\/","title":{"rendered":"Kamusall\u0131\u011f\u0131n Yap\u0131sal D\u00f6n\u00fc\u015f\u00fcm\u00fc"},"content":{"rendered":"<p>Kamusall\u0131\u011f\u0131n, kamusal alan\u0131n kurulu\u015fu, i\u015flevleri ve \u00f6nemi&#8230; Vatanda\u015fl\u0131\u011f\u0131n siyasal anlam\u0131&#8230; Burjuva toplumu\/ sivil toplum ile devlet aras\u0131ndaki ili\u015fkinin dinami\u011fi&#8230; Kamuoyunun yap\u0131s\u0131 ve etkileri&#8230; Frankfurt Okulu\u2019nun ya\u015fayan en \u00f6nemli d\u00fc\u015f\u00fcn\u00fcr\u00fc Habermas, bu siyaset teorisi klasi\u011finde, modern siyasetin ve toplum kuram\u0131n\u0131n bu temel kavram ve ili\u015fkilerini inceliyor ve ihmale gelmez tart\u0131\u015fma kap\u0131lar\u0131 aral\u0131yor&#8230; \ufffcTan\u0131t\u0131m Metni<\/p>\n","protected":false},"excerpt":{"rendered":"<p>Kamusall\u0131\u011f\u0131n, kamusal alan\u0131n kurulu\u015fu, i\u015flevleri ve \u00f6nemi&#8230; Vatanda\u015fl\u0131\u011f\u0131n siyasal anlam\u0131&#8230; Burjuva toplumu\/ sivil toplum ile devlet aras\u0131ndaki ili\u015fkinin dinami\u011fi&#8230; Kamuoyunun yap\u0131s\u0131 ve etkileri&#8230; Frankfurt Okulu\u2019nun ya\u015fayan<span class=\"excerpt-hellip\"> [\u2026]<\/span><\/p>\n","protected":false},"featured_media":0,"template":"","meta":{"_monsterinsights_skip_tracking":false,"_monsterinsights_sitenote_active":false,"_monsterinsights_sitenote_note":"","_monsterinsights_sitenote_category":0},"product_brand":[],"product_cat":[13633,12324],"product_tag":[],"class_list":{"0":"post-775411","1":"product","2":"type-product","3":"status-publish","5":"product_cat-kultur-ve-bilim","6":"product_cat-sosyoloji","7":"pa_cilt-ciltsiz","8":"pa_tur-kitap","9":"pa_yayinevi-iletisim-yayinlari","10":"pa_yazar-jurgen-habermas","12":"first","13":"instock","14":"sale","15":"shipping-taxable","16":"purchasable","17":"product-type-simple"},"_links":{"self":[{"href":"https:\/\/roveyayinevi.com.tr\/index.php\/wp-json\/wp\/v2\/product\/775411","targetHints":{"allow":["GET"]}}],"collection":[{"href":"https:\/\/roveyayinevi.com.tr\/index.php\/wp-json\/wp\/v2\/product"}],"about":[{"href":"https:\/\/roveyayinevi.com.tr\/index.php\/wp-json\/wp\/v2\/types\/product"}],"wp:attachment":[{"href":"https:\/\/roveyayinevi.com.tr\/index.php\/wp-json\/wp\/v2\/media?parent=775411"}],"wp:term":[{"taxonomy":"product_brand","embeddable":true,"href":"https:\/\/roveyayinevi.com.tr\/index.php\/wp-json\/wp\/v2\/product_brand?post=775411"},{"taxonomy":"product_cat","embeddable":true,"href":"https:\/\/roveyayinevi.com.tr\/index.php\/wp-json\/wp\/v2\/product_cat?post=775411"},{"taxonomy":"product_tag","embeddable":true,"href":"https:\/\/roveyayinevi.com.tr\/index.php\/wp-json\/wp\/v2\/product_tag?post=775411"}],"curies":[{"name":"wp","href":"https:\/\/api.w.org\/{rel}","templated":true}]}}