{"id":775408,"date":"2025-09-10T04:14:56","date_gmt":"2025-09-10T01:14:56","guid":{"rendered":"https:\/\/roveyayinevi.com.tr\/index.php\/urun\/cocuk-dogasi-ve-egitimi\/"},"modified":"2026-04-16T01:58:38","modified_gmt":"2026-04-15T22:58:38","slug":"cocuk-dogasi-ve-egitimi","status":"publish","type":"product","link":"https:\/\/roveyayinevi.com.tr\/index.php\/urun\/cocuk-dogasi-ve-egitimi\/","title":{"rendered":"\u00c7ocuk Do\u011fas\u0131 ve E\u011fitimi"},"content":{"rendered":"<p>Maden posas\u0131yla kapl\u0131 bir elmasa sahip oldu\u011fumuzu d\u00fc\u015f\u00fcnelim. Bu posay\u0131 kald\u0131rd\u0131\u011f\u0131m\u0131z\u0131 ve m\u00fccevhere sahip oldu\u011fumuzu varsayal\u0131m. I\u015f\u0131kta parlayan de\u011ferli bir ta\u015fa sahip oldu\u011funuzda ne yapars\u0131n\u0131z? Bu ta\u015f\u0131 bizim yaratmad\u0131\u011f\u0131m\u0131z\u0131, onun y\u0131\u011f\u0131nlar aras\u0131nda sakl\u0131 durdu\u011funu d\u00fc\u015f\u00fcn\u00fcrs\u00fcn\u00fcz. Ayn\u0131s\u0131 \u00e7ocuk i\u00e7in de s\u00f6ylenebilir. O, bize \u0131\u015f\u0131lt\u0131s\u0131n\u0131 g\u00f6stererek i\u015flemden ge\u00e7irilmesi gerekti\u011fini s\u00f6yler   diyen d\u00fcnyan\u0131n en yayg\u0131n e\u011fitim metodunun kurucusu Maria Montessori, e\u011fitimde yeti\u015fkinden \u00e7ocu\u011fa giden bir s\u00fcre\u00e7 izler. Bu anlay\u0131\u015fa g\u00f6re \u00f6ncelikle e\u011fitilmesi gereken \u00e7ocuk de\u011fil, yeti\u015fkindir. Yeti\u015fkin, \u00e7ocu\u011fun do\u011fas\u0131n\u0131 tan\u0131mal\u0131 ve onu bu temel \u00fczerinde hareket ederek e\u011fitmelidir. <\/p>\n","protected":false},"excerpt":{"rendered":"<p>Maden posas\u0131yla kapl\u0131 bir elmasa sahip oldu\u011fumuzu d\u00fc\u015f\u00fcnelim. Bu posay\u0131 kald\u0131rd\u0131\u011f\u0131m\u0131z\u0131 ve m\u00fccevhere sahip oldu\u011fumuzu varsayal\u0131m. I\u015f\u0131kta parlayan de\u011ferli bir ta\u015fa sahip oldu\u011funuzda ne yapars\u0131n\u0131z? Bu<span class=\"excerpt-hellip\"> [\u2026]<\/span><\/p>\n","protected":false},"featured_media":0,"template":"","meta":{"_monsterinsights_skip_tracking":false,"_monsterinsights_sitenote_active":false,"_monsterinsights_sitenote_note":"","_monsterinsights_sitenote_category":0},"product_brand":[],"product_cat":[17996,12364],"product_tag":[],"class_list":{"0":"post-775408","1":"product","2":"type-product","3":"status-publish","5":"product_cat-ebeveyn-kitaplari","6":"product_cat-genel-konular","7":"pa_tur-kitap","8":"pa_yayinevi-alter-yayincilik","9":"pa_yazar-abdullah-durakoglu","11":"first","12":"instock","13":"sale","14":"shipping-taxable","15":"purchasable","16":"product-type-simple"},"_links":{"self":[{"href":"https:\/\/roveyayinevi.com.tr\/index.php\/wp-json\/wp\/v2\/product\/775408","targetHints":{"allow":["GET"]}}],"collection":[{"href":"https:\/\/roveyayinevi.com.tr\/index.php\/wp-json\/wp\/v2\/product"}],"about":[{"href":"https:\/\/roveyayinevi.com.tr\/index.php\/wp-json\/wp\/v2\/types\/product"}],"wp:attachment":[{"href":"https:\/\/roveyayinevi.com.tr\/index.php\/wp-json\/wp\/v2\/media?parent=775408"}],"wp:term":[{"taxonomy":"product_brand","embeddable":true,"href":"https:\/\/roveyayinevi.com.tr\/index.php\/wp-json\/wp\/v2\/product_brand?post=775408"},{"taxonomy":"product_cat","embeddable":true,"href":"https:\/\/roveyayinevi.com.tr\/index.php\/wp-json\/wp\/v2\/product_cat?post=775408"},{"taxonomy":"product_tag","embeddable":true,"href":"https:\/\/roveyayinevi.com.tr\/index.php\/wp-json\/wp\/v2\/product_tag?post=775408"}],"curies":[{"name":"wp","href":"https:\/\/api.w.org\/{rel}","templated":true}]}}