{"id":775397,"date":"2025-09-09T18:41:54","date_gmt":"2025-09-09T15:41:54","guid":{"rendered":"https:\/\/roveyayinevi.com.tr\/index.php\/urun\/aile-2\/"},"modified":"2026-04-15T03:42:29","modified_gmt":"2026-04-15T00:42:29","slug":"aile-2","status":"publish","type":"product","link":"https:\/\/roveyayinevi.com.tr\/index.php\/urun\/aile-2\/","title":{"rendered":"Aile"},"content":{"rendered":"<p>Sabit fikirli, otoriter ve arkaik ilkelerle dolup ta\u015fan bir baba, onun otoritesine boyun e\u011fmekle m\u00fckellef bir anne ve d\u00f6rt \u00e7ocu\u011fun; ne kadar uzak durmaya \u00e7al\u0131\u015f\u0131rsak \u00e7al\u0131\u015fal\u0131m kendimizi hep i\u00e7inde buldu\u011fumuz o ili\u015fkiler krizinin ortas\u0131nda boy veren Aile&#8217;de, elbette baban\u0131n sesi en y\u00fcksek perdeden yank\u0131lan\u0131yor: Bu ailede s\u0131r olmaz! Oysa tam aksine, her mutsuz aileninki gibi s\u0131rlar ve utan\u00e7lar, yalanlar ve sessizlikler, kayg\u0131lar ve ka\u00e7\u0131\u015f planlar\u0131yla bezeli bir sofraya davetliyiz; ba\u015fka bir deyi\u015fle mutsuzluk \u00fcreten mutsuz otoritenin beyhudeli\u011fine.\u0130spanyol edebiyat\u0131n\u0131n parlayan y\u0131ld\u0131z\u0131 Sara Mesa, so\u011fukkanl\u0131l\u0131kla kulland\u0131\u011f\u0131 b\u00fcy\u00fcleyici ne\u015fteriyle ki\u015fisel ba\u011flar\u0131 ve krizleri derinlemesine inceleyip \u015fiddetin ve kontrol arzusunun g\u00fcndelik yans\u0131malar\u0131n\u0131 g\u00f6r\u00fcn\u00fcr k\u0131lmak \u00fczere bir cerrah titizli\u011fiyle kurgusal evrenler yarat\u0131yor. \u00d6nceki roman\u0131 Bir A\u015fk&#8217;ta da \u015fahit oldu\u011fumuz gibi, duygusal kopu\u015flar\u0131 ve yaralar\u0131 korkusuzca masaya yat\u0131r\u0131rken, hem a\u015fina oldu\u011fumuz hem de arkam\u0131za bakmadan ka\u00e7mak istedi\u011fimiz \u00e7at\u0131\u015fmalarla mesafeyi koruyor.Aile, kurumsalla\u015fm\u0131\u015f h\u00fckmetme arzusunun \u00e7at\u0131rdarken \u00e7\u0131kard\u0131\u011f\u0131 y\u0131rt\u0131c\u0131 sese tan\u0131kl\u0131\u011f\u0131n roman\u0131.<\/p>\n","protected":false},"excerpt":{"rendered":"<p>Sabit fikirli, otoriter ve arkaik ilkelerle dolup ta\u015fan bir baba, onun otoritesine boyun e\u011fmekle m\u00fckellef bir anne ve d\u00f6rt \u00e7ocu\u011fun; ne kadar uzak durmaya \u00e7al\u0131\u015f\u0131rsak \u00e7al\u0131\u015fal\u0131m<span class=\"excerpt-hellip\"> [\u2026]<\/span><\/p>\n","protected":false},"featured_media":0,"template":"","meta":{"_monsterinsights_skip_tracking":false,"_monsterinsights_sitenote_active":false,"_monsterinsights_sitenote_note":"","_monsterinsights_sitenote_category":0},"product_brand":[],"product_cat":[141304],"product_tag":[],"class_list":{"0":"post-775397","1":"product","2":"type-product","3":"status-publish","5":"product_cat-yeni-cikanlar","6":"pa_cilt-ciltsiz","7":"pa_tur-kitap","8":"pa_yayinevi-sel-yayincilik","9":"pa_yazar-sara-mesa","11":"first","12":"instock","13":"sale","14":"shipping-taxable","15":"purchasable","16":"product-type-simple"},"_links":{"self":[{"href":"https:\/\/roveyayinevi.com.tr\/index.php\/wp-json\/wp\/v2\/product\/775397","targetHints":{"allow":["GET"]}}],"collection":[{"href":"https:\/\/roveyayinevi.com.tr\/index.php\/wp-json\/wp\/v2\/product"}],"about":[{"href":"https:\/\/roveyayinevi.com.tr\/index.php\/wp-json\/wp\/v2\/types\/product"}],"wp:attachment":[{"href":"https:\/\/roveyayinevi.com.tr\/index.php\/wp-json\/wp\/v2\/media?parent=775397"}],"wp:term":[{"taxonomy":"product_brand","embeddable":true,"href":"https:\/\/roveyayinevi.com.tr\/index.php\/wp-json\/wp\/v2\/product_brand?post=775397"},{"taxonomy":"product_cat","embeddable":true,"href":"https:\/\/roveyayinevi.com.tr\/index.php\/wp-json\/wp\/v2\/product_cat?post=775397"},{"taxonomy":"product_tag","embeddable":true,"href":"https:\/\/roveyayinevi.com.tr\/index.php\/wp-json\/wp\/v2\/product_tag?post=775397"}],"curies":[{"name":"wp","href":"https:\/\/api.w.org\/{rel}","templated":true}]}}