{"id":775393,"date":"2025-09-09T18:41:48","date_gmt":"2025-09-09T15:41:48","guid":{"rendered":"https:\/\/roveyayinevi.com.tr\/index.php\/urun\/aya-giden-cocuk\/"},"modified":"2026-04-15T03:42:29","modified_gmt":"2026-04-15T00:42:29","slug":"aya-giden-cocuk","status":"publish","type":"product","link":"https:\/\/roveyayinevi.com.tr\/index.php\/urun\/aya-giden-cocuk\/","title":{"rendered":"Ay\u2019a Giden \u00c7ocuk"},"content":{"rendered":"<p>\u015e\u0130\u0130R G\u0130B\u0130 B\u0130R HAYAT YA\u015eAMALARINI G\u00d6N\u00dcLDEN \u0130STED\u0130\u011e\u0130M\u0130Z \u00c7OCUKLARIMIZA \u015e\u0130\u0130R\u0130 SEVD\u0130RECEK B\u0130R K\u0130TAPLA KAR\u015eINIZDAYIZ: \u201cAY\u2019A G\u0130DEN \u00c7OCUK\u201d            K\u00fclt\u00fcr ve Turizm Bakanl\u0131\u011f\u0131 taraf\u0131ndan k\u00fct\u00fcphaneler i\u00e7in sat\u0131n al\u0131nan kitaplar aras\u0131nda olan, \u00e7ocuklar\u0131m\u0131za g\u00fcvenle okutabilece\u011fimiz bir kitab\u0131 daha okurla bulu\u015fturmakla k\u0131van\u00e7l\u0131y\u0131z: \u201cAY\u2019A G\u0130DEN \u00c7OCUK &#8211; \u00c7ocuklar \u0130\u00e7in \u015eiirler\u201d                  Bir \u00e7ocuk, Hayal bu ya, K\u00e2\u011f\u0131ttan roket yap\u0131p Gezmeye gitmi\u015f Ay\u2019a.   Demi\u015f ki: \u201cE\u011fer ben, Yapabildiysem bunu, Neden d\u00fc\u015f\u00fcneyim ki, S\u0131n\u0131rlar oldu\u011funu?\u201d   Daha \u00f6nce de \u015fiir, hik\u00e2ye ve roman t\u00fcrleri ba\u015fta olmak \u00fczere, \u00e7e\u015fitli eserlerini okuyucu ile bulu\u015fturdu\u011fumuz, K\u00fclt\u00fcr ve Turizm Bakanl\u0131\u011f\u0131 Halk \u015eairi kart\u0131 sahibi Hakan KARCI\u2019n\u0131n yetkin kaleminden \u00e7\u0131kan ne\u015feli ve e\u011flenceli \u015fiirlerin, Beg\u00fcm KARCI\u2019n\u0131n harika resimleriyle daha da keyifli h\u00e2le geldi\u011fi, her sayfas\u0131 renkli ve resimli \u201cAY\u2019A G\u0130DEN \u00c7OCUK\u201dun, minik yavrular\u0131m\u0131z\u0131n ba\u015f ucu kitab\u0131 olaca\u011f\u0131na \u015f\u00fcphemiz yok.   \u015e\u0130\u0130R G\u0130B\u0130 \u00c7OCUKLARIMIZA, \u00c7OCUKLAR G\u0130B\u0130 \u015e\u0130\u0130RLER SUNUYOR, \u201cAY\u2019A G\u0130DEN \u00c7OCUK\u201d.    <\/p>\n","protected":false},"excerpt":{"rendered":"<p>\u015e\u0130\u0130R G\u0130B\u0130 B\u0130R HAYAT YA\u015eAMALARINI G\u00d6N\u00dcLDEN \u0130STED\u0130\u011e\u0130M\u0130Z \u00c7OCUKLARIMIZA \u015e\u0130\u0130R\u0130 SEVD\u0130RECEK B\u0130R K\u0130TAPLA KAR\u015eINIZDAYIZ: \u201cAY\u2019A G\u0130DEN \u00c7OCUK\u201d K\u00fclt\u00fcr ve Turizm Bakanl\u0131\u011f\u0131 taraf\u0131ndan k\u00fct\u00fcphaneler i\u00e7in sat\u0131n al\u0131nan kitaplar<span class=\"excerpt-hellip\"> [\u2026]<\/span><\/p>\n","protected":false},"featured_media":0,"template":"","meta":{"_monsterinsights_skip_tracking":false,"_monsterinsights_sitenote_active":false,"_monsterinsights_sitenote_note":"","_monsterinsights_sitenote_category":0},"product_brand":[],"product_cat":[141304],"product_tag":[],"class_list":{"0":"post-775393","1":"product","2":"type-product","3":"status-publish","5":"product_cat-yeni-cikanlar","6":"pa_cilt-ciltsiz","7":"pa_tur-kitap","8":"pa_yayinevi-kaptan-kitap","9":"pa_yazar-hakan-karci","11":"first","12":"instock","13":"sale","14":"shipping-taxable","15":"purchasable","16":"product-type-simple"},"_links":{"self":[{"href":"https:\/\/roveyayinevi.com.tr\/index.php\/wp-json\/wp\/v2\/product\/775393","targetHints":{"allow":["GET"]}}],"collection":[{"href":"https:\/\/roveyayinevi.com.tr\/index.php\/wp-json\/wp\/v2\/product"}],"about":[{"href":"https:\/\/roveyayinevi.com.tr\/index.php\/wp-json\/wp\/v2\/types\/product"}],"wp:attachment":[{"href":"https:\/\/roveyayinevi.com.tr\/index.php\/wp-json\/wp\/v2\/media?parent=775393"}],"wp:term":[{"taxonomy":"product_brand","embeddable":true,"href":"https:\/\/roveyayinevi.com.tr\/index.php\/wp-json\/wp\/v2\/product_brand?post=775393"},{"taxonomy":"product_cat","embeddable":true,"href":"https:\/\/roveyayinevi.com.tr\/index.php\/wp-json\/wp\/v2\/product_cat?post=775393"},{"taxonomy":"product_tag","embeddable":true,"href":"https:\/\/roveyayinevi.com.tr\/index.php\/wp-json\/wp\/v2\/product_tag?post=775393"}],"curies":[{"name":"wp","href":"https:\/\/api.w.org\/{rel}","templated":true}]}}