{"id":775392,"date":"2025-09-09T18:41:47","date_gmt":"2025-09-09T15:41:47","guid":{"rendered":"https:\/\/roveyayinevi.com.tr\/index.php\/urun\/bilim-2\/"},"modified":"2026-04-13T03:37:22","modified_gmt":"2026-04-13T00:37:22","slug":"bilim-2","status":"publish","type":"product","link":"https:\/\/roveyayinevi.com.tr\/index.php\/urun\/bilim-2\/","title":{"rendered":"Bilim"},"content":{"rendered":"<p>Bilim insan\u0131n do\u011fay\u0131, d\u0131\u015f d\u00fcnyadaki olgular\u0131 deneysel y\u00f6ntemlerle neden-sonu\u00e7 ba\u011f\u0131nt\u0131s\u0131na uygun olarak anlama \u00e7abas\u0131d\u0131r. Bilim insan\u0131n gereksinimleri sonucunda \u015fekillenmi\u015f, merak duygusuyla geli\u015fmi\u015ftir. \u0130nsan, tar\u0131ma dayal\u0131 gereksinimler sonucunda aritmeti\u011fi, geometriyi kullanm\u0131\u015f, g\u00f6ky\u00fcz\u00fcn\u00fc izleyerek takvim bilgisine ula\u015fm\u0131\u015ft\u0131r. Ancak sadece gereksinim bilimi a\u00e7\u0131klamaya yetmez. \u0130nsan olarak nereden gelip nereye gitti\u011fimizi de merak ederiz. G\u00fcn\u00fcm\u00fczde evreni ve kendimizi anlamaya \u00e7al\u0131\u015f\u0131yor, B\u00fcy\u00fck Patlama Kuram\u0131, Evrim Kuram\u0131 gibi kuramlar\u0131 tart\u0131\u015f\u0131yor, maddenin temelini ara\u015ft\u0131r\u0131yor ve evrenin temel yap\u0131lar\u0131 \u00fczerine kuramlar \u00fcretiyoruz. Bilimsel bilgi, evreni, d\u00fcnyay\u0131, toplumu, kendimizi ve ya\u015fant\u0131m\u0131z\u0131 sorgulamaya ve anlamaya, ya\u015fant\u0131m\u0131za belli bir d\u00fczen ve istikrar getirmenin yollar\u0131n\u0131 aramaya ve ya\u015fam\u0131m\u0131z\u0131 kolayla\u015ft\u0131rmaya y\u00f6nelik soyut ve pratik y\u00f6ntemleri i\u00e7erir. Bilimin y\u00f6ntemi deneyseldir. Olgulara ili\u015fkin veriler deney ve g\u00f6zlemle denetlenir ve t\u00fcme var\u0131msal bir s\u00fcre\u00e7le genel ge\u00e7er \u00f6nermelere ula\u015f\u0131l\u0131r. Ula\u015f\u0131lan genel ge\u00e7er \u00f6nermeler t\u00fcm dengelimsel y\u00f6ntemle tekrar deneye ve g\u00f6zleme tabi tutulur. Elinizdeki kitap bilimi ve y\u00f6ntemini, bilimin nas\u0131l bir etkinlik oldu\u011funu ele almaktad\u0131r. Bilimsel y\u00f6ntemin temel kavramlar\u0131 bilim tarihinden \u00f6rneklerle a\u00e7\u0131klanmaya \u00e7al\u0131\u015f\u0131lm\u0131\u015ft\u0131r. Di\u011fer taraftan bilimsel y\u00f6ntemin tarihsel arka plan\u0131 ele al\u0131nm\u0131\u015f ve bilimin yap\u0131s\u0131na ili\u015fkin farkl\u0131 g\u00f6r\u00fc\u015flere de yer verilmi\u015ftir. <\/p>\n","protected":false},"excerpt":{"rendered":"<p>Bilim insan\u0131n do\u011fay\u0131, d\u0131\u015f d\u00fcnyadaki olgular\u0131 deneysel y\u00f6ntemlerle neden-sonu\u00e7 ba\u011f\u0131nt\u0131s\u0131na uygun olarak anlama \u00e7abas\u0131d\u0131r. Bilim insan\u0131n gereksinimleri sonucunda \u015fekillenmi\u015f, merak duygusuyla geli\u015fmi\u015ftir. \u0130nsan, tar\u0131ma dayal\u0131 gereksinimler<span class=\"excerpt-hellip\"> [\u2026]<\/span><\/p>\n","protected":false},"featured_media":0,"template":"","meta":{"_monsterinsights_skip_tracking":false,"_monsterinsights_sitenote_active":false,"_monsterinsights_sitenote_note":"","_monsterinsights_sitenote_category":0},"product_brand":[],"product_cat":[13005,15998],"product_tag":[],"class_list":{"0":"post-775392","1":"product","2":"type-product","3":"status-publish","5":"product_cat-bilim-muhendislik","6":"product_cat-bilim-tarihi","7":"pa_cilt-ciltsiz","8":"pa_tur-kitap","9":"pa_yayinevi-say-yayinlari","10":"pa_yazar-yavuz-unat","12":"first","13":"instock","14":"sale","15":"shipping-taxable","16":"purchasable","17":"product-type-simple"},"_links":{"self":[{"href":"https:\/\/roveyayinevi.com.tr\/index.php\/wp-json\/wp\/v2\/product\/775392","targetHints":{"allow":["GET"]}}],"collection":[{"href":"https:\/\/roveyayinevi.com.tr\/index.php\/wp-json\/wp\/v2\/product"}],"about":[{"href":"https:\/\/roveyayinevi.com.tr\/index.php\/wp-json\/wp\/v2\/types\/product"}],"wp:attachment":[{"href":"https:\/\/roveyayinevi.com.tr\/index.php\/wp-json\/wp\/v2\/media?parent=775392"}],"wp:term":[{"taxonomy":"product_brand","embeddable":true,"href":"https:\/\/roveyayinevi.com.tr\/index.php\/wp-json\/wp\/v2\/product_brand?post=775392"},{"taxonomy":"product_cat","embeddable":true,"href":"https:\/\/roveyayinevi.com.tr\/index.php\/wp-json\/wp\/v2\/product_cat?post=775392"},{"taxonomy":"product_tag","embeddable":true,"href":"https:\/\/roveyayinevi.com.tr\/index.php\/wp-json\/wp\/v2\/product_tag?post=775392"}],"curies":[{"name":"wp","href":"https:\/\/api.w.org\/{rel}","templated":true}]}}