{"id":775391,"date":"2025-09-09T18:41:44","date_gmt":"2025-09-09T15:41:44","guid":{"rendered":"https:\/\/roveyayinevi.com.tr\/index.php\/urun\/dun-korkusu\/"},"modified":"2026-04-12T03:32:34","modified_gmt":"2026-04-12T00:32:34","slug":"dun-korkusu","status":"publish","type":"product","link":"https:\/\/roveyayinevi.com.tr\/index.php\/urun\/dun-korkusu\/","title":{"rendered":"D\u00fcn Korkusu"},"content":{"rendered":"<p>\u0130sa\u2019n\u0131n \u00fcvey karde\u015fiydim\u2026   Annem gelip beni yuvadan ald\u0131\u011f\u0131nda benim Tanr\u0131lar\u0131m, krallar\u0131m, akreplerim vard\u0131. Annemin sakall\u0131 misafirleri, \u201cAfiyet olsun\u201d \u015fekerleri. Bir de p\u00fcsk\u00fcllerin kanepelerden duvarlara kadar yay\u0131ld\u0131\u011f\u0131, meleklerin yuva yapt\u0131\u011f\u0131 bir oda. Bu odaya hi\u00e7 sokmad\u0131 beni. Ben de ona \u201cakreplerimi\u201d hi\u00e7 anlatmad\u0131m. \u00c7al\u0131\u015ft\u0131\u011f\u0131 gazinolarda ad\u0131na \u201cda\u011flar k\u0131z\u0131 Reyhan!\u201d derlermi\u015f. \u00d6nceleri \u00e7ok \u015feyi gizli tutmaya \u00e7al\u0131\u015ft\u0131. Sonra utanmamay\u0131 \u00f6\u011frendik.   Bu sa\u00e7lar\u0131ndan s\u00fcr\u00fcklenen kad\u0131n annem olur. Annesini b\u00f6yle abart\u0131lm\u0131\u015f foto\u011fraflarla hat\u0131rlayan bir \u00e7ocuk b\u00fcy\u00fcy\u00fcnce ne olur? Bu soruyu biraz sonra sosyal uzman bilgi\u00e7li\u011fiyle bir polis cevaplay\u0131verdi. \u201c\u015eu \u00e7ocu\u011fa bak\u201d dedi, \u201cYar\u0131n\u0131n serserisi, f\u0131rlamas\u0131, annesini b\u00f6yle g\u00f6ren bir \u00e7ocuktan ne olur, f\u0131rlama olur, it olur, ibne olur, pezevenk olur\u201d deyip sobas\u0131n\u0131n ba\u015f\u0131nda ellerini ovu\u015fturup, ba\u015f\u0131n\u0131 tekrar gazetesine \u00e7evirdi. Toplayal\u0131m, \u201c\u0130t, ibne, serseri, pezevenk, f\u0131rlama\u201d m\u00fcthi\u015f bir \u00f6ng\u00f6r\u00fc\u2026   \u2026 Bo\u015flar\u0131 almaya gitti\u011fimde elinde Ece Ayhan\u2019\u0131n kitab\u0131 olan k\u0131z\u0131n kula\u011f\u0131na e\u011filerek \u201cMavera\u00fcnnehir nereye d\u00f6k\u00fcl\u00fcr\u201d dedim, k\u0131z \u015fa\u015f\u0131rd\u0131 ve aptal bir ifadeyle y\u00fcz\u00fcme bakt\u0131. \u201cUtanm\u0131yor musun lan laf atmaya\u201d dediler. Yakamdan tutup g\u00f6\u011fs\u00fcme bir yumruk ge\u00e7irdi. \u201cBu bir \u015fiir arkada\u015f\u0131m, devlet dersinde \u00f6ld\u00fcr\u00fclen \u00e7ocu\u011fun \u015fiiri!\u201d <\/p>\n","protected":false},"excerpt":{"rendered":"<p>\u0130sa\u2019n\u0131n \u00fcvey karde\u015fiydim\u2026 Annem gelip beni yuvadan ald\u0131\u011f\u0131nda benim Tanr\u0131lar\u0131m, krallar\u0131m, akreplerim vard\u0131. Annemin sakall\u0131 misafirleri, \u201cAfiyet olsun\u201d \u015fekerleri. Bir de p\u00fcsk\u00fcllerin kanepelerden duvarlara kadar yay\u0131ld\u0131\u011f\u0131,<span class=\"excerpt-hellip\"> [\u2026]<\/span><\/p>\n","protected":false},"featured_media":0,"template":"","meta":{"_monsterinsights_skip_tracking":false,"_monsterinsights_sitenote_active":false,"_monsterinsights_sitenote_note":"","_monsterinsights_sitenote_category":0},"product_brand":[],"product_cat":[12291,12711],"product_tag":[],"class_list":{"0":"post-775391","1":"product","2":"type-product","3":"status-publish","5":"product_cat-edebiyat","6":"product_cat-roman-oyku","7":"pa_cilt-ciltsiz","8":"pa_tur-kitap","9":"pa_yayinevi-pankus-yayinlari","10":"pa_yazar-nihat-genc","12":"first","13":"instock","14":"sale","15":"shipping-taxable","16":"purchasable","17":"product-type-simple"},"_links":{"self":[{"href":"https:\/\/roveyayinevi.com.tr\/index.php\/wp-json\/wp\/v2\/product\/775391","targetHints":{"allow":["GET"]}}],"collection":[{"href":"https:\/\/roveyayinevi.com.tr\/index.php\/wp-json\/wp\/v2\/product"}],"about":[{"href":"https:\/\/roveyayinevi.com.tr\/index.php\/wp-json\/wp\/v2\/types\/product"}],"wp:attachment":[{"href":"https:\/\/roveyayinevi.com.tr\/index.php\/wp-json\/wp\/v2\/media?parent=775391"}],"wp:term":[{"taxonomy":"product_brand","embeddable":true,"href":"https:\/\/roveyayinevi.com.tr\/index.php\/wp-json\/wp\/v2\/product_brand?post=775391"},{"taxonomy":"product_cat","embeddable":true,"href":"https:\/\/roveyayinevi.com.tr\/index.php\/wp-json\/wp\/v2\/product_cat?post=775391"},{"taxonomy":"product_tag","embeddable":true,"href":"https:\/\/roveyayinevi.com.tr\/index.php\/wp-json\/wp\/v2\/product_tag?post=775391"}],"curies":[{"name":"wp","href":"https:\/\/api.w.org\/{rel}","templated":true}]}}