{"id":775390,"date":"2025-09-09T18:41:43","date_gmt":"2025-09-09T15:41:43","guid":{"rendered":"https:\/\/roveyayinevi.com.tr\/index.php\/urun\/asik-filozoflar\/"},"modified":"2026-04-15T03:42:28","modified_gmt":"2026-04-15T00:42:28","slug":"asik-filozoflar","status":"publish","type":"product","link":"https:\/\/roveyayinevi.com.tr\/index.php\/urun\/asik-filozoflar\/","title":{"rendered":"A\u015f\u0131k Filozoflar"},"content":{"rendered":"<p>Kant ideal kad\u0131na \u00e2\u015f\u0131k oldu ama asla evlenmedi. Nietzsche reddedildi; a\u015fk\u0131 trajediye, trajediyi ise felsefeye \u00e7evirdi. Hegel yasak bir a\u015fktan do\u011fan sonu\u00e7lar\u0131 g\u00f6rmezden geldi, tinle yapt\u0131\u011f\u0131 anla\u015fmaya ihanet etti. Heidegger, Arendt\u2019e varl\u0131k kadar karma\u015f\u0131k bir a\u015fk sundu. Sartre ve Beauvoir a\u015fk\u0131 bir \u201canla\u015fma\u201dya d\u00f6n\u00fc\u015ft\u00fcrd\u00fc. Foucault arzunun s\u0131n\u0131rlar\u0131n\u0131 zorlad\u0131. Derrida ise a\u015fk\u0131 bile yap\u0131 bozuma u\u011fratt\u0131.   \u00c2\u015f\u0131k Filozoflar, yedi b\u00fcy\u00fck d\u00fc\u015f\u00fcn\u00fcr\u00fcn \u00f6zel hayat\u0131n\u0131 duygusal k\u0131r\u0131lganl\u0131klar ve etik \u00e7\u0131kmazlar e\u015fli\u011finde incelerken, bu ki\u015fisel deneyimlerin felsefi sistemlerine nas\u0131l n\u00fcfuz etti\u011fini g\u00f6zler \u00f6n\u00fcne seriyor. Yazar Warren Ward, a\u015fk\u0131 sadece bireysel bir mesele de\u011fil, d\u00fc\u015f\u00fcnsel bir g\u00fc\u00e7 kayna\u011f\u0131 olarak ele al\u0131yor; a\u015fk\u0131n, Kant\u2019\u0131n epistemolojisinden, Foucault\u2019nun beden politikas\u0131na, Sartre\u2019\u0131n varolu\u015f\u00e7ulu\u011fundan Derrida\u2019n\u0131n metinler aras\u0131 ili\u015fkilerine kadar uzanan etkisini ustal\u0131kla analiz ediyor. <\/p>\n","protected":false},"excerpt":{"rendered":"<p>Kant ideal kad\u0131na \u00e2\u015f\u0131k oldu ama asla evlenmedi. Nietzsche reddedildi; a\u015fk\u0131 trajediye, trajediyi ise felsefeye \u00e7evirdi. Hegel yasak bir a\u015fktan do\u011fan sonu\u00e7lar\u0131 g\u00f6rmezden geldi, tinle yapt\u0131\u011f\u0131<span class=\"excerpt-hellip\"> [\u2026]<\/span><\/p>\n","protected":false},"featured_media":0,"template":"","meta":{"_monsterinsights_skip_tracking":false,"_monsterinsights_sitenote_active":false,"_monsterinsights_sitenote_note":"","_monsterinsights_sitenote_category":0},"product_brand":[],"product_cat":[16038,12388],"product_tag":[],"class_list":{"0":"post-775390","1":"product","2":"type-product","3":"status-publish","5":"product_cat-arastirma-inceleme-referans-felsefe","6":"product_cat-felsefe","7":"pa_cilt-ciltsiz","8":"pa_tur-kitap","9":"pa_yayinevi-say-yayinlari","10":"pa_yazar-warren-ward","12":"first","13":"instock","14":"sale","15":"shipping-taxable","16":"purchasable","17":"product-type-simple"},"_links":{"self":[{"href":"https:\/\/roveyayinevi.com.tr\/index.php\/wp-json\/wp\/v2\/product\/775390","targetHints":{"allow":["GET"]}}],"collection":[{"href":"https:\/\/roveyayinevi.com.tr\/index.php\/wp-json\/wp\/v2\/product"}],"about":[{"href":"https:\/\/roveyayinevi.com.tr\/index.php\/wp-json\/wp\/v2\/types\/product"}],"wp:attachment":[{"href":"https:\/\/roveyayinevi.com.tr\/index.php\/wp-json\/wp\/v2\/media?parent=775390"}],"wp:term":[{"taxonomy":"product_brand","embeddable":true,"href":"https:\/\/roveyayinevi.com.tr\/index.php\/wp-json\/wp\/v2\/product_brand?post=775390"},{"taxonomy":"product_cat","embeddable":true,"href":"https:\/\/roveyayinevi.com.tr\/index.php\/wp-json\/wp\/v2\/product_cat?post=775390"},{"taxonomy":"product_tag","embeddable":true,"href":"https:\/\/roveyayinevi.com.tr\/index.php\/wp-json\/wp\/v2\/product_tag?post=775390"}],"curies":[{"name":"wp","href":"https:\/\/api.w.org\/{rel}","templated":true}]}}